{"id":262252,"date":"2024-01-03T23:57:28","date_gmt":"2024-01-03T22:57:28","guid":{"rendered":"https:\/\/www.moskito.cz\/produkt\/zatvaraci-noz-spyderco-roadie-c189pbn\/"},"modified":"2025-05-07T10:55:03","modified_gmt":"2025-05-07T09:55:03","slug":"zatvaraci-noz-spyderco-roadie-c189pbn","status":"publish","type":"product","link":"https:\/\/www.moskito.cz\/sk\/produkt\/zatvaraci-noz-spyderco-roadie-c189pbn\/","title":{"rendered":"Zatv\u00e1rac\u00ed N\u00f4\u017e Spyderco Roadie C189PBN"},"content":{"rendered":"<p>Zatv\u00e1rac\u00ed N\u00f4\u017e Spyderco Roadie C189PBN<\/p>\n<p>Na za\u010diatku roku 2013 ozn\u00e1mila spr\u00e1va bezpe\u010dnosti dopravy pl\u00e1n znovu povoli\u0165 no\u017ee v lietadl\u00e1ch. Napriek tomu, \u017ee bol pl\u00e1n nesk\u00f4r stiahnut\u00fd, Spyderco na to bolo pripraven\u00e9 s unik\u00e1tnym nezamykate\u013en\u00fdm dizajnom nazvan\u00fdm Roadie.<\/p>\n<p>Celoplo\u0161ne br\u00fasen\u00e1 \u010depe\u013e v \u0161t\u00fdle ov\u010dej nohy m\u00e1 nov\u00fd \u201eDouble Dent\u201c pre \u013eahk\u00e9 otv\u00e1ranie oboma rukami bez nechtov. Vylep\u0161en\u00fd mechanizmus vr\u00fabkovan\u00e9ho k\u013abu dr\u017e\u00ed \u010depe\u013e po\u010das pou\u017e\u00edvania otvoren\u00fa a je podlo\u017een\u00e1 jemn\u00fdm ukazov\u00e1kom, aby sa zabr\u00e1nilo n\u00e1hodn\u00e9mu zatvoreniu. Tvarovan\u00e9 stupnice z nylonu vystu\u017een\u00e9ho sklen\u00fdm vl\u00e1knom (FRN) a strategicky umiestnen\u00e9 dr\u00e1\u017eky na chrbte a chrbte poskytuj\u00fa pohodln\u00fa ergon\u00f3miu, ktor\u00e1 tomuto no\u017eu umo\u017e\u0148uje v\u00fdkon \u010faleko za jeho ve\u013ekos\u0165. Zaiste nastavuje nov\u00fd \u0161tandard v modern\u00fdch vreckov\u00fdch no\u017eoch, Roadie je k dispoz\u00edcii v r\u00f4znych farebn\u00fdch variantoch.<\/p>\n<p>\u0160pecifik\u00e1cia:<br \/>\nUzavret\u00e9: 7.6 cm<br \/>\nCelkov\u00e1: 12.9 cm<br \/>\n\u010cepe\u013e: 5.3 cm<br \/>\nHr\u00fabka: 0,29 cm<br \/>\nOce\u013e \u010depele: N690Co<br \/>\nBr\u00fasenie: Plne ploch\u00e9<br \/>\nMateri\u00e1l rukov\u00e4te: Roadie Brown<br \/>\nHmotnos\u0165: 1,0 oz. (28 g)<br \/>\nVyroben\u00e9 v Taliansku<\/p>\n","protected":false},"excerpt":{"rendered":"<p>Na za\u010diatku roku 2013 ozn\u00e1mila spr\u00e1va bezpe\u010dnosti dopravy pl\u00e1n znovu povoli\u0165 no\u017ee v lietadl\u00e1ch. Napriek tomu, \u017ee bol pl\u00e1n nesk\u00f4r stiahnut\u00fd, Spyderco na to bolo pripraven\u00e9 s unik\u00e1tnym nezamykate\u013en\u00fdm dizajnom nazvan\u00fdm Roadie.<\/p>\n","protected":false},"featured_media":262241,"comment_status":"open","ping_status":"closed","template":"","meta":[],"pwb-brand":[3261],"product_brand":[],"product_cat":[3186,3233],"product_tag":[3668],"class_list":{"0":"post-262252","1":"product","2":"type-product","3":"status-publish","4":"has-post-thumbnail","6":"pwb-brand-zatvaraci-noz-spyderco-endura-flat-ground-gray-frn-c10fpgy","7":"product_cat-noze-sk","8":"product_cat-zatvaracie-noze","9":"product_tag-b2b-sk","11":"first","12":"instock","13":"taxable","14":"shipping-taxable","15":"purchasable","16":"product-type-simple"},"brands":[{"id":3261,"name":"Zatv\u00e1rac\u00ed N\u00f4\u017e Spyderco Endura Flat Ground Gray FRN C10FPGY","slug":"zatvaraci-noz-spyderco-endura-flat-ground-gray-frn-c10fpgy"}],"_links":{"self":[{"href":"https:\/\/www.moskito.cz\/sk\/wp-json\/wp\/v2\/product\/262252","targetHints":{"allow":["GET"]}}],"collection":[{"href":"https:\/\/www.moskito.cz\/sk\/wp-json\/wp\/v2\/product"}],"about":[{"href":"https:\/\/www.moskito.cz\/sk\/wp-json\/wp\/v2\/types\/product"}],"replies":[{"embeddable":true,"href":"https:\/\/www.moskito.cz\/sk\/wp-json\/wp\/v2\/comments?post=262252"}],"wp:featuredmedia":[{"embeddable":true,"href":"https:\/\/www.moskito.cz\/sk\/wp-json\/wp\/v2\/media\/262241"}],"wp:attachment":[{"href":"https:\/\/www.moskito.cz\/sk\/wp-json\/wp\/v2\/media?parent=262252"}],"wp:term":[{"taxonomy":"pwb-brand","embeddable":true,"href":"https:\/\/www.moskito.cz\/sk\/wp-json\/wp\/v2\/pwb-brand?post=262252"},{"taxonomy":"product_brand","embeddable":true,"href":"https:\/\/www.moskito.cz\/sk\/wp-json\/wp\/v2\/product_brand?post=262252"},{"taxonomy":"product_cat","embeddable":true,"href":"https:\/\/www.moskito.cz\/sk\/wp-json\/wp\/v2\/product_cat?post=262252"},{"taxonomy":"product_tag","embeddable":true,"href":"https:\/\/www.moskito.cz\/sk\/wp-json\/wp\/v2\/product_tag?post=262252"}],"curies":[{"name":"wp","href":"https:\/\/api.w.org\/{rel}","templated":true}]}}