{"id":262267,"date":"2024-01-04T00:15:14","date_gmt":"2024-01-03T23:15:14","guid":{"rendered":"https:\/\/www.moskito.cz\/produkt\/suprava-vrhacich-nozov-spyderco-spyderthrowers-small-tk01sm\/"},"modified":"2025-05-07T10:55:04","modified_gmt":"2025-05-07T09:55:04","slug":"suprava-vrhacich-nozov-spyderco-spyderthrowers-small-tk01sm","status":"publish","type":"product","link":"https:\/\/www.moskito.cz\/sk\/produkt\/suprava-vrhacich-nozov-spyderco-spyderthrowers-small-tk01sm\/","title":{"rendered":"S\u00faprava Vrhac\u00edch No\u017eov Spyderco SpyderThrowers Small TK01SM"},"content":{"rendered":"<p>Spolo\u010dnos\u0165 Spyderco je nesmierne pocten\u00e1 a v\u010fa\u010dn\u00e1 za pr\u00edle\u017eitos\u0165 previes\u0165 \u00fa\u017easn\u00e9 zmije Haralda Moellera do rodiny vrhac\u00edch no\u017eov SpyderThrower. Priamym odrazom jeho v\u00fdnimo\u010dn\u00fdch no\u017eiarskych zru\u010dnost\u00ed a jeho ne\u00fanavn\u00e9ho ducha inov\u00e1ci\u00ed s\u00fa priekopn\u00edcke n\u00e1vrhy Moeller skuto\u010dne samy o sebe vo svojej triede.<\/p>\n<p>\u0160pecifik\u00e1cia:<br \/>\nD\u013a\u017eka ostrie hrany: 13.5 cm<br \/>\nCelkov\u00e1 d\u013a\u017eka: 22.9 cm<br \/>\nHr\u00fabka \u010depele: 0,55 cm<br \/>\nMateri\u00e1l: Nerezov\u00e1 oce\u013e 8Cr13MoV<br \/>\nPovrchov\u00e1 \u00faprava \u010depele: dvojfarebn\u00fd \u010dierny oxid a sat\u00e9n<br \/>\n\u0160t\u00fdl \u010depele: d\u00fdka<br \/>\nDizajn\u00e9r: Harald Moeller<br \/>\n\u010c\u00edslo modelu: TK01SM<br \/>\nN\u00e1zov modelu: SpyderThrowers Small<br \/>\nMateri\u00e1l puzdra: Ko\u017ea<br \/>\nHmotnos\u0165: 7,1 oz. (201 g)<\/p>\n","protected":false},"excerpt":{"rendered":"<p>Rad vrhac\u00edch no\u017eov Spyderco SpyderThrower m\u00e1 dlh\u00fa, fascinuj\u00facu hist\u00f3riu, ktor\u00e1 za\u010dala u mu\u017ea menom Harald Moeller.<\/p>\n","protected":false},"featured_media":262256,"comment_status":"open","ping_status":"closed","template":"","meta":[],"pwb-brand":[3261],"product_brand":[],"product_cat":[3186,3541],"product_tag":[3668],"class_list":{"0":"post-262267","1":"product","2":"type-product","3":"status-publish","4":"has-post-thumbnail","6":"pwb-brand-zatvaraci-noz-spyderco-endura-flat-ground-gray-frn-c10fpgy","7":"product_cat-noze-sk","8":"product_cat-vrhacie-noze","9":"product_tag-b2b-sk","11":"first","12":"outofstock","13":"taxable","14":"shipping-taxable","15":"purchasable","16":"product-type-simple"},"brands":[{"id":3261,"name":"Zatv\u00e1rac\u00ed N\u00f4\u017e Spyderco Endura Flat Ground Gray FRN C10FPGY","slug":"zatvaraci-noz-spyderco-endura-flat-ground-gray-frn-c10fpgy"}],"_links":{"self":[{"href":"https:\/\/www.moskito.cz\/sk\/wp-json\/wp\/v2\/product\/262267","targetHints":{"allow":["GET"]}}],"collection":[{"href":"https:\/\/www.moskito.cz\/sk\/wp-json\/wp\/v2\/product"}],"about":[{"href":"https:\/\/www.moskito.cz\/sk\/wp-json\/wp\/v2\/types\/product"}],"replies":[{"embeddable":true,"href":"https:\/\/www.moskito.cz\/sk\/wp-json\/wp\/v2\/comments?post=262267"}],"wp:featuredmedia":[{"embeddable":true,"href":"https:\/\/www.moskito.cz\/sk\/wp-json\/wp\/v2\/media\/262256"}],"wp:attachment":[{"href":"https:\/\/www.moskito.cz\/sk\/wp-json\/wp\/v2\/media?parent=262267"}],"wp:term":[{"taxonomy":"pwb-brand","embeddable":true,"href":"https:\/\/www.moskito.cz\/sk\/wp-json\/wp\/v2\/pwb-brand?post=262267"},{"taxonomy":"product_brand","embeddable":true,"href":"https:\/\/www.moskito.cz\/sk\/wp-json\/wp\/v2\/product_brand?post=262267"},{"taxonomy":"product_cat","embeddable":true,"href":"https:\/\/www.moskito.cz\/sk\/wp-json\/wp\/v2\/product_cat?post=262267"},{"taxonomy":"product_tag","embeddable":true,"href":"https:\/\/www.moskito.cz\/sk\/wp-json\/wp\/v2\/product_tag?post=262267"}],"curies":[{"name":"wp","href":"https:\/\/api.w.org\/{rel}","templated":true}]}}