{"id":263712,"date":"2024-01-18T09:39:43","date_gmt":"2024-01-18T08:39:43","guid":{"rendered":"https:\/\/www.moskito.cz\/?post_type=product&#038;p=263712"},"modified":"2026-03-31T13:02:38","modified_gmt":"2026-03-31T12:02:38","slug":"pevny-nuz-buck-pathfinder-bu-0105bks","status":"publish","type":"product","link":"https:\/\/www.moskito.cz\/sk\/produkt\/pevny-nuz-buck-pathfinder-bu-0105bks\/","title":{"rendered":"Pevn\u00fd N\u016f\u017e BUCK Pathfinder BU-0105BKS"},"content":{"rendered":"<p>Pevn\u00fd N\u016f\u017e <strong>BUCK<\/strong> Pathfinder BU-0105BKS<\/p>\n<p>Odoln\u00fd, univerz\u00e1ln\u00ed n\u016f\u017e pro outdoorov\u00e9 pou\u017eit\u00ed. Ide\u00e1ln\u00ed pro ty, kte\u0159\u00ed pot\u0159ebuj\u00ed odoln\u00fd n\u016f\u017e pro pr\u00e1ci v t\u00e1bo\u0159e i divo\u010din\u011b.<\/p>\n<p>\u010cepel je vyrobena z nerezav\u011bj\u00edc\u00ed oceli 420HC. Tvarovan\u00e1 rukoje\u0165 je vyrobena z fenolu. Je zakon\u010dena kovovou z\u00e1\u0161titou a hlavic\u00ed.<\/p>\n<p>K no\u017ei se dod\u00e1v\u00e1 kvalitn\u00ed ko\u017een\u00e9 pouzdro.<\/p>\n<p>Materi\u00e1l \u010depele: 420HC<br \/>\nMateri\u00e1l rukojeti: fenol<br \/>\nMateri\u00e1l pouzdra: Ko\u017een\u00e9<br \/>\nD\u00e9lka \u010depele: 12.7 cm<br \/>\nCelkov\u00e1 d\u00e9lka: 23.2 cm<br \/>\nHmotnost: 127 g<br \/>\nTyp \u010depele: Clip Point<br \/>\nVyu\u017eit\u00ed: Loveck\u00fd, Kempinkov\u00e9, Bushcraft<\/p>\n","protected":false},"excerpt":{"rendered":"<p><strong>Odoln\u00fd, univerz\u00e1ln\u00ed n\u016f\u017e pro outdoorov\u00e9 pou\u017eit\u00ed.<\/strong><\/p>\n","protected":false},"featured_media":263716,"comment_status":"open","ping_status":"closed","template":"","meta":[],"pwb-brand":[159],"product_brand":[],"product_cat":[23,17],"product_tag":[],"class_list":{"0":"post-263712","1":"product","2":"type-product","3":"status-publish","4":"has-post-thumbnail","6":"pwb-brand-buck","7":"product_cat-pevne-noze","8":"product_cat-noze","10":"first","11":"instock","12":"taxable","13":"shipping-taxable","14":"purchasable","15":"product-type-simple"},"brands":[{"id":159,"name":"Buck","slug":"buck"}],"_links":{"self":[{"href":"https:\/\/www.moskito.cz\/sk\/wp-json\/wp\/v2\/product\/263712","targetHints":{"allow":["GET"]}}],"collection":[{"href":"https:\/\/www.moskito.cz\/sk\/wp-json\/wp\/v2\/product"}],"about":[{"href":"https:\/\/www.moskito.cz\/sk\/wp-json\/wp\/v2\/types\/product"}],"replies":[{"embeddable":true,"href":"https:\/\/www.moskito.cz\/sk\/wp-json\/wp\/v2\/comments?post=263712"}],"wp:featuredmedia":[{"embeddable":true,"href":"https:\/\/www.moskito.cz\/sk\/wp-json\/wp\/v2\/media\/263716"}],"wp:attachment":[{"href":"https:\/\/www.moskito.cz\/sk\/wp-json\/wp\/v2\/media?parent=263712"}],"wp:term":[{"taxonomy":"pwb-brand","embeddable":true,"href":"https:\/\/www.moskito.cz\/sk\/wp-json\/wp\/v2\/pwb-brand?post=263712"},{"taxonomy":"product_brand","embeddable":true,"href":"https:\/\/www.moskito.cz\/sk\/wp-json\/wp\/v2\/product_brand?post=263712"},{"taxonomy":"product_cat","embeddable":true,"href":"https:\/\/www.moskito.cz\/sk\/wp-json\/wp\/v2\/product_cat?post=263712"},{"taxonomy":"product_tag","embeddable":true,"href":"https:\/\/www.moskito.cz\/sk\/wp-json\/wp\/v2\/product_tag?post=263712"}],"curies":[{"name":"wp","href":"https:\/\/api.w.org\/{rel}","templated":true}]}}