{"id":264442,"date":"2024-02-02T17:05:24","date_gmt":"2024-02-05T09:22:25","guid":{"rendered":"https:\/\/www.moskito.cz\/produkt\/noz-santoku-7-178mm-dellinger-classic-sandal-wood\/"},"modified":"2025-05-07T10:55:06","modified_gmt":"2025-05-07T09:55:06","slug":"noz-santoku-7-178mm-dellinger-classic-sandal-wood","status":"publish","type":"product","link":"https:\/\/www.moskito.cz\/sk\/produkt\/noz-santoku-7-178mm-dellinger-classic-sandal-wood\/","title":{"rendered":"n\u00f4\u017e Santoku 7&#8243; (178mm) Dellinger CLASSIC Sandal Wood"},"content":{"rendered":"<p>Santoku 7&#8243; Dellinger CLASSIC Sandal Wood &amp; kuch\u00e1rsky n\u00f4\u017e na zeleninu &amp; n\u00f4\u017e \u0161\u00e9fkuch\u00e1ra &amp; nemeck\u00e1 oce\u013e DIN 1.4116 &amp; z\u00e1padn\u00e1 rukov\u00e4\u0165 zo santalov\u00e9ho dreva &amp; d\u013a\u017eka \u010depele 178 mm &amp; uhol br\u00fasenia 15 stup\u0148ov<\/p>\n","protected":false},"excerpt":{"rendered":"<p>Santoku 7&#8243; Dellinger CLASSIC Sandal Wood &amp; kuch\u00e1rsky n\u00f4\u017e na zeleninu &amp; n\u00f4\u017e \u0161\u00e9fkuch\u00e1ra &amp; nemeck\u00e1 oce\u013e DIN 1.4116 &amp; z\u00e1padn\u00e1 rukov\u00e4\u0165 zo santalov\u00e9ho dreva &amp; d\u013a\u017eka \u010depele 178 mm &amp; uhol br\u00fasenia 15 stup\u0148ov<\/p>\n","protected":false},"featured_media":0,"comment_status":"closed","ping_status":"open","template":"","meta":[],"pwb-brand":[],"product_brand":[],"product_cat":[3884],"product_tag":[],"class_list":{"0":"post-264442","1":"product","2":"type-product","3":"status-publish","5":"product_cat-korenie","7":"first","8":"instock","9":"purchasable","10":"product-type-simple"},"brands":[],"_links":{"self":[{"href":"https:\/\/www.moskito.cz\/sk\/wp-json\/wp\/v2\/product\/264442","targetHints":{"allow":["GET"]}}],"collection":[{"href":"https:\/\/www.moskito.cz\/sk\/wp-json\/wp\/v2\/product"}],"about":[{"href":"https:\/\/www.moskito.cz\/sk\/wp-json\/wp\/v2\/types\/product"}],"replies":[{"embeddable":true,"href":"https:\/\/www.moskito.cz\/sk\/wp-json\/wp\/v2\/comments?post=264442"}],"wp:attachment":[{"href":"https:\/\/www.moskito.cz\/sk\/wp-json\/wp\/v2\/media?parent=264442"}],"wp:term":[{"taxonomy":"pwb-brand","embeddable":true,"href":"https:\/\/www.moskito.cz\/sk\/wp-json\/wp\/v2\/pwb-brand?post=264442"},{"taxonomy":"product_brand","embeddable":true,"href":"https:\/\/www.moskito.cz\/sk\/wp-json\/wp\/v2\/product_brand?post=264442"},{"taxonomy":"product_cat","embeddable":true,"href":"https:\/\/www.moskito.cz\/sk\/wp-json\/wp\/v2\/product_cat?post=264442"},{"taxonomy":"product_tag","embeddable":true,"href":"https:\/\/www.moskito.cz\/sk\/wp-json\/wp\/v2\/product_tag?post=264442"}],"curies":[{"name":"wp","href":"https:\/\/api.w.org\/{rel}","templated":true}]}}