{"id":264461,"date":"2024-01-27T17:06:00","date_gmt":"2024-02-05T09:41:43","guid":{"rendered":"https:\/\/www.moskito.cz\/produkt\/bazar-lovecky-zatvaraci-damaskovy-noz-dellinger-ragnhild-clip\/"},"modified":"2025-05-07T10:55:07","modified_gmt":"2025-05-07T09:55:07","slug":"bazar-lovecky-zatvaraci-damaskovy-noz-dellinger-ragnhild-clip","status":"publish","type":"product","link":"https:\/\/www.moskito.cz\/sk\/produkt\/bazar-lovecky-zatvaraci-damaskovy-noz-dellinger-ragnhild-clip\/","title":{"rendered":"BAZAR &#8211; Loveck\u00fd zatv\u00e1rac\u00ed dama\u0161kov\u00fd n\u00f4\u017e Dellinger RAGNHILD Clip"},"content":{"rendered":"<p>BAZAR &#8211; k\u00fdva sa &#8211; Loveck\u00fd zatv\u00e1rac\u00ed dama\u0161kov\u00fd n\u00f4\u017e Dellinger RAGNHILD Clip vr\u00e1tane ko\u017een\u00e9ho puzdra<\/p>\n","protected":false},"excerpt":{"rendered":"<p>BAZAR &#8211; k\u00fdva sa &#8211; Loveck\u00fd zatv\u00e1rac\u00ed dama\u0161kov\u00fd n\u00f4\u017e Dellinger RAGNHILD Clip vr\u00e1tane ko\u017een\u00e9ho puzdra<\/p>\n","protected":false},"featured_media":0,"comment_status":"closed","ping_status":"open","template":"","meta":[],"pwb-brand":[],"product_brand":[],"product_cat":[3884],"product_tag":[],"class_list":{"0":"post-264461","1":"product","2":"type-product","3":"status-publish","5":"product_cat-korenie","7":"first","8":"outofstock","9":"purchasable","10":"product-type-simple"},"brands":[],"_links":{"self":[{"href":"https:\/\/www.moskito.cz\/sk\/wp-json\/wp\/v2\/product\/264461","targetHints":{"allow":["GET"]}}],"collection":[{"href":"https:\/\/www.moskito.cz\/sk\/wp-json\/wp\/v2\/product"}],"about":[{"href":"https:\/\/www.moskito.cz\/sk\/wp-json\/wp\/v2\/types\/product"}],"replies":[{"embeddable":true,"href":"https:\/\/www.moskito.cz\/sk\/wp-json\/wp\/v2\/comments?post=264461"}],"wp:attachment":[{"href":"https:\/\/www.moskito.cz\/sk\/wp-json\/wp\/v2\/media?parent=264461"}],"wp:term":[{"taxonomy":"pwb-brand","embeddable":true,"href":"https:\/\/www.moskito.cz\/sk\/wp-json\/wp\/v2\/pwb-brand?post=264461"},{"taxonomy":"product_brand","embeddable":true,"href":"https:\/\/www.moskito.cz\/sk\/wp-json\/wp\/v2\/product_brand?post=264461"},{"taxonomy":"product_cat","embeddable":true,"href":"https:\/\/www.moskito.cz\/sk\/wp-json\/wp\/v2\/product_cat?post=264461"},{"taxonomy":"product_tag","embeddable":true,"href":"https:\/\/www.moskito.cz\/sk\/wp-json\/wp\/v2\/product_tag?post=264461"}],"curies":[{"name":"wp","href":"https:\/\/api.w.org\/{rel}","templated":true}]}}