{"id":264468,"date":"2024-02-05T20:34:10","date_gmt":"2024-02-05T09:41:45","guid":{"rendered":"https:\/\/www.moskito.cz\/produkt\/noz-polovnicky-dellinger-waldmann-full-damascus-nr-5\/"},"modified":"2025-05-07T10:55:08","modified_gmt":"2025-05-07T09:55:08","slug":"noz-polovnicky-dellinger-waldmann-full-damascus-nr-5","status":"publish","type":"product","link":"https:\/\/www.moskito.cz\/sk\/produkt\/noz-polovnicky-dellinger-waldmann-full-damascus-nr-5\/","title":{"rendered":"n\u00f4\u017e po\u013eovn\u00edcky Dellinger Waldmann Full Damascus Nr.5"},"content":{"rendered":"<p>Loveck\u00fd n\u00f4\u017e Dellinger Waldmann Full Damascus &amp; 110 vrstiev dama\u0161kovej ocele (damascus steel) &amp; vr\u00e1tane ko\u017een\u00e9ho puzdra<\/p>\n","protected":false},"excerpt":{"rendered":"<p>Loveck\u00fd n\u00f4\u017e Dellinger Waldmann Full Damascus &amp; 110 vrstiev dama\u0161kovej ocele (damascus steel) &amp; vr\u00e1tane ko\u017een\u00e9ho puzdra<\/p>\n","protected":false},"featured_media":0,"comment_status":"closed","ping_status":"open","template":"","meta":[],"pwb-brand":[],"product_brand":[],"product_cat":[3884],"product_tag":[],"class_list":{"0":"post-264468","1":"product","2":"type-product","3":"status-publish","5":"product_cat-korenie","7":"first","8":"instock","9":"purchasable","10":"product-type-simple"},"brands":[],"_links":{"self":[{"href":"https:\/\/www.moskito.cz\/sk\/wp-json\/wp\/v2\/product\/264468","targetHints":{"allow":["GET"]}}],"collection":[{"href":"https:\/\/www.moskito.cz\/sk\/wp-json\/wp\/v2\/product"}],"about":[{"href":"https:\/\/www.moskito.cz\/sk\/wp-json\/wp\/v2\/types\/product"}],"replies":[{"embeddable":true,"href":"https:\/\/www.moskito.cz\/sk\/wp-json\/wp\/v2\/comments?post=264468"}],"wp:attachment":[{"href":"https:\/\/www.moskito.cz\/sk\/wp-json\/wp\/v2\/media?parent=264468"}],"wp:term":[{"taxonomy":"pwb-brand","embeddable":true,"href":"https:\/\/www.moskito.cz\/sk\/wp-json\/wp\/v2\/pwb-brand?post=264468"},{"taxonomy":"product_brand","embeddable":true,"href":"https:\/\/www.moskito.cz\/sk\/wp-json\/wp\/v2\/product_brand?post=264468"},{"taxonomy":"product_cat","embeddable":true,"href":"https:\/\/www.moskito.cz\/sk\/wp-json\/wp\/v2\/product_cat?post=264468"},{"taxonomy":"product_tag","embeddable":true,"href":"https:\/\/www.moskito.cz\/sk\/wp-json\/wp\/v2\/product_tag?post=264468"}],"curies":[{"name":"wp","href":"https:\/\/api.w.org\/{rel}","templated":true}]}}