{"id":264485,"date":"2024-01-27T17:05:42","date_gmt":"2024-02-05T09:41:50","guid":{"rendered":"https:\/\/www.moskito.cz\/produkt\/rost-kombinovany-nerezovy-s-pizza-kamenom-pre-18\/"},"modified":"2025-05-07T10:55:09","modified_gmt":"2025-05-07T09:55:09","slug":"rost-kombinovany-nerezovy-s-pizza-kamenom-pre-18","status":"publish","type":"product","link":"https:\/\/www.moskito.cz\/sk\/produkt\/rost-kombinovany-nerezovy-s-pizza-kamenom-pre-18\/","title":{"rendered":"ro\u0161t kombinovan\u00fd nerezov\u00fd s pizza kame\u0148om pre 18&#8243;"},"content":{"rendered":"<p>kombinovan\u00fd ro\u0161t &amp; dokonal\u00e1 regul\u00e1cia tepla vo vn\u00fatri grilu &amp; nerezov\u00e9 prevedenie &amp; priemer 38 cm &amp; vhodn\u00e9 pre grill 18&#8243;<\/p>\n","protected":false},"excerpt":{"rendered":"<p>kombinovan\u00fd ro\u0161t &amp; dokonal\u00e1 regul\u00e1cia tepla vo vn\u00fatri grilu &amp; nerezov\u00e9 prevedenie &amp; priemer 38 cm &amp; vhodn\u00e9 pre grill 18&#8243;<\/p>\n","protected":false},"featured_media":0,"comment_status":"closed","ping_status":"open","template":"","meta":[],"pwb-brand":[],"product_brand":[],"product_cat":[3884],"product_tag":[],"class_list":{"0":"post-264485","1":"product","2":"type-product","3":"status-publish","5":"product_cat-korenie","7":"first","8":"instock","9":"purchasable","10":"product-type-simple"},"brands":[],"_links":{"self":[{"href":"https:\/\/www.moskito.cz\/sk\/wp-json\/wp\/v2\/product\/264485","targetHints":{"allow":["GET"]}}],"collection":[{"href":"https:\/\/www.moskito.cz\/sk\/wp-json\/wp\/v2\/product"}],"about":[{"href":"https:\/\/www.moskito.cz\/sk\/wp-json\/wp\/v2\/types\/product"}],"replies":[{"embeddable":true,"href":"https:\/\/www.moskito.cz\/sk\/wp-json\/wp\/v2\/comments?post=264485"}],"wp:attachment":[{"href":"https:\/\/www.moskito.cz\/sk\/wp-json\/wp\/v2\/media?parent=264485"}],"wp:term":[{"taxonomy":"pwb-brand","embeddable":true,"href":"https:\/\/www.moskito.cz\/sk\/wp-json\/wp\/v2\/pwb-brand?post=264485"},{"taxonomy":"product_brand","embeddable":true,"href":"https:\/\/www.moskito.cz\/sk\/wp-json\/wp\/v2\/product_brand?post=264485"},{"taxonomy":"product_cat","embeddable":true,"href":"https:\/\/www.moskito.cz\/sk\/wp-json\/wp\/v2\/product_cat?post=264485"},{"taxonomy":"product_tag","embeddable":true,"href":"https:\/\/www.moskito.cz\/sk\/wp-json\/wp\/v2\/product_tag?post=264485"}],"curies":[{"name":"wp","href":"https:\/\/api.w.org\/{rel}","templated":true}]}}