{"id":264494,"date":"2024-01-31T17:06:26","date_gmt":"2024-02-05T09:41:53","guid":{"rendered":"https:\/\/www.moskito.cz\/produkt\/noz-steak-5-german-1-4116-pakka-wood\/"},"modified":"2025-05-07T10:55:10","modified_gmt":"2025-05-07T09:55:10","slug":"noz-steak-5-german-1-4116-pakka-wood","status":"publish","type":"product","link":"https:\/\/www.moskito.cz\/sk\/produkt\/noz-steak-5-german-1-4116-pakka-wood\/","title":{"rendered":"n\u00f4\u017e Steak 5&#8243; German 1.4116 &#8211; pakka wood"},"content":{"rendered":"<p>steakov\u00fd n\u00f4\u017e s\u00e9ria German Pakka wood &amp; ostrie z nemeckej ocele 1.4116 &amp; rukov\u00e4te<\/p>\n","protected":false},"excerpt":{"rendered":"<p>steakov\u00fd n\u00f4\u017e s\u00e9ria German Pakka wood &amp; ostrie z nemeckej ocele 1.4116 &amp; rukov\u00e4te<\/p>\n","protected":false},"featured_media":0,"comment_status":"closed","ping_status":"open","template":"","meta":[],"pwb-brand":[],"product_brand":[],"product_cat":[3884],"product_tag":[],"class_list":{"0":"post-264494","1":"product","2":"type-product","3":"status-publish","5":"product_cat-korenie","7":"first","8":"instock","9":"purchasable","10":"product-type-simple"},"brands":[],"_links":{"self":[{"href":"https:\/\/www.moskito.cz\/sk\/wp-json\/wp\/v2\/product\/264494","targetHints":{"allow":["GET"]}}],"collection":[{"href":"https:\/\/www.moskito.cz\/sk\/wp-json\/wp\/v2\/product"}],"about":[{"href":"https:\/\/www.moskito.cz\/sk\/wp-json\/wp\/v2\/types\/product"}],"replies":[{"embeddable":true,"href":"https:\/\/www.moskito.cz\/sk\/wp-json\/wp\/v2\/comments?post=264494"}],"wp:attachment":[{"href":"https:\/\/www.moskito.cz\/sk\/wp-json\/wp\/v2\/media?parent=264494"}],"wp:term":[{"taxonomy":"pwb-brand","embeddable":true,"href":"https:\/\/www.moskito.cz\/sk\/wp-json\/wp\/v2\/pwb-brand?post=264494"},{"taxonomy":"product_brand","embeddable":true,"href":"https:\/\/www.moskito.cz\/sk\/wp-json\/wp\/v2\/product_brand?post=264494"},{"taxonomy":"product_cat","embeddable":true,"href":"https:\/\/www.moskito.cz\/sk\/wp-json\/wp\/v2\/product_cat?post=264494"},{"taxonomy":"product_tag","embeddable":true,"href":"https:\/\/www.moskito.cz\/sk\/wp-json\/wp\/v2\/product_tag?post=264494"}],"curies":[{"name":"wp","href":"https:\/\/api.w.org\/{rel}","templated":true}]}}