{"id":264530,"date":"2024-01-27T17:05:35","date_gmt":"2024-02-05T09:42:19","guid":{"rendered":"https:\/\/www.moskito.cz\/produkt\/bazar-japonsky-kucharsky-platkovaci-noz-9-225mm-dellinger-okami-3-layers-aus10\/"},"modified":"2025-05-07T10:55:12","modified_gmt":"2025-05-07T09:55:12","slug":"bazar-japonsky-kucharsky-platkovaci-noz-9-225mm-dellinger-okami-3-layers-aus10","status":"publish","type":"product","link":"https:\/\/www.moskito.cz\/sk\/produkt\/bazar-japonsky-kucharsky-platkovaci-noz-9-225mm-dellinger-okami-3-layers-aus10\/","title":{"rendered":"BAZAR &#8211; Japonsk\u00fd kuch\u00e1rsky pl\u00e1tkovac\u00ed n\u00f4\u017e 9&#8243; (225mm) Dellinger Okami 3 layers AUS10"},"content":{"rendered":"<p>BAZAR &#8211; mal\u00e1 prasklinka na \u010depeli Japonsk\u00fd pl\u00e1tkovac\u00ed n\u00f4\u017e 9&#8243; (225 mm) Dellinger Okami 3 layers AUS10 &amp; japonsk\u00fd kuch\u00e1rsky n\u00f4\u017e<\/p>\n","protected":false},"excerpt":{"rendered":"<p>BAZAR &#8211; mal\u00e1 prasklinka na \u010depeli Japonsk\u00fd pl\u00e1tkovac\u00ed n\u00f4\u017e 9&#8243; (225 mm) Dellinger Okami 3 layers AUS10 &amp; japonsk\u00fd kuch\u00e1rsky n\u00f4\u017e<\/p>\n","protected":false},"featured_media":0,"comment_status":"closed","ping_status":"open","template":"","meta":[],"pwb-brand":[],"product_brand":[],"product_cat":[3884],"product_tag":[],"class_list":{"0":"post-264530","1":"product","2":"type-product","3":"status-publish","5":"product_cat-korenie","7":"first","8":"instock","9":"purchasable","10":"product-type-simple"},"brands":[],"_links":{"self":[{"href":"https:\/\/www.moskito.cz\/sk\/wp-json\/wp\/v2\/product\/264530","targetHints":{"allow":["GET"]}}],"collection":[{"href":"https:\/\/www.moskito.cz\/sk\/wp-json\/wp\/v2\/product"}],"about":[{"href":"https:\/\/www.moskito.cz\/sk\/wp-json\/wp\/v2\/types\/product"}],"replies":[{"embeddable":true,"href":"https:\/\/www.moskito.cz\/sk\/wp-json\/wp\/v2\/comments?post=264530"}],"wp:attachment":[{"href":"https:\/\/www.moskito.cz\/sk\/wp-json\/wp\/v2\/media?parent=264530"}],"wp:term":[{"taxonomy":"pwb-brand","embeddable":true,"href":"https:\/\/www.moskito.cz\/sk\/wp-json\/wp\/v2\/pwb-brand?post=264530"},{"taxonomy":"product_brand","embeddable":true,"href":"https:\/\/www.moskito.cz\/sk\/wp-json\/wp\/v2\/product_brand?post=264530"},{"taxonomy":"product_cat","embeddable":true,"href":"https:\/\/www.moskito.cz\/sk\/wp-json\/wp\/v2\/product_cat?post=264530"},{"taxonomy":"product_tag","embeddable":true,"href":"https:\/\/www.moskito.cz\/sk\/wp-json\/wp\/v2\/product_tag?post=264530"}],"curies":[{"name":"wp","href":"https:\/\/api.w.org\/{rel}","templated":true}]}}