{"id":264560,"date":"2024-01-25T02:06:56","date_gmt":"2024-02-05T09:43:28","guid":{"rendered":"https:\/\/www.moskito.cz\/produkt\/kucharsky-noz-utility-kiritsuke-130-mm-dellinger-volcano\/"},"modified":"2025-05-07T10:55:15","modified_gmt":"2025-05-07T09:55:15","slug":"kucharsky-noz-utility-kiritsuke-130-mm-dellinger-volcano","status":"publish","type":"product","link":"https:\/\/www.moskito.cz\/sk\/produkt\/kucharsky-noz-utility-kiritsuke-130-mm-dellinger-volcano\/","title":{"rendered":"Kuch\u00e1rsky n\u00f4\u017e Utility Kiritsuke 130 mm Dellinger Volcano"},"content":{"rendered":"<p>kuch\u00e1rsky n\u00f4\u017e Utility Kiritsuke 130 mm Dellinger Volcano series &amp; japonsk\u00fd kuch\u00e1rsky n\u00f4\u017e<\/p>\n","protected":false},"excerpt":{"rendered":"<p>kuch\u00e1rsky n\u00f4\u017e Utility Kiritsuke 130 mm Dellinger Volcano series &amp; japonsk\u00fd kuch\u00e1rsky n\u00f4\u017e<\/p>\n","protected":false},"featured_media":0,"comment_status":"closed","ping_status":"open","template":"","meta":[],"pwb-brand":[],"product_brand":[],"product_cat":[3884],"product_tag":[],"class_list":{"0":"post-264560","1":"product","2":"type-product","3":"status-publish","5":"product_cat-korenie","7":"first","8":"outofstock","9":"purchasable","10":"product-type-simple"},"brands":[],"_links":{"self":[{"href":"https:\/\/www.moskito.cz\/sk\/wp-json\/wp\/v2\/product\/264560","targetHints":{"allow":["GET"]}}],"collection":[{"href":"https:\/\/www.moskito.cz\/sk\/wp-json\/wp\/v2\/product"}],"about":[{"href":"https:\/\/www.moskito.cz\/sk\/wp-json\/wp\/v2\/types\/product"}],"replies":[{"embeddable":true,"href":"https:\/\/www.moskito.cz\/sk\/wp-json\/wp\/v2\/comments?post=264560"}],"wp:attachment":[{"href":"https:\/\/www.moskito.cz\/sk\/wp-json\/wp\/v2\/media?parent=264560"}],"wp:term":[{"taxonomy":"pwb-brand","embeddable":true,"href":"https:\/\/www.moskito.cz\/sk\/wp-json\/wp\/v2\/pwb-brand?post=264560"},{"taxonomy":"product_brand","embeddable":true,"href":"https:\/\/www.moskito.cz\/sk\/wp-json\/wp\/v2\/product_brand?post=264560"},{"taxonomy":"product_cat","embeddable":true,"href":"https:\/\/www.moskito.cz\/sk\/wp-json\/wp\/v2\/product_cat?post=264560"},{"taxonomy":"product_tag","embeddable":true,"href":"https:\/\/www.moskito.cz\/sk\/wp-json\/wp\/v2\/product_tag?post=264560"}],"curies":[{"name":"wp","href":"https:\/\/api.w.org\/{rel}","templated":true}]}}