{"id":264567,"date":"2024-01-25T02:06:56","date_gmt":"2024-02-05T09:43:30","guid":{"rendered":"https:\/\/www.moskito.cz\/produkt\/noz-utility-blue-150-mm-dellinger-resin-future\/"},"modified":"2025-05-07T10:55:16","modified_gmt":"2025-05-07T09:55:16","slug":"noz-utility-blue-150-mm-dellinger-resin-future","status":"publish","type":"product","link":"https:\/\/www.moskito.cz\/sk\/produkt\/noz-utility-blue-150-mm-dellinger-resin-future\/","title":{"rendered":"n\u00f4\u017e Utility Blue 150 mm Dellinger Resin Future"},"content":{"rendered":"<p>Kuch\u00e1rsky n\u00f4\u017e Blue Utility 150 mm Dellinger Resin Future series &amp; n\u00f4\u017e \u0161\u00e9fkuch\u00e1ra<\/p>\n","protected":false},"excerpt":{"rendered":"<p>Kuch\u00e1rsky n\u00f4\u017e Blue Utility 150 mm Dellinger Resin Future series &amp; n\u00f4\u017e \u0161\u00e9fkuch\u00e1ra<\/p>\n","protected":false},"featured_media":0,"comment_status":"closed","ping_status":"open","template":"","meta":[],"pwb-brand":[],"product_brand":[],"product_cat":[3884],"product_tag":[],"class_list":{"0":"post-264567","1":"product","2":"type-product","3":"status-publish","5":"product_cat-korenie","7":"first","8":"instock","9":"purchasable","10":"product-type-simple"},"brands":[],"_links":{"self":[{"href":"https:\/\/www.moskito.cz\/sk\/wp-json\/wp\/v2\/product\/264567","targetHints":{"allow":["GET"]}}],"collection":[{"href":"https:\/\/www.moskito.cz\/sk\/wp-json\/wp\/v2\/product"}],"about":[{"href":"https:\/\/www.moskito.cz\/sk\/wp-json\/wp\/v2\/types\/product"}],"replies":[{"embeddable":true,"href":"https:\/\/www.moskito.cz\/sk\/wp-json\/wp\/v2\/comments?post=264567"}],"wp:attachment":[{"href":"https:\/\/www.moskito.cz\/sk\/wp-json\/wp\/v2\/media?parent=264567"}],"wp:term":[{"taxonomy":"pwb-brand","embeddable":true,"href":"https:\/\/www.moskito.cz\/sk\/wp-json\/wp\/v2\/pwb-brand?post=264567"},{"taxonomy":"product_brand","embeddable":true,"href":"https:\/\/www.moskito.cz\/sk\/wp-json\/wp\/v2\/product_brand?post=264567"},{"taxonomy":"product_cat","embeddable":true,"href":"https:\/\/www.moskito.cz\/sk\/wp-json\/wp\/v2\/product_cat?post=264567"},{"taxonomy":"product_tag","embeddable":true,"href":"https:\/\/www.moskito.cz\/sk\/wp-json\/wp\/v2\/product_tag?post=264567"}],"curies":[{"name":"wp","href":"https:\/\/api.w.org\/{rel}","templated":true}]}}