{"id":264618,"date":"2024-07-31T01:06:32","date_gmt":"2024-02-05T09:44:03","guid":{"rendered":"https:\/\/www.moskito.cz\/produkt\/zatvaraci-noz-weknife-orpheus-copper-limited-edition-155pcs\/"},"modified":"2025-05-07T10:55:19","modified_gmt":"2025-05-07T09:55:19","slug":"zatvaraci-noz-weknife-orpheus-copper-limited-edition-155pcs","status":"publish","type":"product","link":"https:\/\/www.moskito.cz\/sk\/produkt\/zatvaraci-noz-weknife-orpheus-copper-limited-edition-155pcs\/","title":{"rendered":"zatv\u00e1rac\u00ed n\u00f4\u017e WEKNIFE Orpheus Copper &#8211; Limited Edition 155pcs"},"content":{"rendered":"<p>zatv\u00e1rac\u00ed n\u00f4\u017e &amp; WEKNIFE Orpheus &amp; Limeted Edition 155pcs &amp; EDC knife &amp; CPM 20CV Steel<\/p>\n","protected":false},"excerpt":{"rendered":"<p>zatv\u00e1rac\u00ed n\u00f4\u017e &amp; WEKNIFE Orpheus &amp; Limeted Edition 155pcs &amp; EDC knife &amp; CPM 20CV Steel<\/p>\n","protected":false},"featured_media":304985,"comment_status":"closed","ping_status":"open","template":"","meta":[],"pwb-brand":[3316],"product_brand":[],"product_cat":[3186,3233],"product_tag":[],"class_list":{"0":"post-264618","1":"product","2":"type-product","3":"status-publish","4":"has-post-thumbnail","6":"pwb-brand-weknife-sk","7":"product_cat-noze-sk","8":"product_cat-zatvaracie-noze","10":"first","11":"instock","12":"purchasable","13":"product-type-simple"},"brands":[{"id":3316,"name":"WEKNIFE","slug":"weknife-sk"}],"_links":{"self":[{"href":"https:\/\/www.moskito.cz\/sk\/wp-json\/wp\/v2\/product\/264618","targetHints":{"allow":["GET"]}}],"collection":[{"href":"https:\/\/www.moskito.cz\/sk\/wp-json\/wp\/v2\/product"}],"about":[{"href":"https:\/\/www.moskito.cz\/sk\/wp-json\/wp\/v2\/types\/product"}],"replies":[{"embeddable":true,"href":"https:\/\/www.moskito.cz\/sk\/wp-json\/wp\/v2\/comments?post=264618"}],"wp:featuredmedia":[{"embeddable":true,"href":"https:\/\/www.moskito.cz\/sk\/wp-json\/wp\/v2\/media\/304985"}],"wp:attachment":[{"href":"https:\/\/www.moskito.cz\/sk\/wp-json\/wp\/v2\/media?parent=264618"}],"wp:term":[{"taxonomy":"pwb-brand","embeddable":true,"href":"https:\/\/www.moskito.cz\/sk\/wp-json\/wp\/v2\/pwb-brand?post=264618"},{"taxonomy":"product_brand","embeddable":true,"href":"https:\/\/www.moskito.cz\/sk\/wp-json\/wp\/v2\/product_brand?post=264618"},{"taxonomy":"product_cat","embeddable":true,"href":"https:\/\/www.moskito.cz\/sk\/wp-json\/wp\/v2\/product_cat?post=264618"},{"taxonomy":"product_tag","embeddable":true,"href":"https:\/\/www.moskito.cz\/sk\/wp-json\/wp\/v2\/product_tag?post=264618"}],"curies":[{"name":"wp","href":"https:\/\/api.w.org\/{rel}","templated":true}]}}