{"id":264651,"date":"2024-07-31T01:06:41","date_gmt":"2024-02-05T09:44:26","guid":{"rendered":"https:\/\/www.moskito.cz\/produkt\/zatvaraci-noz-weknife-mini-malice-heimskringla\/"},"modified":"2025-05-07T10:55:22","modified_gmt":"2025-05-07T09:55:22","slug":"zatvaraci-noz-weknife-mini-malice-heimskringla","status":"publish","type":"product","link":"https:\/\/www.moskito.cz\/sk\/produkt\/zatvaraci-noz-weknife-mini-malice-heimskringla\/","title":{"rendered":"zatv\u00e1rac\u00ed n\u00f4\u017e WEKNIFE Mini Malice Heimskringla"},"content":{"rendered":"<p>Mini Malica zatv\u00e1rac\u00ed n\u00f4\u017e &amp; WEKNIFE Mini Malica &amp; EDC knife &amp; dama\u0161kov\u00e1 oce\u013e Heimskringla<\/p>\n","protected":false},"excerpt":{"rendered":"<p>Mini Malica zatv\u00e1rac\u00ed n\u00f4\u017e &amp; WEKNIFE Mini Malica &amp; EDC knife &amp; dama\u0161kov\u00e1 oce\u013e Heimskringla<\/p>\n","protected":false},"featured_media":305081,"comment_status":"closed","ping_status":"open","template":"","meta":[],"pwb-brand":[3316],"product_brand":[],"product_cat":[3186,3233],"product_tag":[],"class_list":{"0":"post-264651","1":"product","2":"type-product","3":"status-publish","4":"has-post-thumbnail","6":"pwb-brand-weknife-sk","7":"product_cat-noze-sk","8":"product_cat-zatvaracie-noze","10":"first","11":"instock","12":"purchasable","13":"product-type-simple"},"brands":[{"id":3316,"name":"WEKNIFE","slug":"weknife-sk"}],"_links":{"self":[{"href":"https:\/\/www.moskito.cz\/sk\/wp-json\/wp\/v2\/product\/264651","targetHints":{"allow":["GET"]}}],"collection":[{"href":"https:\/\/www.moskito.cz\/sk\/wp-json\/wp\/v2\/product"}],"about":[{"href":"https:\/\/www.moskito.cz\/sk\/wp-json\/wp\/v2\/types\/product"}],"replies":[{"embeddable":true,"href":"https:\/\/www.moskito.cz\/sk\/wp-json\/wp\/v2\/comments?post=264651"}],"wp:featuredmedia":[{"embeddable":true,"href":"https:\/\/www.moskito.cz\/sk\/wp-json\/wp\/v2\/media\/305081"}],"wp:attachment":[{"href":"https:\/\/www.moskito.cz\/sk\/wp-json\/wp\/v2\/media?parent=264651"}],"wp:term":[{"taxonomy":"pwb-brand","embeddable":true,"href":"https:\/\/www.moskito.cz\/sk\/wp-json\/wp\/v2\/pwb-brand?post=264651"},{"taxonomy":"product_brand","embeddable":true,"href":"https:\/\/www.moskito.cz\/sk\/wp-json\/wp\/v2\/product_brand?post=264651"},{"taxonomy":"product_cat","embeddable":true,"href":"https:\/\/www.moskito.cz\/sk\/wp-json\/wp\/v2\/product_cat?post=264651"},{"taxonomy":"product_tag","embeddable":true,"href":"https:\/\/www.moskito.cz\/sk\/wp-json\/wp\/v2\/product_tag?post=264651"}],"curies":[{"name":"wp","href":"https:\/\/api.w.org\/{rel}","templated":true}]}}