{"id":264686,"date":"2024-01-25T02:06:35","date_gmt":"2024-02-05T09:45:01","guid":{"rendered":"https:\/\/www.moskito.cz\/produkt\/noz-na-syr-5-130mm-dellinger-dellinger-classic-sandal-wood\/"},"modified":"2025-05-07T10:55:23","modified_gmt":"2025-05-07T09:55:23","slug":"noz-na-syr-5-130mm-dellinger-dellinger-classic-sandal-wood","status":"publish","type":"product","link":"https:\/\/www.moskito.cz\/sk\/produkt\/noz-na-syr-5-130mm-dellinger-dellinger-classic-sandal-wood\/","title":{"rendered":"n\u00f4\u017e na syr 5&#8243; &#8211; 130mm Dellinger Dellinger CLASSIC Sandal Wood"},"content":{"rendered":"<p>n\u00f4\u017e na syr 5&#8243; Dellinger Classic Sandal Wood &amp; n\u00f4\u017e vhodn\u00fd na kr\u00e1janie syrov, ovocia a zeleniny &amp; ostrie z nemeckej ocele 1.4116 &amp; z\u00e1padn\u00e1 rukov\u00e4\u0165 zo santalov\u00e9ho dreva &amp; d\u013a\u017eka \u010depele 130 mm &amp; tvrdos\u0165 ostrie 56-58 HRC<\/p>\n","protected":false},"excerpt":{"rendered":"<p>n\u00f4\u017e na syr 5&#8243; Dellinger Classic Sandal Wood &amp; n\u00f4\u017e vhodn\u00fd na kr\u00e1janie syrov, ovocia a zeleniny &amp; ostrie z nemeckej ocele 1.4116 &amp; z\u00e1padn\u00e1 rukov\u00e4\u0165 zo santalov\u00e9ho dreva &amp; d\u013a\u017eka \u010depele 130 mm &amp; tvrdos\u0165 ostrie 56-58 HRC<\/p>\n","protected":false},"featured_media":0,"comment_status":"closed","ping_status":"open","template":"","meta":[],"pwb-brand":[],"product_brand":[],"product_cat":[3884],"product_tag":[],"class_list":{"0":"post-264686","1":"product","2":"type-product","3":"status-publish","5":"product_cat-korenie","7":"first","8":"instock","9":"purchasable","10":"product-type-simple"},"brands":[],"_links":{"self":[{"href":"https:\/\/www.moskito.cz\/sk\/wp-json\/wp\/v2\/product\/264686","targetHints":{"allow":["GET"]}}],"collection":[{"href":"https:\/\/www.moskito.cz\/sk\/wp-json\/wp\/v2\/product"}],"about":[{"href":"https:\/\/www.moskito.cz\/sk\/wp-json\/wp\/v2\/types\/product"}],"replies":[{"embeddable":true,"href":"https:\/\/www.moskito.cz\/sk\/wp-json\/wp\/v2\/comments?post=264686"}],"wp:attachment":[{"href":"https:\/\/www.moskito.cz\/sk\/wp-json\/wp\/v2\/media?parent=264686"}],"wp:term":[{"taxonomy":"pwb-brand","embeddable":true,"href":"https:\/\/www.moskito.cz\/sk\/wp-json\/wp\/v2\/pwb-brand?post=264686"},{"taxonomy":"product_brand","embeddable":true,"href":"https:\/\/www.moskito.cz\/sk\/wp-json\/wp\/v2\/product_brand?post=264686"},{"taxonomy":"product_cat","embeddable":true,"href":"https:\/\/www.moskito.cz\/sk\/wp-json\/wp\/v2\/product_cat?post=264686"},{"taxonomy":"product_tag","embeddable":true,"href":"https:\/\/www.moskito.cz\/sk\/wp-json\/wp\/v2\/product_tag?post=264686"}],"curies":[{"name":"wp","href":"https:\/\/api.w.org\/{rel}","templated":true}]}}