{"id":264836,"date":"2024-02-05T20:24:54","date_gmt":"2024-02-05T09:46:18","guid":{"rendered":"https:\/\/www.moskito.cz\/produkt\/noz-zvostra-indian-pierko\/"},"modified":"2025-05-07T10:55:31","modified_gmt":"2025-05-07T09:55:31","slug":"noz-zvostra-indian-pierko","status":"publish","type":"product","link":"https:\/\/www.moskito.cz\/sk\/produkt\/noz-zvostra-indian-pierko\/","title":{"rendered":"N\u00f4\u017e zVostra Indian Pierko"},"content":{"rendered":"<p>Zatv\u00e1rac\u00ed n\u00f4\u017e zVostra Indian Pierko &amp; japonsk\u00e1 dama\u0161kov\u00e1 oce\u013e VG10 &amp; rukov\u00e4\u0165 z ebenov\u00e9ho dreva<\/p>\n","protected":false},"excerpt":{"rendered":"<p>Zatv\u00e1rac\u00ed n\u00f4\u017e zVostra Indian Pierko &amp; japonsk\u00e1 dama\u0161kov\u00e1 oce\u013e VG10 &amp; rukov\u00e4\u0165 z ebenov\u00e9ho dreva<\/p>\n","protected":false},"featured_media":0,"comment_status":"closed","ping_status":"open","template":"","meta":[],"pwb-brand":[],"product_brand":[],"product_cat":[3884],"product_tag":[],"class_list":{"0":"post-264836","1":"product","2":"type-product","3":"status-publish","5":"product_cat-korenie","7":"first","8":"outofstock","9":"purchasable","10":"product-type-simple"},"brands":[],"_links":{"self":[{"href":"https:\/\/www.moskito.cz\/sk\/wp-json\/wp\/v2\/product\/264836","targetHints":{"allow":["GET"]}}],"collection":[{"href":"https:\/\/www.moskito.cz\/sk\/wp-json\/wp\/v2\/product"}],"about":[{"href":"https:\/\/www.moskito.cz\/sk\/wp-json\/wp\/v2\/types\/product"}],"replies":[{"embeddable":true,"href":"https:\/\/www.moskito.cz\/sk\/wp-json\/wp\/v2\/comments?post=264836"}],"wp:attachment":[{"href":"https:\/\/www.moskito.cz\/sk\/wp-json\/wp\/v2\/media?parent=264836"}],"wp:term":[{"taxonomy":"pwb-brand","embeddable":true,"href":"https:\/\/www.moskito.cz\/sk\/wp-json\/wp\/v2\/pwb-brand?post=264836"},{"taxonomy":"product_brand","embeddable":true,"href":"https:\/\/www.moskito.cz\/sk\/wp-json\/wp\/v2\/product_brand?post=264836"},{"taxonomy":"product_cat","embeddable":true,"href":"https:\/\/www.moskito.cz\/sk\/wp-json\/wp\/v2\/product_cat?post=264836"},{"taxonomy":"product_tag","embeddable":true,"href":"https:\/\/www.moskito.cz\/sk\/wp-json\/wp\/v2\/product_tag?post=264836"}],"curies":[{"name":"wp","href":"https:\/\/api.w.org\/{rel}","templated":true}]}}