{"id":264843,"date":"2024-02-05T20:24:54","date_gmt":"2024-02-05T09:46:20","guid":{"rendered":"https:\/\/www.moskito.cz\/produkt\/noz-spirit-of-munro-star-dust-limited-edition\/"},"modified":"2025-05-07T10:55:31","modified_gmt":"2025-05-07T09:55:31","slug":"noz-spirit-of-munro-star-dust-limited-edition","status":"publish","type":"product","link":"https:\/\/www.moskito.cz\/sk\/produkt\/noz-spirit-of-munro-star-dust-limited-edition\/","title":{"rendered":"N\u00f4\u017e Spirit of Munro &#8211; Star Dust &#8211; limited edition"},"content":{"rendered":"<p>N\u00f4\u017e Spirit of Munro &#8211; Star Dust &amp; limited edition &#8211; 300 ks &amp; certifik\u00e1t pravosti &amp; japonsk\u00e1 dama\u0161kov\u00e1 oce\u013e 9Cr18MoV &amp; rukov\u00e4\u0165 z \u010derven\u00e9ho dreva Redwood &amp; kvalitn\u00e9 ko\u017een\u00e9 puzdro<\/p>\n","protected":false},"excerpt":{"rendered":"<p>N\u00f4\u017e Spirit of Munro &#8211; Star Dust &amp; limited edition &#8211; 300 ks &amp; certifik\u00e1t pravosti &amp; japonsk\u00e1 dama\u0161kov\u00e1 oce\u013e 9Cr18MoV &amp; rukov\u00e4\u0165 z \u010derven\u00e9ho dreva Redwood &amp; kvalitn\u00e9 ko\u017een\u00e9 puzdro<\/p>\n","protected":false},"featured_media":0,"comment_status":"closed","ping_status":"open","template":"","meta":[],"pwb-brand":[],"product_brand":[],"product_cat":[3884],"product_tag":[],"class_list":{"0":"post-264843","1":"product","2":"type-product","3":"status-publish","5":"product_cat-korenie","7":"first","8":"instock","9":"purchasable","10":"product-type-simple"},"brands":[],"_links":{"self":[{"href":"https:\/\/www.moskito.cz\/sk\/wp-json\/wp\/v2\/product\/264843","targetHints":{"allow":["GET"]}}],"collection":[{"href":"https:\/\/www.moskito.cz\/sk\/wp-json\/wp\/v2\/product"}],"about":[{"href":"https:\/\/www.moskito.cz\/sk\/wp-json\/wp\/v2\/types\/product"}],"replies":[{"embeddable":true,"href":"https:\/\/www.moskito.cz\/sk\/wp-json\/wp\/v2\/comments?post=264843"}],"wp:attachment":[{"href":"https:\/\/www.moskito.cz\/sk\/wp-json\/wp\/v2\/media?parent=264843"}],"wp:term":[{"taxonomy":"pwb-brand","embeddable":true,"href":"https:\/\/www.moskito.cz\/sk\/wp-json\/wp\/v2\/pwb-brand?post=264843"},{"taxonomy":"product_brand","embeddable":true,"href":"https:\/\/www.moskito.cz\/sk\/wp-json\/wp\/v2\/product_brand?post=264843"},{"taxonomy":"product_cat","embeddable":true,"href":"https:\/\/www.moskito.cz\/sk\/wp-json\/wp\/v2\/product_cat?post=264843"},{"taxonomy":"product_tag","embeddable":true,"href":"https:\/\/www.moskito.cz\/sk\/wp-json\/wp\/v2\/product_tag?post=264843"}],"curies":[{"name":"wp","href":"https:\/\/api.w.org\/{rel}","templated":true}]}}