{"id":305817,"date":"2024-01-25T02:06:17","date_gmt":"2024-02-05T19:46:40","guid":{"rendered":"https:\/\/www.moskito.cz\/produkt\/noz-chef-200-mm-dellinger-samurai\/"},"modified":"2025-05-07T10:55:33","modified_gmt":"2025-05-07T09:55:33","slug":"noz-chef-200-mm-dellinger-samurai","status":"publish","type":"product","link":"https:\/\/www.moskito.cz\/sk\/produkt\/noz-chef-200-mm-dellinger-samurai\/","title":{"rendered":"N\u00f4\u017e Chef 200 mm Dellinger Samurai"},"content":{"rendered":"<p>Kuch\u00e1rsky n\u00f4\u017e Chef 200 mm s\u00e9ria Dellinger Samurai<\/p>\n","protected":false},"excerpt":{"rendered":"<p>Kuch\u00e1rsky n\u00f4\u017e Chef 200 mm s\u00e9ria Dellinger Samurai<\/p>\n","protected":false},"featured_media":0,"comment_status":"closed","ping_status":"open","template":"","meta":[],"pwb-brand":[],"product_brand":[],"product_cat":[3884],"product_tag":[],"class_list":{"0":"post-305817","1":"product","2":"type-product","3":"status-publish","5":"product_cat-korenie","7":"first","8":"instock","9":"purchasable","10":"product-type-simple"},"brands":[],"_links":{"self":[{"href":"https:\/\/www.moskito.cz\/sk\/wp-json\/wp\/v2\/product\/305817","targetHints":{"allow":["GET"]}}],"collection":[{"href":"https:\/\/www.moskito.cz\/sk\/wp-json\/wp\/v2\/product"}],"about":[{"href":"https:\/\/www.moskito.cz\/sk\/wp-json\/wp\/v2\/types\/product"}],"replies":[{"embeddable":true,"href":"https:\/\/www.moskito.cz\/sk\/wp-json\/wp\/v2\/comments?post=305817"}],"wp:attachment":[{"href":"https:\/\/www.moskito.cz\/sk\/wp-json\/wp\/v2\/media?parent=305817"}],"wp:term":[{"taxonomy":"pwb-brand","embeddable":true,"href":"https:\/\/www.moskito.cz\/sk\/wp-json\/wp\/v2\/pwb-brand?post=305817"},{"taxonomy":"product_brand","embeddable":true,"href":"https:\/\/www.moskito.cz\/sk\/wp-json\/wp\/v2\/product_brand?post=305817"},{"taxonomy":"product_cat","embeddable":true,"href":"https:\/\/www.moskito.cz\/sk\/wp-json\/wp\/v2\/product_cat?post=305817"},{"taxonomy":"product_tag","embeddable":true,"href":"https:\/\/www.moskito.cz\/sk\/wp-json\/wp\/v2\/product_tag?post=305817"}],"curies":[{"name":"wp","href":"https:\/\/api.w.org\/{rel}","templated":true}]}}