{"id":306023,"date":"2017-07-11T14:10:05","date_gmt":"2024-02-05T20:15:22","guid":{"rendered":"https:\/\/www.moskito.cz\/produkt\/pevny-noz-karambit-walter-white-fixed\/"},"modified":"2025-07-11T07:48:01","modified_gmt":"2025-07-11T06:48:01","slug":"pevny-noz-karambit-walter-white-fixed","status":"publish","type":"product","link":"https:\/\/www.moskito.cz\/sk\/produkt\/pevny-noz-karambit-walter-white-fixed\/","title":{"rendered":"Pevn\u00fd N\u00f4\u017e Karambit Walter White Fixed"},"content":{"rendered":"<p>Pevn\u00fd N\u00f4\u017e Karambit Walter White Fixed.<br \/>\nKarambit je mo\u017en\u00e9 v skratke ozna\u010di\u0165 ako pozoruhodn\u00fd multifunk\u010dn\u00fd n\u00f4\u017e navrhnut\u00fd za \u00fa\u010delom zaistenia bezpe\u010dnosti, presnosti a efektivity. N\u00f4\u017e m\u00e1 zakriven\u00fa alebo zahnut\u00fa \u010depe\u013e, ergonomick\u00fa rukov\u00e4\u0165 a obvykle disponuje aspo\u0148 jedn\u00fdm bezpe\u010dnostn\u00fdm kr\u00fa\u017ekom. Predchodca modern\u00e9ho karambitu sa prv\u00fdkr\u00e1t objavil v Indon\u00e9zii po\u010das 11. storo\u010dia. storo\u010dia ako n\u00e1stroj pou\u017e\u00edvan\u00fd v po\u013enohospod\u00e1rstve resp. ako ostr\u00e1 funk\u010dn\u00e1 \u010depe\u013e na univerz\u00e1lne pou\u017eitie.<br \/>\nMateri\u00e1l \u010depele je CPM-154, d\u013a\u017eka \u010depele 60 mm, celkov\u00e1 d\u013a\u017eka: 192 mmm, n\u00f4\u017e m\u00e1 puzdro z termoplastu, vyroben\u00e9 v USA.<\/p>\n","protected":false},"excerpt":{"rendered":"<p>Materi\u00e1l \u010depele je CPM-154, d\u013a\u017eka \u010depele 60 mm, celkov\u00e1 d\u013a\u017eka: 192 mmm, n\u00f4\u017e m\u00e1 puzdro z termoplastu, vyroben\u00e9 v USA.<\/p>\n","protected":false},"featured_media":45742,"comment_status":"open","ping_status":"closed","template":"","meta":[],"pwb-brand":[3360],"product_brand":[],"product_cat":[3361,3186],"product_tag":[],"class_list":{"0":"post-306023","1":"product","2":"type-product","3":"status-publish","4":"has-post-thumbnail","6":"pwb-brand-quartermaster-sk","7":"product_cat-karambity-sk","8":"product_cat-noze-sk","10":"first","11":"outofstock","12":"taxable","13":"shipping-taxable","14":"purchasable","15":"product-type-simple"},"brands":[{"id":3360,"name":"Quartermaster","slug":"quartermaster-sk"}],"_links":{"self":[{"href":"https:\/\/www.moskito.cz\/sk\/wp-json\/wp\/v2\/product\/306023","targetHints":{"allow":["GET"]}}],"collection":[{"href":"https:\/\/www.moskito.cz\/sk\/wp-json\/wp\/v2\/product"}],"about":[{"href":"https:\/\/www.moskito.cz\/sk\/wp-json\/wp\/v2\/types\/product"}],"replies":[{"embeddable":true,"href":"https:\/\/www.moskito.cz\/sk\/wp-json\/wp\/v2\/comments?post=306023"}],"wp:featuredmedia":[{"embeddable":true,"href":"https:\/\/www.moskito.cz\/sk\/wp-json\/wp\/v2\/media\/45742"}],"wp:attachment":[{"href":"https:\/\/www.moskito.cz\/sk\/wp-json\/wp\/v2\/media?parent=306023"}],"wp:term":[{"taxonomy":"pwb-brand","embeddable":true,"href":"https:\/\/www.moskito.cz\/sk\/wp-json\/wp\/v2\/pwb-brand?post=306023"},{"taxonomy":"product_brand","embeddable":true,"href":"https:\/\/www.moskito.cz\/sk\/wp-json\/wp\/v2\/product_brand?post=306023"},{"taxonomy":"product_cat","embeddable":true,"href":"https:\/\/www.moskito.cz\/sk\/wp-json\/wp\/v2\/product_cat?post=306023"},{"taxonomy":"product_tag","embeddable":true,"href":"https:\/\/www.moskito.cz\/sk\/wp-json\/wp\/v2\/product_tag?post=306023"}],"curies":[{"name":"wp","href":"https:\/\/api.w.org\/{rel}","templated":true}]}}