{"id":306071,"date":"2018-09-18T19:01:37","date_gmt":"2024-02-05T20:16:09","guid":{"rendered":"https:\/\/www.moskito.cz\/produkt\/templarske-brnenie-s-krizom-na-hrudi-marto\/"},"modified":"2025-07-11T07:48:02","modified_gmt":"2025-07-11T06:48:02","slug":"templarske-brnenie-s-krizom-na-hrudi-marto","status":"publish","type":"product","link":"https:\/\/www.moskito.cz\/sk\/produkt\/templarske-brnenie-s-krizom-na-hrudi-marto\/","title":{"rendered":"Templ\u00e1rske brnenie s kr\u00ed\u017eom na hrudi Marto"},"content":{"rendered":"<div class=\"clearfix\">Templ\u00e1rske brnenie s kr\u00ed\u017eom na hrudi Marto.<\/div>\n<div class=\"col-xs-12\">\n<p>Hoci p\u00f4vod bojov\u00e9ho zbrojenia sa datuje do egyptsk\u00e9ho obdobia, Gr\u00e9cke a R\u00edmske stredovek\u00e9 zbroje s\u00fa najzn\u00e1mej\u0161ie, tvoren\u00e9 doskami z ocele alebo \u017eeleza spojen\u00fdmi navz\u00e1jom h\u00e1\u010dikmi, klincami, ktor\u00e9 dr\u017eia bojovn\u00edka pomocou popruhov a sp\u00f4n, za\u010dala ho pou\u017e\u00edva\u0165 v Eur\u00f3pe ako pechota tak aj. 14. storo\u010die a 15. storo\u010die dosiahla dokonalos\u0165. Premena prebehla v polovici 16. storo\u010dia na luxusn\u00e9 oble\u010denie pre bojovn\u00edka, ozdoben\u00fd kr\u00e1sami soch\u00e1rskeho umenia a kovov\u00e9ho priemyslu. V 17. storo\u010d\u00ed do\u0161lo k v\u00fdrazn\u00e9mu n\u00e1rastu streln\u00fdch zbran\u00ed a od 18. storo\u010dia sa pou\u017e\u00edvaj\u00fa iba ako ozdoby hradov, pal\u00e1cov a m\u00faze\u00ed.<\/p>\n<p>V kr\u00e1\u013eovskej zbroji v Madride je dr\u017ean\u00e1 jedna z najv\u00e4\u010d\u0161\u00edch a najbohat\u0161\u00edch zbierok zbran\u00ed na svete a obsahuje kusy hlavne z doby 16. storo\u010dia Carlosa I., z ktor\u00e9ho Marto \u010derp\u00e1 jeho in\u0161pir\u00e1ciu a reprodukuje ich v r\u00f4znych ve\u013ekostiach alebo meradl\u00e1ch. Pou\u017eit\u00e9 materi\u00e1ly s\u00fa ve\u013emi podobn\u00e9 p\u00f4vodn\u00fdm, \u017eelezo a oce\u013e je remeselne tvarovan\u00e9, brok\u00e1ty napodob\u0148uj\u00fa tkaniny z tej doby.<\/p>\n<p>Ve\u013ekos\u0165 200 cm.<\/p>\n<\/div>\n","protected":false},"excerpt":{"rendered":"<p>Brnenie s kr\u00ed\u017eom na hrudi.<\/p>\n","protected":false},"featured_media":243133,"comment_status":"open","ping_status":"closed","template":"","meta":[],"pwb-brand":[3397],"product_brand":[],"product_cat":[3398,3392],"product_tag":[],"class_list":{"0":"post-306071","1":"product","2":"type-product","3":"status-publish","4":"has-post-thumbnail","6":"pwb-brand-marto-sk","7":"product_cat-brnenie","8":"product_cat-mece-dyky-repliky-sk","10":"first","11":"instock","12":"taxable","13":"shipping-taxable","14":"purchasable","15":"product-type-simple"},"brands":[{"id":3397,"name":"Marto","slug":"marto-sk"}],"_links":{"self":[{"href":"https:\/\/www.moskito.cz\/sk\/wp-json\/wp\/v2\/product\/306071","targetHints":{"allow":["GET"]}}],"collection":[{"href":"https:\/\/www.moskito.cz\/sk\/wp-json\/wp\/v2\/product"}],"about":[{"href":"https:\/\/www.moskito.cz\/sk\/wp-json\/wp\/v2\/types\/product"}],"replies":[{"embeddable":true,"href":"https:\/\/www.moskito.cz\/sk\/wp-json\/wp\/v2\/comments?post=306071"}],"wp:featuredmedia":[{"embeddable":true,"href":"https:\/\/www.moskito.cz\/sk\/wp-json\/wp\/v2\/media\/243133"}],"wp:attachment":[{"href":"https:\/\/www.moskito.cz\/sk\/wp-json\/wp\/v2\/media?parent=306071"}],"wp:term":[{"taxonomy":"pwb-brand","embeddable":true,"href":"https:\/\/www.moskito.cz\/sk\/wp-json\/wp\/v2\/pwb-brand?post=306071"},{"taxonomy":"product_brand","embeddable":true,"href":"https:\/\/www.moskito.cz\/sk\/wp-json\/wp\/v2\/product_brand?post=306071"},{"taxonomy":"product_cat","embeddable":true,"href":"https:\/\/www.moskito.cz\/sk\/wp-json\/wp\/v2\/product_cat?post=306071"},{"taxonomy":"product_tag","embeddable":true,"href":"https:\/\/www.moskito.cz\/sk\/wp-json\/wp\/v2\/product_tag?post=306071"}],"curies":[{"name":"wp","href":"https:\/\/api.w.org\/{rel}","templated":true}]}}