{"id":306085,"date":"2018-10-15T17:51:05","date_gmt":"2024-02-05T20:16:13","guid":{"rendered":"https:\/\/www.moskito.cz\/produkt\/mag-lite-ml25lt-led-flashlight\/"},"modified":"2025-07-11T07:48:03","modified_gmt":"2025-07-11T06:48:03","slug":"mag-lite-ml25lt-led-flashlight","status":"publish","type":"product","link":"https:\/\/www.moskito.cz\/sk\/produkt\/mag-lite-ml25lt-led-flashlight\/","title":{"rendered":"Mag-Lite ML25LT LED Flashlight"},"content":{"rendered":"<p>Celkov\u00e1 d\u013a\u017eka je 26cm, odoln\u00e1 proti vode, n\u00e1razuvzdorn\u00e1, oto\u010dn\u00e1 hlava, zapnut\u00e9 \/ vypnut\u00e9 a zaostren\u00e9, Vyv\u00e1\u017een\u00e1 optika, Funkcia svie\u010dky, vzdialenos\u0165 309m, 173 l\u00famenov s 18hodinovou dobou trvania, Vy\u017eaduje 3 bat\u00e9rie C (nie je s\u00fa\u010das\u0165ou dod\u00e1vky). hlin\u00edkov\u00e9 telo.<\/p>\n<p>8.6&#8243; overall. Water resistant. Impact resistant. Twist head, on\/off and focus. Balanced optics. Features Candle Mode. 309m beam di\u0161tancie. 173 lumens with 18 hour runtime. Requires (3) C cell batteries (not included). Black aluminum body. Boxed.<\/p>\n","protected":false},"excerpt":{"rendered":"<p>Mag-Lite ML25LT LED Flashlight<\/p>\n","protected":false},"featured_media":123762,"comment_status":"open","ping_status":"closed","template":"","meta":[],"pwb-brand":[3410],"product_brand":[],"product_cat":[3375,3376],"product_tag":[],"class_list":{"0":"post-306085","1":"product","2":"type-product","3":"status-publish","4":"has-post-thumbnail","6":"pwb-brand-mag-lite-sk","7":"product_cat-camping-sk","8":"product_cat-svietidlo","10":"first","11":"outofstock","12":"taxable","13":"shipping-taxable","14":"purchasable","15":"product-type-simple"},"brands":[{"id":3410,"name":"Mag-Lite","slug":"mag-lite-sk"}],"_links":{"self":[{"href":"https:\/\/www.moskito.cz\/sk\/wp-json\/wp\/v2\/product\/306085","targetHints":{"allow":["GET"]}}],"collection":[{"href":"https:\/\/www.moskito.cz\/sk\/wp-json\/wp\/v2\/product"}],"about":[{"href":"https:\/\/www.moskito.cz\/sk\/wp-json\/wp\/v2\/types\/product"}],"replies":[{"embeddable":true,"href":"https:\/\/www.moskito.cz\/sk\/wp-json\/wp\/v2\/comments?post=306085"}],"wp:featuredmedia":[{"embeddable":true,"href":"https:\/\/www.moskito.cz\/sk\/wp-json\/wp\/v2\/media\/123762"}],"wp:attachment":[{"href":"https:\/\/www.moskito.cz\/sk\/wp-json\/wp\/v2\/media?parent=306085"}],"wp:term":[{"taxonomy":"pwb-brand","embeddable":true,"href":"https:\/\/www.moskito.cz\/sk\/wp-json\/wp\/v2\/pwb-brand?post=306085"},{"taxonomy":"product_brand","embeddable":true,"href":"https:\/\/www.moskito.cz\/sk\/wp-json\/wp\/v2\/product_brand?post=306085"},{"taxonomy":"product_cat","embeddable":true,"href":"https:\/\/www.moskito.cz\/sk\/wp-json\/wp\/v2\/product_cat?post=306085"},{"taxonomy":"product_tag","embeddable":true,"href":"https:\/\/www.moskito.cz\/sk\/wp-json\/wp\/v2\/product_tag?post=306085"}],"curies":[{"name":"wp","href":"https:\/\/api.w.org\/{rel}","templated":true}]}}