{"id":306126,"date":"2019-02-09T11:55:47","date_gmt":"2024-02-05T20:18:36","guid":{"rendered":"https:\/\/www.moskito.cz\/produkt\/zatvaraci-noz-boker-epicenter-01bo170\/"},"modified":"2025-07-11T07:48:13","modified_gmt":"2025-07-11T06:48:13","slug":"zatvaraci-noz-boker-epicenter-01bo170","status":"publish","type":"product","link":"https:\/\/www.moskito.cz\/sk\/produkt\/zatvaraci-noz-boker-epicenter-01bo170\/","title":{"rendered":"Zatv\u00e1rac\u00ed n\u00f4\u017e B\u00f6ker Epicenter 01BO170"},"content":{"rendered":"<p>Zatv\u00e1rac\u00ed n\u00f4\u017e <strong>B\u00f6ker<\/strong> Epicenter 01BO170.<\/p>\n<p>B\u00d6KER\u00ae je nemeck\u00e1 firma, ktor\u00e1 vyr\u00e1ba no\u017ee tej najvy\u0161\u0161ej kvality. No\u017ee s pevnou \u010depe\u013eou, zatv\u00e1racie no\u017ee, kuchynsk\u00e9 no\u017ee a stojany si v\u010faka v\u00fdnimo\u010dnej kvalite ob\u013e\u00fabil rad z\u00e1kazn\u00edkov z cel\u00e9ho sveta. V\u0161etky no\u017ee s\u00fa vyroben\u00e9 z najlep\u0161\u00edch, odoln\u00fdch materi\u00e1lov a bud\u00fa nepostr\u00e1date\u013en\u00fdm pomocn\u00edkom doma, v dielni, na love aj na v\u00fdlete do pr\u00edrody. Bud\u00fa skvel\u00fdm dar\u010dekom pre va\u0161ich bl\u00edzkych aj obchodn\u00fdch partnerov. Bu\u010fte origin\u00e1lni, vyu\u017eite mo\u017enosti grav\u00edrovania a pridajte na n\u00f4\u017e logo va\u0161ej firmy alebo meno obdarovan\u00e9ho.<\/p>\n<p>Zatv\u00e1rac\u00ed n\u00f4\u017e B\u00f6ker Epicenter 01BO170:<\/p>\n<p>Zatv\u00e1rac\u00ed n\u00f4\u017e s poistkou<br \/>\nCelkov\u00e1 d\u013a\u017eka: 21,2 cm.<br \/>\nD\u013a\u017eka \u010depele: 8.9 cm.<br \/>\nHmotnos\u0165: 200 g.<br \/>\nHr\u00fabka \u010depele: 4.0 mm.<br \/>\nMateri\u00e1l \u010depele: VG10.<br \/>\nMateri\u00e1l rukov\u00e4te: tit\u00e1n.<\/p>\n","protected":false},"excerpt":{"rendered":"<p>Zatv\u00e1rac\u00ed n\u00f4\u017e s poistkou a rukov\u00e4\u0165ou z tit\u00e1nu.<\/p>\n","protected":false},"featured_media":198639,"comment_status":"open","ping_status":"closed","template":"","meta":[],"pwb-brand":[3419],"product_brand":[],"product_cat":[3186,3233],"product_tag":[],"class_list":{"0":"post-306126","1":"product","2":"type-product","3":"status-publish","4":"has-post-thumbnail","6":"pwb-brand-boker-sk","7":"product_cat-noze-sk","8":"product_cat-zatvaracie-noze","10":"first","11":"outofstock","12":"taxable","13":"shipping-taxable","14":"purchasable","15":"product-type-simple"},"brands":[{"id":3419,"name":"Boker","slug":"boker-sk"}],"_links":{"self":[{"href":"https:\/\/www.moskito.cz\/sk\/wp-json\/wp\/v2\/product\/306126","targetHints":{"allow":["GET"]}}],"collection":[{"href":"https:\/\/www.moskito.cz\/sk\/wp-json\/wp\/v2\/product"}],"about":[{"href":"https:\/\/www.moskito.cz\/sk\/wp-json\/wp\/v2\/types\/product"}],"replies":[{"embeddable":true,"href":"https:\/\/www.moskito.cz\/sk\/wp-json\/wp\/v2\/comments?post=306126"}],"wp:featuredmedia":[{"embeddable":true,"href":"https:\/\/www.moskito.cz\/sk\/wp-json\/wp\/v2\/media\/198639"}],"wp:attachment":[{"href":"https:\/\/www.moskito.cz\/sk\/wp-json\/wp\/v2\/media?parent=306126"}],"wp:term":[{"taxonomy":"pwb-brand","embeddable":true,"href":"https:\/\/www.moskito.cz\/sk\/wp-json\/wp\/v2\/pwb-brand?post=306126"},{"taxonomy":"product_brand","embeddable":true,"href":"https:\/\/www.moskito.cz\/sk\/wp-json\/wp\/v2\/product_brand?post=306126"},{"taxonomy":"product_cat","embeddable":true,"href":"https:\/\/www.moskito.cz\/sk\/wp-json\/wp\/v2\/product_cat?post=306126"},{"taxonomy":"product_tag","embeddable":true,"href":"https:\/\/www.moskito.cz\/sk\/wp-json\/wp\/v2\/product_tag?post=306126"}],"curies":[{"name":"wp","href":"https:\/\/api.w.org\/{rel}","templated":true}]}}