{"id":306146,"date":"2019-02-09T10:35:58","date_gmt":"2024-02-05T20:18:41","guid":{"rendered":"https:\/\/www.moskito.cz\/produkt\/boker-special-run-spirograph-classic\/"},"modified":"2025-07-11T07:48:12","modified_gmt":"2025-07-11T06:48:12","slug":"boker-special-run-spirograph-classic","status":"publish","type":"product","link":"https:\/\/www.moskito.cz\/sk\/produkt\/boker-special-run-spirograph-classic\/","title":{"rendered":"B\u00f6ker Special Run Spirograph Classic"},"content":{"rendered":"<p>B\u00f6ker <strong>Special Run<\/strong> Spirograph Classic.<br \/>\n<span class=\"tlid-translation translation\">Vyroben\u00e9 v Solingene v Nemecku, tento vreckov\u00fd n\u00f4\u017e Hunter Lockback je vyroben\u00fd z Damascus Steel a Grenadill Wood rukov\u00e4te.  <\/span><\/p>\n<p>Celokov\u00e1 d\u013a\u017eka: 21cm<\/p>\n<p>D\u013a\u017eka \u010depele: 8.5 cm<\/p>\n<p><span class=\"tlid-translation translation\">Limitovan\u00e1 s\u00e9ria 199ks.<\/span><\/p>\n","protected":false},"excerpt":{"rendered":"<p>Zatv\u00e1rac\u00ed <strong>dama\u0161kov\u00fd<\/strong> n\u00f4\u017e.<\/p>\n","protected":false},"featured_media":190067,"comment_status":"open","ping_status":"closed","template":"","meta":[],"pwb-brand":[3419],"product_brand":[],"product_cat":[3424,3186],"product_tag":[3668],"class_list":{"0":"post-306146","1":"product","2":"type-product","3":"status-publish","4":"has-post-thumbnail","6":"pwb-brand-boker-sk","7":"product_cat-damascenske-noze-sk","8":"product_cat-noze-sk","9":"product_tag-b2b-sk","11":"first","12":"outofstock","13":"taxable","14":"shipping-taxable","15":"purchasable","16":"product-type-simple"},"brands":[{"id":3419,"name":"Boker","slug":"boker-sk"}],"_links":{"self":[{"href":"https:\/\/www.moskito.cz\/sk\/wp-json\/wp\/v2\/product\/306146","targetHints":{"allow":["GET"]}}],"collection":[{"href":"https:\/\/www.moskito.cz\/sk\/wp-json\/wp\/v2\/product"}],"about":[{"href":"https:\/\/www.moskito.cz\/sk\/wp-json\/wp\/v2\/types\/product"}],"replies":[{"embeddable":true,"href":"https:\/\/www.moskito.cz\/sk\/wp-json\/wp\/v2\/comments?post=306146"}],"wp:featuredmedia":[{"embeddable":true,"href":"https:\/\/www.moskito.cz\/sk\/wp-json\/wp\/v2\/media\/190067"}],"wp:attachment":[{"href":"https:\/\/www.moskito.cz\/sk\/wp-json\/wp\/v2\/media?parent=306146"}],"wp:term":[{"taxonomy":"pwb-brand","embeddable":true,"href":"https:\/\/www.moskito.cz\/sk\/wp-json\/wp\/v2\/pwb-brand?post=306146"},{"taxonomy":"product_brand","embeddable":true,"href":"https:\/\/www.moskito.cz\/sk\/wp-json\/wp\/v2\/product_brand?post=306146"},{"taxonomy":"product_cat","embeddable":true,"href":"https:\/\/www.moskito.cz\/sk\/wp-json\/wp\/v2\/product_cat?post=306146"},{"taxonomy":"product_tag","embeddable":true,"href":"https:\/\/www.moskito.cz\/sk\/wp-json\/wp\/v2\/product_tag?post=306146"}],"curies":[{"name":"wp","href":"https:\/\/api.w.org\/{rel}","templated":true}]}}