{"id":306169,"date":"2019-02-09T10:22:18","date_gmt":"2024-02-05T20:18:45","guid":{"rendered":"https:\/\/www.moskito.cz\/produkt\/pevny-noz-boker-amico-damascus\/"},"modified":"2025-07-11T07:48:11","modified_gmt":"2025-07-11T06:48:11","slug":"pevny-noz-boker-amico-damascus","status":"publish","type":"product","link":"https:\/\/www.moskito.cz\/sk\/produkt\/pevny-noz-boker-amico-damascus\/","title":{"rendered":"Pevn\u00fd N\u00f4\u017e BOKER AMICO DAMASCUS"},"content":{"rendered":"<p>Pevn\u00fd N\u00f4\u017e BOKER AMICO <strong>DAMASCUS<\/strong> .  <\/p>\n<p>B\u00d6KER\u00ae je nemeck\u00e1 firma, ktor\u00e1 vyr\u00e1ba no\u017ee tej najvy\u0161\u0161ej kvality. No\u017ee s pevnou \u010depe\u013eou, zatv\u00e1racie no\u017ee, kuchynsk\u00e9 no\u017ee a stojany si v\u010faka v\u00fdnimo\u010dnej kvalite ob\u013e\u00fabil rad z\u00e1kazn\u00edkov z cel\u00e9ho sveta. V\u0161etky no\u017ee s\u00fa vyroben\u00e9 z najlep\u0161\u00edch, odoln\u00fdch materi\u00e1lov a bud\u00fa nepostr\u00e1date\u013en\u00fdm pomocn\u00edkom doma, v dielni, na love aj na v\u00fdlete do pr\u00edrody. Bud\u00fa skvel\u00fdm dar\u010dekom pre va\u0161ich bl\u00edzkych aj obchodn\u00fdch partnerov. Bu\u010fte origin\u00e1lni, vyu\u017eite mo\u017enosti grav\u00edrovania a pridajte na n\u00f4\u017e logo va\u0161ej firmy alebo meno obdarovan\u00e9ho.<\/p>\n<p><span class=\"tlid-translation translation\"><span class=\"\" title=\"\">Materi\u00e1l \u010depele: Damascus Steel<\/span><br \/>\n<span class=\"\" title=\"\">Materi\u00e1l rukov\u00e4te: lemov\u00e9 drevo<\/span><br \/>\n<span class=\"\" title=\"\">D\u013a\u017eka no\u017ea: 16.25 cm (celkov\u00e1)<\/span><br \/>\n<span class=\"\" title=\"\">Krajina v\u00fdroby: Nemecko<\/span><br \/>\n<span class=\"\" title=\"\">Zah\u0155\u0148a: dreven\u00fd Boker Display Box, \u010dierne ko\u017een\u00e9 puzdro.<\/span><\/span><\/p>\n","protected":false},"excerpt":{"rendered":"<p>Pevn\u00fd <strong>dama\u0161kov\u00fd<\/strong> n\u00f4\u017e s puzdrom.<\/p>\n","protected":false},"featured_media":190070,"comment_status":"open","ping_status":"closed","template":"","meta":[],"pwb-brand":[3419],"product_brand":[],"product_cat":[3424,3186],"product_tag":[3668],"class_list":{"0":"post-306169","1":"product","2":"type-product","3":"status-publish","4":"has-post-thumbnail","6":"pwb-brand-boker-sk","7":"product_cat-damascenske-noze-sk","8":"product_cat-noze-sk","9":"product_tag-b2b-sk","11":"first","12":"instock","13":"taxable","14":"shipping-taxable","15":"purchasable","16":"product-type-simple"},"brands":[{"id":3419,"name":"Boker","slug":"boker-sk"}],"_links":{"self":[{"href":"https:\/\/www.moskito.cz\/sk\/wp-json\/wp\/v2\/product\/306169","targetHints":{"allow":["GET"]}}],"collection":[{"href":"https:\/\/www.moskito.cz\/sk\/wp-json\/wp\/v2\/product"}],"about":[{"href":"https:\/\/www.moskito.cz\/sk\/wp-json\/wp\/v2\/types\/product"}],"replies":[{"embeddable":true,"href":"https:\/\/www.moskito.cz\/sk\/wp-json\/wp\/v2\/comments?post=306169"}],"wp:featuredmedia":[{"embeddable":true,"href":"https:\/\/www.moskito.cz\/sk\/wp-json\/wp\/v2\/media\/190070"}],"wp:attachment":[{"href":"https:\/\/www.moskito.cz\/sk\/wp-json\/wp\/v2\/media?parent=306169"}],"wp:term":[{"taxonomy":"pwb-brand","embeddable":true,"href":"https:\/\/www.moskito.cz\/sk\/wp-json\/wp\/v2\/pwb-brand?post=306169"},{"taxonomy":"product_brand","embeddable":true,"href":"https:\/\/www.moskito.cz\/sk\/wp-json\/wp\/v2\/product_brand?post=306169"},{"taxonomy":"product_cat","embeddable":true,"href":"https:\/\/www.moskito.cz\/sk\/wp-json\/wp\/v2\/product_cat?post=306169"},{"taxonomy":"product_tag","embeddable":true,"href":"https:\/\/www.moskito.cz\/sk\/wp-json\/wp\/v2\/product_tag?post=306169"}],"curies":[{"name":"wp","href":"https:\/\/api.w.org\/{rel}","templated":true}]}}