{"id":306174,"date":"2019-02-09T09:49:31","date_gmt":"2024-02-05T20:18:46","guid":{"rendered":"https:\/\/www.moskito.cz\/produkt\/zatvaraci-noz-special-run-explosionsdamast\/"},"modified":"2025-07-11T07:48:10","modified_gmt":"2025-07-11T06:48:10","slug":"zatvaraci-noz-special-run-explosionsdamast","status":"publish","type":"product","link":"https:\/\/www.moskito.cz\/sk\/produkt\/zatvaraci-noz-special-run-explosionsdamast\/","title":{"rendered":"Zatv\u00e1rac\u00ed n\u00f4\u017e Special Run Explosionsdamast"},"content":{"rendered":"<p><span class=\"tlid-translation translation\"><span class=\"\" title=\"\">Zatv\u00e1rac\u00ed n\u00f4\u017e S <strong>pecial Run<\/strong> Explosionsdamast.<\/span><\/span><\/p>\n<p><span class=\"tlid-translation translation\"><span class=\"\" title=\"\">Ob\u013e\u00faben\u00e1 s\u00e9ria B\u00f6ker 3000, ktor\u00e1 sa osved\u010dila v ka\u017edodennom \u017eivote a na love, bola obohaten\u00e1 o exkluz\u00edvnu limitovan\u00fa ed\u00edciu.<\/span><\/span><\/p>\n<p><span class=\"\" title=\"\">N\u00f4\u017e z ru\u010dne kovan\u00e9ho v\u00fdbuchu damask Andreasom Henrichsom sa nach\u00e1dza v rukov\u00e4ti z br\u00fasenej nerezovej ocele.<\/span> <span class=\"\" title=\"\">Rukov\u00e4\u0165 je vyroben\u00e1 z ru\u010dne vyberan\u00e9ho makassarov\u00e9ho dreva a d\u00e1va tomuto zvl\u00e1\u0161tnemu zberate\u013esk\u00e9mu predmetu exkluz\u00edvny dotyk a harmonizuj\u00fa sa svoj\u00edm zrnom neporovnate\u013en\u00fdm sp\u00f4sobom s expresn\u00fdm damaskom.<\/span><\/p>\n<p><span title=\"\">Vreckov\u00fd n\u00f4\u017e je obmedzen\u00fd na 199 k\u00f3pi\u00ed po celom svete.<\/span><br \/>\n<span title=\"\">Dod\u00e1vka prebieha v exkluz\u00edvnej zberate\u013eskej krabici as certifik\u00e1tom pravosti pre vreckov\u00fd n\u00f4\u017e B\u00f6ker.<\/span><\/p>\n<p><span title=\"\"><span class=\"tlid-translation translation\"><span class=\"\" title=\"\">Zatv\u00e1rac\u00ed n\u00f4\u017e Special Run Explosionsdamast<\/span><\/span><\/span><\/p>\n<p><span title=\"\">Celkov\u00e1 d\u013a\u017eka 20 cm.<\/span> <span title=\"\">\u010cepe\u013e 8.5 cm.<\/span> <span title=\"\">Hmotnos\u0165 165 g.<\/span><\/p>\n","protected":false},"excerpt":{"rendered":"<p><span class=\"tlid-translation translation\"><span class=\"\" title=\"\">Obmedzen\u00e1 ed\u00edcia <strong>B\u00f6ker<\/strong> vreckov\u00e9ho no\u017ea zo s\u00e9rie 3000.<br \/>\n<\/span><\/span><\/p>\n","protected":false},"featured_media":190076,"comment_status":"open","ping_status":"closed","template":"","meta":[],"pwb-brand":[3419],"product_brand":[],"product_cat":[3424,3186],"product_tag":[3668],"class_list":{"0":"post-306174","1":"product","2":"type-product","3":"status-publish","4":"has-post-thumbnail","6":"pwb-brand-boker-sk","7":"product_cat-damascenske-noze-sk","8":"product_cat-noze-sk","9":"product_tag-b2b-sk","11":"first","12":"instock","13":"taxable","14":"shipping-taxable","15":"purchasable","16":"product-type-simple"},"brands":[{"id":3419,"name":"Boker","slug":"boker-sk"}],"_links":{"self":[{"href":"https:\/\/www.moskito.cz\/sk\/wp-json\/wp\/v2\/product\/306174","targetHints":{"allow":["GET"]}}],"collection":[{"href":"https:\/\/www.moskito.cz\/sk\/wp-json\/wp\/v2\/product"}],"about":[{"href":"https:\/\/www.moskito.cz\/sk\/wp-json\/wp\/v2\/types\/product"}],"replies":[{"embeddable":true,"href":"https:\/\/www.moskito.cz\/sk\/wp-json\/wp\/v2\/comments?post=306174"}],"wp:featuredmedia":[{"embeddable":true,"href":"https:\/\/www.moskito.cz\/sk\/wp-json\/wp\/v2\/media\/190076"}],"wp:attachment":[{"href":"https:\/\/www.moskito.cz\/sk\/wp-json\/wp\/v2\/media?parent=306174"}],"wp:term":[{"taxonomy":"pwb-brand","embeddable":true,"href":"https:\/\/www.moskito.cz\/sk\/wp-json\/wp\/v2\/pwb-brand?post=306174"},{"taxonomy":"product_brand","embeddable":true,"href":"https:\/\/www.moskito.cz\/sk\/wp-json\/wp\/v2\/product_brand?post=306174"},{"taxonomy":"product_cat","embeddable":true,"href":"https:\/\/www.moskito.cz\/sk\/wp-json\/wp\/v2\/product_cat?post=306174"},{"taxonomy":"product_tag","embeddable":true,"href":"https:\/\/www.moskito.cz\/sk\/wp-json\/wp\/v2\/product_tag?post=306174"}],"curies":[{"name":"wp","href":"https:\/\/api.w.org\/{rel}","templated":true}]}}