{"id":306180,"date":"2019-02-09T13:33:38","date_gmt":"2024-02-05T20:18:48","guid":{"rendered":"https:\/\/www.moskito.cz\/produkt\/zatvaraci-noz-boker-scout-honeycomb-black-112501\/"},"modified":"2025-07-11T07:48:13","modified_gmt":"2025-07-11T06:48:13","slug":"zatvaraci-noz-boker-scout-honeycomb-black-112501","status":"publish","type":"product","link":"https:\/\/www.moskito.cz\/sk\/produkt\/zatvaraci-noz-boker-scout-honeycomb-black-112501\/","title":{"rendered":"Zatv\u00e1rac\u00ed n\u00f4\u017e B\u00f6ker Scout Honeycomb Black 112501"},"content":{"rendered":"<p>Zatv\u00e1rac\u00ed n\u00f4\u017e <strong>B\u00f6ker<\/strong> Scout Honeycomb Black 112501.<\/p>\n<p>B\u00f6ker Solingen Manufaktur je pokra\u010dovate\u013e nemeckej trad\u00edcie vyhl\u00e1sen\u00fdch no\u017eov od roku 1869. T\u00e1to pr\u00e9miov\u00e1 zna\u010dka ru\u010dne vyr\u00e1ba no\u017ee pre lovcov, obranu, ka\u017edodenn\u00e9 nosenie, ale aj vojensk\u00e9 \u0161peci\u00e1ly do naj\u0165a\u017e\u0161\u00edch podmienok.<\/p>\n<p>Celkov\u00e1 d\u013a\u017eka: 18.5 cm<br \/>\nD\u013a\u017eka \u010depele: 8 cm<br \/>\nHr\u00fabka \u010depele: 3 mm<br \/>\nHmotnos\u0165: 265 g<br \/>\nMateri\u00e1l \u010depele: N690<br \/>\nMateri\u00e1l rukov\u00e4te: Honeycomb<\/p>\n","protected":false},"excerpt":{"rendered":"<p>Zatv\u00e1rac\u00ed n\u00f4\u017e s poistkou.<\/p>\n","protected":false},"featured_media":198630,"comment_status":"open","ping_status":"closed","template":"","meta":[],"pwb-brand":[3419],"product_brand":[],"product_cat":[3186,3233],"product_tag":[3668],"class_list":{"0":"post-306180","1":"product","2":"type-product","3":"status-publish","4":"has-post-thumbnail","6":"pwb-brand-boker-sk","7":"product_cat-noze-sk","8":"product_cat-zatvaracie-noze","9":"product_tag-b2b-sk","11":"first","12":"outofstock","13":"taxable","14":"shipping-taxable","15":"purchasable","16":"product-type-simple"},"brands":[{"id":3419,"name":"Boker","slug":"boker-sk"}],"_links":{"self":[{"href":"https:\/\/www.moskito.cz\/sk\/wp-json\/wp\/v2\/product\/306180","targetHints":{"allow":["GET"]}}],"collection":[{"href":"https:\/\/www.moskito.cz\/sk\/wp-json\/wp\/v2\/product"}],"about":[{"href":"https:\/\/www.moskito.cz\/sk\/wp-json\/wp\/v2\/types\/product"}],"replies":[{"embeddable":true,"href":"https:\/\/www.moskito.cz\/sk\/wp-json\/wp\/v2\/comments?post=306180"}],"wp:featuredmedia":[{"embeddable":true,"href":"https:\/\/www.moskito.cz\/sk\/wp-json\/wp\/v2\/media\/198630"}],"wp:attachment":[{"href":"https:\/\/www.moskito.cz\/sk\/wp-json\/wp\/v2\/media?parent=306180"}],"wp:term":[{"taxonomy":"pwb-brand","embeddable":true,"href":"https:\/\/www.moskito.cz\/sk\/wp-json\/wp\/v2\/pwb-brand?post=306180"},{"taxonomy":"product_brand","embeddable":true,"href":"https:\/\/www.moskito.cz\/sk\/wp-json\/wp\/v2\/product_brand?post=306180"},{"taxonomy":"product_cat","embeddable":true,"href":"https:\/\/www.moskito.cz\/sk\/wp-json\/wp\/v2\/product_cat?post=306180"},{"taxonomy":"product_tag","embeddable":true,"href":"https:\/\/www.moskito.cz\/sk\/wp-json\/wp\/v2\/product_tag?post=306180"}],"curies":[{"name":"wp","href":"https:\/\/api.w.org\/{rel}","templated":true}]}}