{"id":306183,"date":"2019-02-09T09:25:13","date_gmt":"2024-02-05T20:18:49","guid":{"rendered":"https:\/\/www.moskito.cz\/produkt\/zatvaraci-noz-boker-special-run-thorn-mokuti-113210\/"},"modified":"2025-07-11T07:48:10","modified_gmt":"2025-07-11T06:48:10","slug":"zatvaraci-noz-boker-special-run-thorn-mokuti-113210","status":"publish","type":"product","link":"https:\/\/www.moskito.cz\/sk\/produkt\/zatvaraci-noz-boker-special-run-thorn-mokuti-113210\/","title":{"rendered":"Zatv\u00e1rac\u00ed n\u00f4\u017e Boker Special Run Thorn Mokuti 113210"},"content":{"rendered":"<p>Zatv\u00e1rac\u00ed n\u00f4\u017e Boker Special Run Thorn Mokuti 113210.<\/p>\n<p><span class=\"tlid-translation translation\">Po ve\u013emi \u00faspe\u0161nom Ans\u00f8 67 Mokuti, ktor\u00fd sa objavil v roku 2012 v obmedzenej malej s\u00e9rii a bol vypredan\u00fd za nieko\u013eko dn\u00ed, s Thornom Mokoutim (Design Jim Burke z Mississippi \/ USA) by sme radi predstavili v\u0161etk\u00fdm zberate\u013eom nov\u00fd projekt, ktor\u00fd sa ponor\u00ed e\u0161te hlb\u0161ie do &#8222;Mokuti&#8220;. Chad Nichols, tie\u017e z Mississippi, s nerezov\u00fdm dama\u0161kom, ktor\u00fd sme u\u017e pou\u017eili pre niektor\u00e9 z na\u0161ich dama\u0161sk\u00fdch no\u017eov, je jedn\u00fdm z m\u00e1la kov\u00e1\u010dov, ktor\u00ed ovl\u00e1daj\u00fa v\u00fdrobu tohto dama\u0161kovit\u00e9ho zv\u00e1ran\u00e9ho kompozitu dvoch tit\u00e1nov\u00fdch zliatin po celom svete. Pri ve\u013emi zlo\u017eitom procese kovania je vytvoren\u00fd materi\u00e1l z dvoch r\u00f4znych zliatin tit\u00e1nu, ktor\u00fd je nielen ve\u013emi exkluz\u00edvny, ale aj extr\u00e9mne odoln\u00fd. Z tohto inovat\u00edvneho a jedine\u010dn\u00e9ho materi\u00e1lu, ktor\u00fd sa inak pou\u017e\u00edva v\u00fdhradne vo vysoko kvalitn\u00fdch z\u00e1kazkov\u00fdch no\u017eoch, vyr\u00e1ba spolo\u010dnos\u0165 B\u00f6ker vo v\u00fdrobe s\u00e9riov\u00fdch no\u017eov v B\u00f6ker Manufaktur Solingen v\u00fdhradne kompletn\u00fd r\u00e1mov\u00fd n\u00f4\u017e. Na zv\u00fd\u0161enie \u00farovne sofistikovanosti a exkluzivity vo vz\u0165ahu k prv\u00e9mu modelu Mokuti pon\u00faka Thorn Mokuti kompletn\u00fa rukov\u00e4\u0165 z cenn\u00e9ho materi\u00e1lu. Zadn\u00fd kryt je tie\u017e vyroben\u00fd z Mokuti a je navrhnut\u00fd ako z\u00e1mok z tit\u00e1nu, rovnako ako \u0161tandardn\u00fd model. Sanitizovan\u00e1 klipska poskytuje zvl\u00e1\u0161tny d\u00f4raz na zadnej strane rukov\u00e4te. Pokia\u013e ide o \u010depe\u013e, aby sme dosiahli vysok\u00fa \u00farove\u0148 tohto exkluz\u00edvneho kolektorov\u00e9ho no\u017ea, zvolili sme pr\u00e1\u0161kov\u00fa metalurgiu CPM S35-VN pre \u010depe\u013eov\u00fa oce\u013e, ktor\u00e1 stanovuje nov\u00e9 \u0161tandardy, pokia\u013e ide o zachovanie rezn\u00fdch hr\u00e1n a \u010fal\u0161ie vlastnosti. Jemne br\u00fasen\u00e1 \u010depe\u013e je pozoruhodn\u00e1 pre dvojt\u00f3nov\u00fd povrch, ktor\u00fd prin\u00e1\u0161a dynamick\u00e9, ale z\u00e1rove\u0148 harmonick\u00e9 br\u00fasenie. To zais\u0165uje, \u017ee zam\u00fd\u0161\u013ean\u00e1 exkluzivita tohto projektu je preveden\u00e1 z rukov\u00e4te na \u010depe\u013e. Iba 199 no\u017eov je vyr\u00e1ban\u00fdch v dvoch pr\u00edsne obmedzen\u00fdch s\u00e9ri\u00e1ch, jedna pre Eur\u00f3pu a druh\u00e1 pre USA, ka\u017ed\u00e1 so zodpovedaj\u00facim k\u00f3dovan\u00fdm s\u00e9riov\u00fdm \u010d\u00edslom. Dod\u00e1va sa s certifik\u00e1tom a vo vysoko kvalitnej zberate\u013eskej krabici.<br \/>\n\u0160pecifik\u00e1cia<\/span><\/p>\n<p>Celkov\u00e1 d\u013a\u017eka: 15,9 cm<br \/>\nD\u013a\u017eka \u010depele: 6,6 cm<br \/>\nHmotnos\u0165: 87 g<br \/>\nHr\u00fabka \u010depele: 3,5 mm<br \/>\nMateri\u00e1l \u010depele: CPM S-35VN<br \/>\nMateri\u00e1l rukov\u00e4te: Titan<br \/>\nN\u00e1vrh\u00e1r: Jim Burke<\/p>\n<p>&nbsp;<\/p>\n","protected":false},"excerpt":{"rendered":"<p>Zatv\u00e1rac\u00ed n\u00f4\u017e s poistkou.<\/p>\n","protected":false},"featured_media":198642,"comment_status":"open","ping_status":"closed","template":"","meta":[],"pwb-brand":[3419],"product_brand":[],"product_cat":[3186,3233],"product_tag":[3668],"class_list":{"0":"post-306183","1":"product","2":"type-product","3":"status-publish","4":"has-post-thumbnail","6":"pwb-brand-boker-sk","7":"product_cat-noze-sk","8":"product_cat-zatvaracie-noze","9":"product_tag-b2b-sk","11":"first","12":"instock","13":"taxable","14":"shipping-taxable","15":"purchasable","16":"product-type-simple"},"brands":[{"id":3419,"name":"Boker","slug":"boker-sk"}],"_links":{"self":[{"href":"https:\/\/www.moskito.cz\/sk\/wp-json\/wp\/v2\/product\/306183","targetHints":{"allow":["GET"]}}],"collection":[{"href":"https:\/\/www.moskito.cz\/sk\/wp-json\/wp\/v2\/product"}],"about":[{"href":"https:\/\/www.moskito.cz\/sk\/wp-json\/wp\/v2\/types\/product"}],"replies":[{"embeddable":true,"href":"https:\/\/www.moskito.cz\/sk\/wp-json\/wp\/v2\/comments?post=306183"}],"wp:featuredmedia":[{"embeddable":true,"href":"https:\/\/www.moskito.cz\/sk\/wp-json\/wp\/v2\/media\/198642"}],"wp:attachment":[{"href":"https:\/\/www.moskito.cz\/sk\/wp-json\/wp\/v2\/media?parent=306183"}],"wp:term":[{"taxonomy":"pwb-brand","embeddable":true,"href":"https:\/\/www.moskito.cz\/sk\/wp-json\/wp\/v2\/pwb-brand?post=306183"},{"taxonomy":"product_brand","embeddable":true,"href":"https:\/\/www.moskito.cz\/sk\/wp-json\/wp\/v2\/product_brand?post=306183"},{"taxonomy":"product_cat","embeddable":true,"href":"https:\/\/www.moskito.cz\/sk\/wp-json\/wp\/v2\/product_cat?post=306183"},{"taxonomy":"product_tag","embeddable":true,"href":"https:\/\/www.moskito.cz\/sk\/wp-json\/wp\/v2\/product_tag?post=306183"}],"curies":[{"name":"wp","href":"https:\/\/api.w.org\/{rel}","templated":true}]}}