{"id":306249,"date":"2019-02-09T14:12:21","date_gmt":"2024-02-05T20:21:43","guid":{"rendered":"https:\/\/www.moskito.cz\/produkt\/boker-tree-brand-dinosaur-bone\/"},"modified":"2025-07-11T07:48:14","modified_gmt":"2025-07-11T06:48:14","slug":"boker-tree-brand-dinosaur-bone","status":"publish","type":"product","link":"https:\/\/www.moskito.cz\/sk\/produkt\/boker-tree-brand-dinosaur-bone\/","title":{"rendered":"B\u00f6ker TREE BRAND Dinosaur Bone"},"content":{"rendered":"<p><span class=\"tlid-translation translation\"><strong>B\u00f6ker<\/strong> TREE BRAND Dinosaur Bone.<br \/>\n<\/span><\/p>\n<p><span class=\"tlid-translation translation\"> <span class=\"\" title=\"\">Materi\u00e1l \u010depele: nerezov\u00e1 oce\u013e 440C<\/span><br \/>\n<span class=\"\" title=\"\">Materi\u00e1l rukov\u00e4te: prav\u00e1 zosilnen\u00e1 dinosauria kos\u0165<\/span><br \/>\nCelkov\u00e1 d\u013a\u017eka:18.3 cm<\/span><\/p>\n<p><span class=\"tlid-translation translation\"><span title=\"\">D\u013a\u017eka no\u017ea: 10,48 cm (zlo\u017een\u00e1 \/ zatvoren\u00e1)<\/span><br \/>\n<span title=\"\">Krajina v\u00fdroby: Nemecko<\/span><br \/>\n<span class=\"\" title=\"\">Zah\u0155\u0148a: zberate\u013esk\u00fa krabicu Boker.<\/span><\/span><\/p>\n","protected":false},"excerpt":{"rendered":"<p>Zatv\u00e1rac\u00ed n\u00f4\u017e s poistkou.<\/p>\n","protected":false},"featured_media":190132,"comment_status":"open","ping_status":"closed","template":"","meta":[],"pwb-brand":[3419],"product_brand":[],"product_cat":[3186,3233],"product_tag":[3668],"class_list":{"0":"post-306249","1":"product","2":"type-product","3":"status-publish","4":"has-post-thumbnail","6":"pwb-brand-boker-sk","7":"product_cat-noze-sk","8":"product_cat-zatvaracie-noze","9":"product_tag-b2b-sk","11":"first","12":"instock","13":"taxable","14":"shipping-taxable","15":"purchasable","16":"product-type-simple"},"brands":[{"id":3419,"name":"Boker","slug":"boker-sk"}],"_links":{"self":[{"href":"https:\/\/www.moskito.cz\/sk\/wp-json\/wp\/v2\/product\/306249","targetHints":{"allow":["GET"]}}],"collection":[{"href":"https:\/\/www.moskito.cz\/sk\/wp-json\/wp\/v2\/product"}],"about":[{"href":"https:\/\/www.moskito.cz\/sk\/wp-json\/wp\/v2\/types\/product"}],"replies":[{"embeddable":true,"href":"https:\/\/www.moskito.cz\/sk\/wp-json\/wp\/v2\/comments?post=306249"}],"wp:featuredmedia":[{"embeddable":true,"href":"https:\/\/www.moskito.cz\/sk\/wp-json\/wp\/v2\/media\/190132"}],"wp:attachment":[{"href":"https:\/\/www.moskito.cz\/sk\/wp-json\/wp\/v2\/media?parent=306249"}],"wp:term":[{"taxonomy":"pwb-brand","embeddable":true,"href":"https:\/\/www.moskito.cz\/sk\/wp-json\/wp\/v2\/pwb-brand?post=306249"},{"taxonomy":"product_brand","embeddable":true,"href":"https:\/\/www.moskito.cz\/sk\/wp-json\/wp\/v2\/product_brand?post=306249"},{"taxonomy":"product_cat","embeddable":true,"href":"https:\/\/www.moskito.cz\/sk\/wp-json\/wp\/v2\/product_cat?post=306249"},{"taxonomy":"product_tag","embeddable":true,"href":"https:\/\/www.moskito.cz\/sk\/wp-json\/wp\/v2\/product_tag?post=306249"}],"curies":[{"name":"wp","href":"https:\/\/api.w.org\/{rel}","templated":true}]}}