{"id":306296,"date":"2019-03-24T15:45:54","date_gmt":"2024-02-05T20:25:16","guid":{"rendered":"https:\/\/www.moskito.cz\/produkt\/flobert-naboje-cal-6mm-gulicka-100ks\/"},"modified":"2025-07-11T07:48:21","modified_gmt":"2025-07-11T06:48:21","slug":"flobert-naboje-cal-6mm-gulicka-100ks","status":"publish","type":"product","link":"https:\/\/www.moskito.cz\/sk\/produkt\/flobert-naboje-cal-6mm-gulicka-100ks\/","title":{"rendered":"Flobert n\u00e1boje cal. 6mm guli\u010dka 100ks"},"content":{"rendered":"<div class=\"col-md-8\">\n<p><strong>Flobertov\u00e9 n\u00e1boje<\/strong> cal. 6mm guli\u010dka 100ks.<\/p>\n<p>Balenie: 100 ks.<\/p>\n<p>Okr\u00fahla n\u00e1bojnica, v\u00e4\u010d\u0161ia prieraznos\u0165.<\/p>\n<\/div>\n<div class=\"col-md-4\">\n<p>6 mm flobert<\/p>\n<p><strong>N\u00e1boje skupiny D, vo\u013enopredajn\u00e9 od 18 rokov.<\/strong><\/p>\n<\/div>\n","protected":false},"excerpt":{"rendered":"<p><strong>Flobertov\u00e9<\/strong> n\u00e1boje pre flobertky cal. 6 mm, s gu\u013eatou hlavou.<\/p>\n","protected":false},"featured_media":189906,"comment_status":"open","ping_status":"closed","template":"","meta":[],"pwb-brand":[3441],"product_brand":[],"product_cat":[3438],"product_tag":[3668],"class_list":{"0":"post-306296","1":"product","2":"type-product","3":"status-publish","4":"has-post-thumbnail","6":"pwb-brand-sellierbellot-sk","7":"product_cat-naboje-skupiny-d-sk","8":"product_tag-b2b-sk","10":"first","11":"outofstock","12":"taxable","13":"shipping-taxable","14":"purchasable","15":"product-type-simple"},"brands":[{"id":3441,"name":"Sellier&amp;Bellot","slug":"sellierbellot-sk"}],"_links":{"self":[{"href":"https:\/\/www.moskito.cz\/sk\/wp-json\/wp\/v2\/product\/306296","targetHints":{"allow":["GET"]}}],"collection":[{"href":"https:\/\/www.moskito.cz\/sk\/wp-json\/wp\/v2\/product"}],"about":[{"href":"https:\/\/www.moskito.cz\/sk\/wp-json\/wp\/v2\/types\/product"}],"replies":[{"embeddable":true,"href":"https:\/\/www.moskito.cz\/sk\/wp-json\/wp\/v2\/comments?post=306296"}],"wp:featuredmedia":[{"embeddable":true,"href":"https:\/\/www.moskito.cz\/sk\/wp-json\/wp\/v2\/media\/189906"}],"wp:attachment":[{"href":"https:\/\/www.moskito.cz\/sk\/wp-json\/wp\/v2\/media?parent=306296"}],"wp:term":[{"taxonomy":"pwb-brand","embeddable":true,"href":"https:\/\/www.moskito.cz\/sk\/wp-json\/wp\/v2\/pwb-brand?post=306296"},{"taxonomy":"product_brand","embeddable":true,"href":"https:\/\/www.moskito.cz\/sk\/wp-json\/wp\/v2\/product_brand?post=306296"},{"taxonomy":"product_cat","embeddable":true,"href":"https:\/\/www.moskito.cz\/sk\/wp-json\/wp\/v2\/product_cat?post=306296"},{"taxonomy":"product_tag","embeddable":true,"href":"https:\/\/www.moskito.cz\/sk\/wp-json\/wp\/v2\/product_tag?post=306296"}],"curies":[{"name":"wp","href":"https:\/\/api.w.org\/{rel}","templated":true}]}}