{"id":306306,"date":"2019-03-25T19:37:30","date_gmt":"2024-02-05T20:25:20","guid":{"rendered":"https:\/\/www.moskito.cz\/produkt\/ka-bar-zombie-knives-war-sword-ka5701\/"},"modified":"2025-07-11T07:48:23","modified_gmt":"2025-07-11T06:48:23","slug":"ka-bar-zombie-knives-war-sword-ka5701","status":"publish","type":"product","link":"https:\/\/www.moskito.cz\/sk\/produkt\/ka-bar-zombie-knives-war-sword-ka5701\/","title":{"rendered":"Ka-Bar Zombie Knives War Sword KA5701"},"content":{"rendered":"<p>Ka-Bar Zombie Knives War Sword KA5701.<\/p>\n<p>Celkov\u00e1 d\u013a\u017eka: 384 mm<br \/>\nD\u013a\u017eka \u010depele: 248 mm<br \/>\nHr\u00fabka \u010depele: 5,2 mm<br \/>\nHmotnos\u0165: 454 g<\/p>\n<p>Tvrdos\u0165 \u010depele: 52-54 HRC<br \/>\nMateri\u00e1l \u010depele: Nerezov\u00e1 oce\u013e 1095 Cro-Van<br \/>\nMateri\u00e1l rukov\u00e4te: Polym\u00e9r GFN-PA66<br \/>\nPuzdro: Nyl\u00f3nov\u00e9<\/p>\n","protected":false},"excerpt":{"rendered":"<p>Pevn\u00fd n\u00f4\u017e s puzdrom.<\/p>\n","protected":false},"featured_media":163245,"comment_status":"open","ping_status":"closed","template":"","meta":[],"pwb-brand":[3437],"product_brand":[],"product_cat":[3186,3187],"product_tag":[],"class_list":{"0":"post-306306","1":"product","2":"type-product","3":"status-publish","4":"has-post-thumbnail","6":"pwb-brand-ka-bar-sk","7":"product_cat-noze-sk","8":"product_cat-pevne-noze-sk","10":"first","11":"outofstock","12":"taxable","13":"shipping-taxable","14":"purchasable","15":"product-type-simple"},"brands":[{"id":3437,"name":"Ka-Bar","slug":"ka-bar-sk"}],"_links":{"self":[{"href":"https:\/\/www.moskito.cz\/sk\/wp-json\/wp\/v2\/product\/306306","targetHints":{"allow":["GET"]}}],"collection":[{"href":"https:\/\/www.moskito.cz\/sk\/wp-json\/wp\/v2\/product"}],"about":[{"href":"https:\/\/www.moskito.cz\/sk\/wp-json\/wp\/v2\/types\/product"}],"replies":[{"embeddable":true,"href":"https:\/\/www.moskito.cz\/sk\/wp-json\/wp\/v2\/comments?post=306306"}],"wp:featuredmedia":[{"embeddable":true,"href":"https:\/\/www.moskito.cz\/sk\/wp-json\/wp\/v2\/media\/163245"}],"wp:attachment":[{"href":"https:\/\/www.moskito.cz\/sk\/wp-json\/wp\/v2\/media?parent=306306"}],"wp:term":[{"taxonomy":"pwb-brand","embeddable":true,"href":"https:\/\/www.moskito.cz\/sk\/wp-json\/wp\/v2\/pwb-brand?post=306306"},{"taxonomy":"product_brand","embeddable":true,"href":"https:\/\/www.moskito.cz\/sk\/wp-json\/wp\/v2\/product_brand?post=306306"},{"taxonomy":"product_cat","embeddable":true,"href":"https:\/\/www.moskito.cz\/sk\/wp-json\/wp\/v2\/product_cat?post=306306"},{"taxonomy":"product_tag","embeddable":true,"href":"https:\/\/www.moskito.cz\/sk\/wp-json\/wp\/v2\/product_tag?post=306306"}],"curies":[{"name":"wp","href":"https:\/\/api.w.org\/{rel}","templated":true}]}}