{"id":306313,"date":"2019-03-25T19:28:57","date_gmt":"2024-02-05T20:25:22","guid":{"rendered":"https:\/\/www.moskito.cz\/produkt\/ka-bar-zombie-knives-famine-tanto-ka5700\/"},"modified":"2025-07-11T07:48:23","modified_gmt":"2025-07-11T06:48:23","slug":"ka-bar-zombie-knives-famine-tanto-ka5700","status":"publish","type":"product","link":"https:\/\/www.moskito.cz\/sk\/produkt\/ka-bar-zombie-knives-famine-tanto-ka5700\/","title":{"rendered":"Ka-Bar Zombie Knives Famine Tanto KA5700"},"content":{"rendered":"<p>Ka-Bar Zombie Knives Famine Tanto KA5700.<\/p>\n<p>Celkov\u00e1 d\u013a\u017eka: 33,3 cm<\/p>\n<p>D\u013a\u017eka \u010depele: 19,4 cm<\/p>\n<p>Materi\u00e1l \u010depele: Nerezov\u00e1 oce\u013e 1095<\/p>\n<p>Hr\u00fabka \u010depele: 5,2 mm<\/p>\n<p>Hmotnos\u0165: 431 g<\/p>\n<p>Tvrdos\u0165 \u010depele: 52-54 HRC<\/p>\n<p>Materi\u00e1l rukov\u00e4te: Kompozit GFN-PA66<\/p>\n<p>Puzdro: Nyl\u00f3nov\u00e9<\/p>\n","protected":false},"excerpt":{"rendered":"<p>Pevn\u00fd n\u00f4\u017e s puzdrom.<\/p>\n","protected":false},"featured_media":163243,"comment_status":"open","ping_status":"closed","template":"","meta":[],"pwb-brand":[3437],"product_brand":[],"product_cat":[3187,3186],"product_tag":[],"class_list":{"0":"post-306313","1":"product","2":"type-product","3":"status-publish","4":"has-post-thumbnail","6":"pwb-brand-ka-bar-sk","7":"product_cat-pevne-noze-sk","8":"product_cat-noze-sk","10":"first","11":"outofstock","12":"taxable","13":"shipping-taxable","14":"purchasable","15":"product-type-simple"},"brands":[{"id":3437,"name":"Ka-Bar","slug":"ka-bar-sk"}],"_links":{"self":[{"href":"https:\/\/www.moskito.cz\/sk\/wp-json\/wp\/v2\/product\/306313","targetHints":{"allow":["GET"]}}],"collection":[{"href":"https:\/\/www.moskito.cz\/sk\/wp-json\/wp\/v2\/product"}],"about":[{"href":"https:\/\/www.moskito.cz\/sk\/wp-json\/wp\/v2\/types\/product"}],"replies":[{"embeddable":true,"href":"https:\/\/www.moskito.cz\/sk\/wp-json\/wp\/v2\/comments?post=306313"}],"wp:featuredmedia":[{"embeddable":true,"href":"https:\/\/www.moskito.cz\/sk\/wp-json\/wp\/v2\/media\/163243"}],"wp:attachment":[{"href":"https:\/\/www.moskito.cz\/sk\/wp-json\/wp\/v2\/media?parent=306313"}],"wp:term":[{"taxonomy":"pwb-brand","embeddable":true,"href":"https:\/\/www.moskito.cz\/sk\/wp-json\/wp\/v2\/pwb-brand?post=306313"},{"taxonomy":"product_brand","embeddable":true,"href":"https:\/\/www.moskito.cz\/sk\/wp-json\/wp\/v2\/product_brand?post=306313"},{"taxonomy":"product_cat","embeddable":true,"href":"https:\/\/www.moskito.cz\/sk\/wp-json\/wp\/v2\/product_cat?post=306313"},{"taxonomy":"product_tag","embeddable":true,"href":"https:\/\/www.moskito.cz\/sk\/wp-json\/wp\/v2\/product_tag?post=306313"}],"curies":[{"name":"wp","href":"https:\/\/api.w.org\/{rel}","templated":true}]}}