{"id":306321,"date":"2019-03-25T18:17:24","date_gmt":"2024-02-05T20:25:25","guid":{"rendered":"https:\/\/www.moskito.cz\/produkt\/ka-bar-fighting-knife-ka5012\/"},"modified":"2025-07-11T07:48:23","modified_gmt":"2025-07-11T06:48:23","slug":"ka-bar-fighting-knife-ka5012","status":"publish","type":"product","link":"https:\/\/www.moskito.cz\/sk\/produkt\/ka-bar-fighting-knife-ka5012\/","title":{"rendered":"Ka-Bar Fighting Knife KA5012"},"content":{"rendered":"<p>Ka-Bar Fighting Knife KA5012.<\/p>\n<p><strong>Celkov\u00e1 d\u013a\u017eka:<\/strong> 29,8 cm.<\/p>\n<p><strong>D\u013a\u017eka \u010depele:<\/strong> 17,8 cm.<\/p>\n<p><strong>Hr\u00fabka \u010depele:<\/strong> 4,2 mm.<\/p>\n<p><strong>Hmotnos\u0165:<\/strong> 318 g.<\/p>\n<p><strong>Materi\u00e1l \u010depele:<\/strong> uhl\u00edkov\u00e1 oce\u013e 1095 Cro-Van tvrdosti 56-58 HRC<\/p>\n<p><strong>Materi\u00e1l rukov\u00e4te:<\/strong> Krat\u00f3n.<\/p>\n<p><strong>Puzdro:<\/strong> green Zytel puzdro na opasok.<\/p>\n","protected":false},"excerpt":{"rendered":"<p>Pevn\u00fd n\u00f4\u017e s puzdrom.<\/p>\n","protected":false},"featured_media":163228,"comment_status":"open","ping_status":"closed","template":"","meta":[],"pwb-brand":[3437],"product_brand":[],"product_cat":[3186,3187],"product_tag":[],"class_list":{"0":"post-306321","1":"product","2":"type-product","3":"status-publish","4":"has-post-thumbnail","6":"pwb-brand-ka-bar-sk","7":"product_cat-noze-sk","8":"product_cat-pevne-noze-sk","10":"first","11":"outofstock","12":"taxable","13":"shipping-taxable","14":"purchasable","15":"product-type-simple"},"brands":[{"id":3437,"name":"Ka-Bar","slug":"ka-bar-sk"}],"_links":{"self":[{"href":"https:\/\/www.moskito.cz\/sk\/wp-json\/wp\/v2\/product\/306321","targetHints":{"allow":["GET"]}}],"collection":[{"href":"https:\/\/www.moskito.cz\/sk\/wp-json\/wp\/v2\/product"}],"about":[{"href":"https:\/\/www.moskito.cz\/sk\/wp-json\/wp\/v2\/types\/product"}],"replies":[{"embeddable":true,"href":"https:\/\/www.moskito.cz\/sk\/wp-json\/wp\/v2\/comments?post=306321"}],"wp:featuredmedia":[{"embeddable":true,"href":"https:\/\/www.moskito.cz\/sk\/wp-json\/wp\/v2\/media\/163228"}],"wp:attachment":[{"href":"https:\/\/www.moskito.cz\/sk\/wp-json\/wp\/v2\/media?parent=306321"}],"wp:term":[{"taxonomy":"pwb-brand","embeddable":true,"href":"https:\/\/www.moskito.cz\/sk\/wp-json\/wp\/v2\/pwb-brand?post=306321"},{"taxonomy":"product_brand","embeddable":true,"href":"https:\/\/www.moskito.cz\/sk\/wp-json\/wp\/v2\/product_brand?post=306321"},{"taxonomy":"product_cat","embeddable":true,"href":"https:\/\/www.moskito.cz\/sk\/wp-json\/wp\/v2\/product_cat?post=306321"},{"taxonomy":"product_tag","embeddable":true,"href":"https:\/\/www.moskito.cz\/sk\/wp-json\/wp\/v2\/product_tag?post=306321"}],"curies":[{"name":"wp","href":"https:\/\/api.w.org\/{rel}","templated":true}]}}