{"id":306330,"date":"2019-03-13T17:51:45","date_gmt":"2024-02-05T20:25:31","guid":{"rendered":"https:\/\/www.moskito.cz\/produkt\/svietidlo-mag-lite-three-d-cell-camo-ml02633\/"},"modified":"2025-07-11T07:48:20","modified_gmt":"2025-07-11T06:48:20","slug":"svietidlo-mag-lite-three-d-cell-camo-ml02633","status":"publish","type":"product","link":"https:\/\/www.moskito.cz\/sk\/produkt\/svietidlo-mag-lite-three-d-cell-camo-ml02633\/","title":{"rendered":"Svietidlo Mag-Lite Three D Cell Camo ML02633"},"content":{"rendered":"<div>\n<p>Svietidlo Mag-Lite Three D Cell Camo ML02633.<\/p>\n<p>&nbsp;<\/p>\n<p>Ru\u010dn\u00e9 svietidlo MAG-LITE 3D-CELL s krypt\u00f3novou \u017eiarovkou.<\/p>\n<ul>\n<li>  prevedenie z kvalitn\u00e9ho hlin\u00edka<\/li>\n<li>sp\u00edna\u010d so samo\u010distiacimi kontaktmi<\/li>\n<li>hmotnos\u0165: 945g<\/li>\n<li>po\u010det bat\u00e9ri\u00ed: 3<\/li>\n<li>priemer reflektora: 55mm<\/li>\n<li>priemer tela: 38mm<\/li>\n<li>d\u013a\u017eka svietidla: 315mm<\/li>\n<\/ul>\n<\/div>\n","protected":false},"excerpt":{"rendered":"<p>Ru\u010dn\u00e9 svietidlo.<\/p>\n","protected":false},"featured_media":163017,"comment_status":"open","ping_status":"closed","template":"","meta":[],"pwb-brand":[3410],"product_brand":[],"product_cat":[3375,3376],"product_tag":[],"class_list":{"0":"post-306330","1":"product","2":"type-product","3":"status-publish","4":"has-post-thumbnail","6":"pwb-brand-mag-lite-sk","7":"product_cat-camping-sk","8":"product_cat-svietidlo","10":"first","11":"instock","12":"taxable","13":"shipping-taxable","14":"purchasable","15":"product-type-simple"},"brands":[{"id":3410,"name":"Mag-Lite","slug":"mag-lite-sk"}],"_links":{"self":[{"href":"https:\/\/www.moskito.cz\/sk\/wp-json\/wp\/v2\/product\/306330","targetHints":{"allow":["GET"]}}],"collection":[{"href":"https:\/\/www.moskito.cz\/sk\/wp-json\/wp\/v2\/product"}],"about":[{"href":"https:\/\/www.moskito.cz\/sk\/wp-json\/wp\/v2\/types\/product"}],"replies":[{"embeddable":true,"href":"https:\/\/www.moskito.cz\/sk\/wp-json\/wp\/v2\/comments?post=306330"}],"wp:featuredmedia":[{"embeddable":true,"href":"https:\/\/www.moskito.cz\/sk\/wp-json\/wp\/v2\/media\/163017"}],"wp:attachment":[{"href":"https:\/\/www.moskito.cz\/sk\/wp-json\/wp\/v2\/media?parent=306330"}],"wp:term":[{"taxonomy":"pwb-brand","embeddable":true,"href":"https:\/\/www.moskito.cz\/sk\/wp-json\/wp\/v2\/pwb-brand?post=306330"},{"taxonomy":"product_brand","embeddable":true,"href":"https:\/\/www.moskito.cz\/sk\/wp-json\/wp\/v2\/product_brand?post=306330"},{"taxonomy":"product_cat","embeddable":true,"href":"https:\/\/www.moskito.cz\/sk\/wp-json\/wp\/v2\/product_cat?post=306330"},{"taxonomy":"product_tag","embeddable":true,"href":"https:\/\/www.moskito.cz\/sk\/wp-json\/wp\/v2\/product_tag?post=306330"}],"curies":[{"name":"wp","href":"https:\/\/api.w.org\/{rel}","templated":true}]}}