{"id":306333,"date":"2019-03-25T17:58:08","date_gmt":"2024-02-05T20:25:32","guid":{"rendered":"https:\/\/www.moskito.cz\/produkt\/ka-bar-little-finn-ka1226\/"},"modified":"2025-07-11T07:48:22","modified_gmt":"2025-07-11T06:48:22","slug":"ka-bar-little-finn-ka1226","status":"publish","type":"product","link":"https:\/\/www.moskito.cz\/sk\/produkt\/ka-bar-little-finn-ka1226\/","title":{"rendered":"Ka-Bar Little Finn KA1226"},"content":{"rendered":"<p>Ka-Bar Little Finn KA1226.<\/p>\n<p>Celkov\u00e1 d\u013a\u017eka: 17,5 cm<br \/>\nD\u013a\u017eka \u010depele: 9 cm<br \/>\nRukov\u00e4\u0165: Le\u0161ten\u00e1 ko\u017ea s mosadzn\u00fdm krytom<br \/>\nPuzdro: hned\u00e9 ko\u017een\u00e9<\/p>\n","protected":false},"excerpt":{"rendered":"<p>Pevn\u00fd n\u00f4\u017e s puzdrom.<\/p>\n","protected":false},"featured_media":163224,"comment_status":"open","ping_status":"closed","template":"","meta":[],"pwb-brand":[3437],"product_brand":[],"product_cat":[3186,3187],"product_tag":[],"class_list":{"0":"post-306333","1":"product","2":"type-product","3":"status-publish","4":"has-post-thumbnail","6":"pwb-brand-ka-bar-sk","7":"product_cat-noze-sk","8":"product_cat-pevne-noze-sk","10":"first","11":"outofstock","12":"taxable","13":"shipping-taxable","14":"purchasable","15":"product-type-simple"},"brands":[{"id":3437,"name":"Ka-Bar","slug":"ka-bar-sk"}],"_links":{"self":[{"href":"https:\/\/www.moskito.cz\/sk\/wp-json\/wp\/v2\/product\/306333","targetHints":{"allow":["GET"]}}],"collection":[{"href":"https:\/\/www.moskito.cz\/sk\/wp-json\/wp\/v2\/product"}],"about":[{"href":"https:\/\/www.moskito.cz\/sk\/wp-json\/wp\/v2\/types\/product"}],"replies":[{"embeddable":true,"href":"https:\/\/www.moskito.cz\/sk\/wp-json\/wp\/v2\/comments?post=306333"}],"wp:featuredmedia":[{"embeddable":true,"href":"https:\/\/www.moskito.cz\/sk\/wp-json\/wp\/v2\/media\/163224"}],"wp:attachment":[{"href":"https:\/\/www.moskito.cz\/sk\/wp-json\/wp\/v2\/media?parent=306333"}],"wp:term":[{"taxonomy":"pwb-brand","embeddable":true,"href":"https:\/\/www.moskito.cz\/sk\/wp-json\/wp\/v2\/pwb-brand?post=306333"},{"taxonomy":"product_brand","embeddable":true,"href":"https:\/\/www.moskito.cz\/sk\/wp-json\/wp\/v2\/product_brand?post=306333"},{"taxonomy":"product_cat","embeddable":true,"href":"https:\/\/www.moskito.cz\/sk\/wp-json\/wp\/v2\/product_cat?post=306333"},{"taxonomy":"product_tag","embeddable":true,"href":"https:\/\/www.moskito.cz\/sk\/wp-json\/wp\/v2\/product_tag?post=306333"}],"curies":[{"name":"wp","href":"https:\/\/api.w.org\/{rel}","templated":true}]}}