{"id":306347,"date":"2019-03-24T17:32:36","date_gmt":"2024-02-05T20:25:40","guid":{"rendered":"https:\/\/www.moskito.cz\/produkt\/flobert-naboje-cal-6mm-spicka-100ks\/"},"modified":"2025-07-11T14:33:35","modified_gmt":"2025-07-11T13:33:35","slug":"flobert-naboje-cal-6mm-spicka-100ks","status":"publish","type":"product","link":"https:\/\/www.moskito.cz\/sk\/produkt\/flobert-naboje-cal-6mm-spicka-100ks\/","title":{"rendered":"Flobert n\u00e1boje cal. 6mm \u0161pi\u010dka 100ks"},"content":{"rendered":"<p>Balen\u00e9 po 100 ks.<\/p>\n<p> \u0160picat\u00e1 gu\u013eka vhodn\u00e1 pre v\u0161estrann\u00fa stre\u013ebu.<\/p>\n<p> kalibru 6 mm flobert<\/p>\n<p> Materi\u00e1l olovo<\/p>\n<p> Stre\u013eba univerz\u00e1lna<\/p>\n<p> Typ hlavy \u0161picat\u00e1<\/p>\n<p> Balenie [ks] 100<\/p>\n<p> <strong>N\u00e1boje skupiny D, vo\u013enopredajn\u00e9 od 18 rokov.<\/strong><\/p>\n","protected":false},"excerpt":{"rendered":"<p>\u0160picat\u00e1 gu\u013eka vhodn\u00e1 pre v\u0161estrann\u00fa stre\u013ebu.<br \/>\n<strong>Slovensk\u00e1 v\u00fdroba.<\/strong><\/p>\n","protected":false},"featured_media":189904,"comment_status":"open","ping_status":"closed","template":"","meta":[],"pwb-brand":[3441],"product_brand":[],"product_cat":[3438],"product_tag":[3668],"class_list":{"0":"post-306347","1":"product","2":"type-product","3":"status-publish","4":"has-post-thumbnail","6":"pwb-brand-sellierbellot-sk","7":"product_cat-naboje-skupiny-d-sk","8":"product_tag-b2b-sk","10":"first","11":"outofstock","12":"taxable","13":"shipping-taxable","14":"purchasable","15":"product-type-simple"},"brands":[{"id":3441,"name":"Sellier&amp;Bellot","slug":"sellierbellot-sk"}],"_links":{"self":[{"href":"https:\/\/www.moskito.cz\/sk\/wp-json\/wp\/v2\/product\/306347","targetHints":{"allow":["GET"]}}],"collection":[{"href":"https:\/\/www.moskito.cz\/sk\/wp-json\/wp\/v2\/product"}],"about":[{"href":"https:\/\/www.moskito.cz\/sk\/wp-json\/wp\/v2\/types\/product"}],"replies":[{"embeddable":true,"href":"https:\/\/www.moskito.cz\/sk\/wp-json\/wp\/v2\/comments?post=306347"}],"wp:featuredmedia":[{"embeddable":true,"href":"https:\/\/www.moskito.cz\/sk\/wp-json\/wp\/v2\/media\/189904"}],"wp:attachment":[{"href":"https:\/\/www.moskito.cz\/sk\/wp-json\/wp\/v2\/media?parent=306347"}],"wp:term":[{"taxonomy":"pwb-brand","embeddable":true,"href":"https:\/\/www.moskito.cz\/sk\/wp-json\/wp\/v2\/pwb-brand?post=306347"},{"taxonomy":"product_brand","embeddable":true,"href":"https:\/\/www.moskito.cz\/sk\/wp-json\/wp\/v2\/product_brand?post=306347"},{"taxonomy":"product_cat","embeddable":true,"href":"https:\/\/www.moskito.cz\/sk\/wp-json\/wp\/v2\/product_cat?post=306347"},{"taxonomy":"product_tag","embeddable":true,"href":"https:\/\/www.moskito.cz\/sk\/wp-json\/wp\/v2\/product_tag?post=306347"}],"curies":[{"name":"wp","href":"https:\/\/api.w.org\/{rel}","templated":true}]}}