{"id":306543,"date":"2019-04-19T14:19:51","date_gmt":"2024-02-05T20:37:04","guid":{"rendered":"https:\/\/www.moskito.cz\/produkt\/lovecky-noz-joker-cc68\/"},"modified":"2025-07-11T07:48:41","modified_gmt":"2025-07-11T06:48:41","slug":"lovecky-noz-joker-cc68","status":"publish","type":"product","link":"https:\/\/www.moskito.cz\/sk\/produkt\/lovecky-noz-joker-cc68\/","title":{"rendered":"Loveck\u00fd n\u00f4\u017e Joker CC68"},"content":{"rendered":"<p><span class=\"tlid-translation translation\" lang=\"cs\"><span class=\"\" title=\"\">Loveck\u00fd n\u00f4\u017e Joker CC68<\/span><\/span><\/p>\n<p><span class=\"tlid-translation translation\" lang=\"cs\"><span class=\"\" title=\"\">\u010cepe\u013e: Molybden Vanadium<\/span><br \/>\n<span class=\"\" title=\"\"><span title=\"\">Z\u00e1\u0161tita:<\/span> : Inox<\/span><br \/>\n<span class=\"\" title=\"\"><span title=\"\">Puzdro:<\/span> Ko\u017ea<\/span><br \/>\n<span title=\"\">Rukov\u00e4\u0165: Jele\u0148<\/span> \u00ed paroh<br \/>\n<span class=\"\" title=\"\"><span title=\"\">D\u013a\u017eka \u010depele:<\/span> 9 cm &#8211; 135 gr<br \/>\n<\/span><\/span><\/p>\n<p>No\u017ee Joker poch\u00e1dzaj\u00fa zo \u0160panielskeho mesta Albacete, ktor\u00e9 je zn\u00e1me tradi\u010dnou v\u00fdrobou no\u017eov a d\u00fdk.<\/p>\n","protected":false},"excerpt":{"rendered":"<p>No\u017ee <strong>Joker<\/strong> poch\u00e1dzaj\u00fa zo \u0160panielskeho mesta Albacete, ktor\u00e9 je zn\u00e1me v\u00fdrobou no\u017eov.<br \/>\nKlasick\u00fd po\u013eovn\u00fd n\u00f4\u017e. V\u0161etky komponenty no\u017ea s\u00fa vyroben\u00e9 z vysoko odolnej nerezovej ocele.<\/p>\n","protected":false},"featured_media":190483,"comment_status":"open","ping_status":"closed","template":"","meta":[],"pwb-brand":[3399],"product_brand":[],"product_cat":[3186,3187],"product_tag":[],"class_list":{"0":"post-306543","1":"product","2":"type-product","3":"status-publish","4":"has-post-thumbnail","6":"pwb-brand-joker-sk","7":"product_cat-noze-sk","8":"product_cat-pevne-noze-sk","10":"first","11":"instock","12":"taxable","13":"shipping-taxable","14":"purchasable","15":"product-type-simple"},"brands":[{"id":3399,"name":"Joker","slug":"joker-sk"}],"_links":{"self":[{"href":"https:\/\/www.moskito.cz\/sk\/wp-json\/wp\/v2\/product\/306543","targetHints":{"allow":["GET"]}}],"collection":[{"href":"https:\/\/www.moskito.cz\/sk\/wp-json\/wp\/v2\/product"}],"about":[{"href":"https:\/\/www.moskito.cz\/sk\/wp-json\/wp\/v2\/types\/product"}],"replies":[{"embeddable":true,"href":"https:\/\/www.moskito.cz\/sk\/wp-json\/wp\/v2\/comments?post=306543"}],"wp:featuredmedia":[{"embeddable":true,"href":"https:\/\/www.moskito.cz\/sk\/wp-json\/wp\/v2\/media\/190483"}],"wp:attachment":[{"href":"https:\/\/www.moskito.cz\/sk\/wp-json\/wp\/v2\/media?parent=306543"}],"wp:term":[{"taxonomy":"pwb-brand","embeddable":true,"href":"https:\/\/www.moskito.cz\/sk\/wp-json\/wp\/v2\/pwb-brand?post=306543"},{"taxonomy":"product_brand","embeddable":true,"href":"https:\/\/www.moskito.cz\/sk\/wp-json\/wp\/v2\/product_brand?post=306543"},{"taxonomy":"product_cat","embeddable":true,"href":"https:\/\/www.moskito.cz\/sk\/wp-json\/wp\/v2\/product_cat?post=306543"},{"taxonomy":"product_tag","embeddable":true,"href":"https:\/\/www.moskito.cz\/sk\/wp-json\/wp\/v2\/product_tag?post=306543"}],"curies":[{"name":"wp","href":"https:\/\/api.w.org\/{rel}","templated":true}]}}