{"id":306555,"date":"2019-04-21T10:03:54","date_gmt":"2024-02-05T20:37:09","guid":{"rendered":"https:\/\/www.moskito.cz\/produkt\/ka-bar-zatvaraci-noz-3077\/"},"modified":"2025-07-11T07:48:44","modified_gmt":"2025-07-11T06:48:44","slug":"ka-bar-zatvaraci-noz-3077","status":"publish","type":"product","link":"https:\/\/www.moskito.cz\/sk\/produkt\/ka-bar-zatvaraci-noz-3077\/","title":{"rendered":"Ka-Bar Zatv\u00e1rac\u00ed n\u00f4\u017e 3077"},"content":{"rendered":"<p>Ka-Bar Zatv\u00e1rac\u00ed n\u00f4\u017e 3077.<\/p>\n<p>Celkov\u00e1 d\u013a\u017eka: 20 cm<\/p>\n<p>D\u013a\u017eka \u010depele: 8,6 cm<\/p>\n<p>Hr\u00fabka \u010depele: 2,9 mm<\/p>\n<p>Materi\u00e1l \u010depele: Nerezov\u00e1 oce\u013e AUS 8A<\/p>\n<p>Tvrdos\u0165 \u010depele: 57-58 HRC<\/p>\n<p>Materi\u00e1l rukov\u00e4te: Kompozit GFN-PA66<\/p>\n<p>Hmotnos\u0165: 91 g<\/p>\n<p>&nbsp;<\/p>\n","protected":false},"excerpt":{"rendered":"<p>Zatv\u00e1rac\u00ed n\u00f4\u017e s poistkou a klipom.<\/p>\n","protected":false},"featured_media":163610,"comment_status":"open","ping_status":"closed","template":"","meta":[],"pwb-brand":[3437],"product_brand":[],"product_cat":[3186,3233],"product_tag":[],"class_list":{"0":"post-306555","1":"product","2":"type-product","3":"status-publish","4":"has-post-thumbnail","6":"pwb-brand-ka-bar-sk","7":"product_cat-noze-sk","8":"product_cat-zatvaracie-noze","10":"first","11":"outofstock","12":"taxable","13":"shipping-taxable","14":"purchasable","15":"product-type-simple"},"brands":[{"id":3437,"name":"Ka-Bar","slug":"ka-bar-sk"}],"_links":{"self":[{"href":"https:\/\/www.moskito.cz\/sk\/wp-json\/wp\/v2\/product\/306555","targetHints":{"allow":["GET"]}}],"collection":[{"href":"https:\/\/www.moskito.cz\/sk\/wp-json\/wp\/v2\/product"}],"about":[{"href":"https:\/\/www.moskito.cz\/sk\/wp-json\/wp\/v2\/types\/product"}],"replies":[{"embeddable":true,"href":"https:\/\/www.moskito.cz\/sk\/wp-json\/wp\/v2\/comments?post=306555"}],"wp:featuredmedia":[{"embeddable":true,"href":"https:\/\/www.moskito.cz\/sk\/wp-json\/wp\/v2\/media\/163610"}],"wp:attachment":[{"href":"https:\/\/www.moskito.cz\/sk\/wp-json\/wp\/v2\/media?parent=306555"}],"wp:term":[{"taxonomy":"pwb-brand","embeddable":true,"href":"https:\/\/www.moskito.cz\/sk\/wp-json\/wp\/v2\/pwb-brand?post=306555"},{"taxonomy":"product_brand","embeddable":true,"href":"https:\/\/www.moskito.cz\/sk\/wp-json\/wp\/v2\/product_brand?post=306555"},{"taxonomy":"product_cat","embeddable":true,"href":"https:\/\/www.moskito.cz\/sk\/wp-json\/wp\/v2\/product_cat?post=306555"},{"taxonomy":"product_tag","embeddable":true,"href":"https:\/\/www.moskito.cz\/sk\/wp-json\/wp\/v2\/product_tag?post=306555"}],"curies":[{"name":"wp","href":"https:\/\/api.w.org\/{rel}","templated":true}]}}