{"id":306569,"date":"2019-04-19T13:15:18","date_gmt":"2024-02-05T20:37:12","guid":{"rendered":"https:\/\/www.moskito.cz\/produkt\/lovecka-sekera-caeador-joker-hn00\/"},"modified":"2025-07-11T07:48:40","modified_gmt":"2025-07-11T06:48:40","slug":"lovecka-sekera-caeador-joker-hn00","status":"publish","type":"product","link":"https:\/\/www.moskito.cz\/sk\/produkt\/lovecka-sekera-caeador-joker-hn00\/","title":{"rendered":"Loveck\u00e1 Sekera Caeador Joker HN00"},"content":{"rendered":"<div>\n<p><span class=\"tlid-translation translation\" lang=\"cs\"><span title=\"\">Loveck\u00e1 Sekera Caeador Joker HN00.<\/span><\/span><\/p>\n<p>No\u017ee Joker poch\u00e1dzaj\u00fa zo \u0160panielskeho mesta Albacete, ktor\u00e9 je zn\u00e1me tradi\u010dnou v\u00fdrobou no\u017eov a d\u00fdk.<\/p>\n<p><span class=\"tlid-translation translation\" lang=\"cs\"><span title=\"\">Oce\u013e :<\/span> <span class=\"\" title=\"\">oce\u013e 420<\/span><br \/>\n<span title=\"\">Z\u00e1\u0161tita: Inox<\/span><br \/>\n<span title=\"\">Puzdro: Ko\u017ea<\/span><br \/>\n<span title=\"\">Rukov\u00e4\u0165: Jelenie paroh<\/span><br \/>\n<span title=\"\">V\u00e1ha: <span class=\"\" title=\"\">605 gr<\/span><br \/>\n<\/span><\/span><\/p>\n<p>&nbsp;<\/p>\n<\/div>\n","protected":false},"excerpt":{"rendered":"<p>No\u017ee <strong>Joker<\/strong> poch\u00e1dzaj\u00fa zo \u0160panielskeho mesta Albacete, ktor\u00e9 je zn\u00e1me v\u00fdrobou no\u017eov. V\u0161etky komponenty no\u017ea s\u00fa vyroben\u00e9 z vysoko odolnej nerezovej ocele.<\/p>\n","protected":false},"featured_media":195209,"comment_status":"open","ping_status":"closed","template":"","meta":[],"pwb-brand":[3399],"product_brand":[],"product_cat":[3186,3187],"product_tag":[],"class_list":{"0":"post-306569","1":"product","2":"type-product","3":"status-publish","4":"has-post-thumbnail","6":"pwb-brand-joker-sk","7":"product_cat-noze-sk","8":"product_cat-pevne-noze-sk","10":"first","11":"outofstock","12":"taxable","13":"shipping-taxable","14":"purchasable","15":"product-type-simple"},"brands":[{"id":3399,"name":"Joker","slug":"joker-sk"}],"_links":{"self":[{"href":"https:\/\/www.moskito.cz\/sk\/wp-json\/wp\/v2\/product\/306569","targetHints":{"allow":["GET"]}}],"collection":[{"href":"https:\/\/www.moskito.cz\/sk\/wp-json\/wp\/v2\/product"}],"about":[{"href":"https:\/\/www.moskito.cz\/sk\/wp-json\/wp\/v2\/types\/product"}],"replies":[{"embeddable":true,"href":"https:\/\/www.moskito.cz\/sk\/wp-json\/wp\/v2\/comments?post=306569"}],"wp:featuredmedia":[{"embeddable":true,"href":"https:\/\/www.moskito.cz\/sk\/wp-json\/wp\/v2\/media\/195209"}],"wp:attachment":[{"href":"https:\/\/www.moskito.cz\/sk\/wp-json\/wp\/v2\/media?parent=306569"}],"wp:term":[{"taxonomy":"pwb-brand","embeddable":true,"href":"https:\/\/www.moskito.cz\/sk\/wp-json\/wp\/v2\/pwb-brand?post=306569"},{"taxonomy":"product_brand","embeddable":true,"href":"https:\/\/www.moskito.cz\/sk\/wp-json\/wp\/v2\/product_brand?post=306569"},{"taxonomy":"product_cat","embeddable":true,"href":"https:\/\/www.moskito.cz\/sk\/wp-json\/wp\/v2\/product_cat?post=306569"},{"taxonomy":"product_tag","embeddable":true,"href":"https:\/\/www.moskito.cz\/sk\/wp-json\/wp\/v2\/product_tag?post=306569"}],"curies":[{"name":"wp","href":"https:\/\/api.w.org\/{rel}","templated":true}]}}