{"id":306608,"date":"2019-04-21T10:22:52","date_gmt":"2024-02-05T20:37:44","guid":{"rendered":"https:\/\/www.moskito.cz\/produkt\/zatvaraci-noz-joker-nr50\/"},"modified":"2025-07-11T07:48:45","modified_gmt":"2025-07-11T06:48:45","slug":"zatvaraci-noz-joker-nr50","status":"publish","type":"product","link":"https:\/\/www.moskito.cz\/sk\/produkt\/zatvaraci-noz-joker-nr50\/","title":{"rendered":"Zatv\u00e1rac\u00ed N\u00f4\u017e Joker NR50"},"content":{"rendered":"<p>Zatv\u00e1rac\u00ed N\u00f4\u017e <strong>Joker<\/strong> NR50.<\/p>\n<p><span class=\"tlid-translation translation\" lang=\"cs\"><span title=\"\">\u010cepe\u013e: <span class=\"\" title=\"\">Molybden Vanadium<\/span><br \/>\nRukov\u00e4\u0165: <span class=\"\" title=\"\">Redwood<\/span><\/span><\/span><\/p>\n<p><span class=\"tlid-translation translation\" lang=\"cs\"><span title=\"\"><span class=\"\" title=\"\">D\u013a\u017eka \u010depele:<\/span> <span class=\"\" title=\"\">9 cm &#8211; 135 gr<\/span><br \/>\n<\/span><\/span><\/p>\n<p>No\u017ee Joker poch\u00e1dzaj\u00fa zo \u0160panielskeho mesta Albacete, ktor\u00e9 je zn\u00e1me tradi\u010dnou v\u00fdrobou no\u017eov a d\u00fdk.<\/p>\n<p>JOKER COCKER SKINNER FOLDING KNIFE WITH RED WOOD HANDLE SS BOLSTER AND BLADE LENGTH 9 CM.<br \/>\nNR50<br \/>\nProduct characteristics:<\/p>\n<p>Blade: Molybd\u00e9n Vanadium<br \/>\nBolster: SS<br \/>\nHandle: Stamina (Madera Roja)<br \/>\n9 cm &#8211; 135 gr<\/p>\n","protected":false},"excerpt":{"rendered":"<p>No\u017ee Joker poch\u00e1dzaj\u00fa zo \u0160panielskeho mesta Albacete, ktor\u00e9 je zn\u00e1me tradi\u010dnou v\u00fdrobou no\u017eov a d\u00fdk.<br \/>\n<strong>Navrhnut\u00e9 a vyroben\u00e9 v \u0160panielsku (Albacete)<\/strong><\/p>\n","protected":false},"featured_media":195193,"comment_status":"open","ping_status":"closed","template":"","meta":[],"pwb-brand":[3399],"product_brand":[],"product_cat":[3186,3233],"product_tag":[],"class_list":{"0":"post-306608","1":"product","2":"type-product","3":"status-publish","4":"has-post-thumbnail","6":"pwb-brand-joker-sk","7":"product_cat-noze-sk","8":"product_cat-zatvaracie-noze","10":"first","11":"instock","12":"taxable","13":"shipping-taxable","14":"purchasable","15":"product-type-simple"},"brands":[{"id":3399,"name":"Joker","slug":"joker-sk"}],"_links":{"self":[{"href":"https:\/\/www.moskito.cz\/sk\/wp-json\/wp\/v2\/product\/306608","targetHints":{"allow":["GET"]}}],"collection":[{"href":"https:\/\/www.moskito.cz\/sk\/wp-json\/wp\/v2\/product"}],"about":[{"href":"https:\/\/www.moskito.cz\/sk\/wp-json\/wp\/v2\/types\/product"}],"replies":[{"embeddable":true,"href":"https:\/\/www.moskito.cz\/sk\/wp-json\/wp\/v2\/comments?post=306608"}],"wp:featuredmedia":[{"embeddable":true,"href":"https:\/\/www.moskito.cz\/sk\/wp-json\/wp\/v2\/media\/195193"}],"wp:attachment":[{"href":"https:\/\/www.moskito.cz\/sk\/wp-json\/wp\/v2\/media?parent=306608"}],"wp:term":[{"taxonomy":"pwb-brand","embeddable":true,"href":"https:\/\/www.moskito.cz\/sk\/wp-json\/wp\/v2\/pwb-brand?post=306608"},{"taxonomy":"product_brand","embeddable":true,"href":"https:\/\/www.moskito.cz\/sk\/wp-json\/wp\/v2\/product_brand?post=306608"},{"taxonomy":"product_cat","embeddable":true,"href":"https:\/\/www.moskito.cz\/sk\/wp-json\/wp\/v2\/product_cat?post=306608"},{"taxonomy":"product_tag","embeddable":true,"href":"https:\/\/www.moskito.cz\/sk\/wp-json\/wp\/v2\/product_tag?post=306608"}],"curies":[{"name":"wp","href":"https:\/\/api.w.org\/{rel}","templated":true}]}}