{"id":306614,"date":"2019-04-21T17:28:01","date_gmt":"2024-02-05T20:37:46","guid":{"rendered":"https:\/\/www.moskito.cz\/produkt\/zatvaraci-noz-miguel-nieto-art-16\/"},"modified":"2025-07-11T07:48:49","modified_gmt":"2025-07-11T06:48:49","slug":"zatvaraci-noz-miguel-nieto-art-16","status":"publish","type":"product","link":"https:\/\/www.moskito.cz\/sk\/produkt\/zatvaraci-noz-miguel-nieto-art-16\/","title":{"rendered":"Zatv\u00e1rac\u00ed n\u00f4\u017e Miguel Nieto ART-16"},"content":{"rendered":"<p>Zatv\u00e1rac\u00ed n\u00f4\u017e Miguel Nieto ART-16.<\/p>\n<p>&nbsp;<\/p>\n<p>&nbsp;<\/p>\n<p><span class=\"tlid-translation translation\" lang=\"cs\"><span title=\"\">Tento vreckov\u00fd n\u00f4\u017e s poistkou je vytvoren\u00fd ru\u010dne. M\u00e1 ru\u010dne vyryt\u00fa \u010depe\u013e v tvare diamantov od n\u00e1\u0161ho remeseln\u00edka.<\/span><\/span><\/p>\n<p>&nbsp;<\/p>\n<p><span class=\"tlid-translation translation\" lang=\"cs\"><span title=\"\">\u010cepe\u013e: Oce\u013e AN-58<\/span><br \/>\n<span class=\"\" title=\"\">Rukov\u00e4\u0165: Metakryl\u00e1tovou \u017eivicou s zaliate per\u00e1<\/span> sojky.<br \/>\n<span title=\"\"><span class=\"\" title=\"\">D\u013a\u017eka \u010depele:<\/span> 8 cm<\/span><br \/>\n<span class=\"\" title=\"\"><span title=\"\">Ve\u013ekos\u0165<\/span> : 18,5 cm<\/span><br \/>\n<span class=\"\" title=\"\">Hmotnos\u0165 108 g<\/span><\/span><\/p>\n<p><span title=\"La base fonamental d'aquesta nova etapa \u00e9s aconseguir una qualitat fiable, barrejant els avan\u00e7os tecnol\u00f2gics amb les tradiciones artesanales.  \">Z\u00e1kladom Spolo\u010dnosti Miguel Nieto je dosiahnutie spo\u013eahlivej kvality, ktor\u00e1 sp\u00e1ja technologick\u00fd pokrok s tradi\u010dn\u00fdmi trad\u00edciami.<\/span><\/p>\n<p><span title=\"Actualmente la nostra empresa sigue treballant para conseguir un producto 100% fabricado en Espa\u00f1a, asequible y de una m\u00e1xima calidad.\">V s\u00fa\u010dasnej dobe spolo\u010dnos\u0165 Miguel Nieto st\u00e1le pracuje na z\u00edskan\u00ed produktu 100% vyroben\u00e9ho v \u0160panielsku, cenovo dostupn\u00e9ho a tej najvy\u0161\u0161ej kvality.<\/span><\/p>\n","protected":false},"excerpt":{"rendered":"<p>Zatv\u00e1rac\u00ed n\u00f4\u017e s poistkou.<\/p>\n","protected":false},"featured_media":163678,"comment_status":"open","ping_status":"closed","template":"","meta":[],"pwb-brand":[3456],"product_brand":[],"product_cat":[3186,3233],"product_tag":[],"class_list":{"0":"post-306614","1":"product","2":"type-product","3":"status-publish","4":"has-post-thumbnail","6":"pwb-brand-nieto-sk","7":"product_cat-noze-sk","8":"product_cat-zatvaracie-noze","10":"first","11":"onbackorder","12":"taxable","13":"shipping-taxable","14":"purchasable","15":"product-type-simple"},"brands":[{"id":3456,"name":"Nieto","slug":"nieto-sk"}],"_links":{"self":[{"href":"https:\/\/www.moskito.cz\/sk\/wp-json\/wp\/v2\/product\/306614","targetHints":{"allow":["GET"]}}],"collection":[{"href":"https:\/\/www.moskito.cz\/sk\/wp-json\/wp\/v2\/product"}],"about":[{"href":"https:\/\/www.moskito.cz\/sk\/wp-json\/wp\/v2\/types\/product"}],"replies":[{"embeddable":true,"href":"https:\/\/www.moskito.cz\/sk\/wp-json\/wp\/v2\/comments?post=306614"}],"wp:featuredmedia":[{"embeddable":true,"href":"https:\/\/www.moskito.cz\/sk\/wp-json\/wp\/v2\/media\/163678"}],"wp:attachment":[{"href":"https:\/\/www.moskito.cz\/sk\/wp-json\/wp\/v2\/media?parent=306614"}],"wp:term":[{"taxonomy":"pwb-brand","embeddable":true,"href":"https:\/\/www.moskito.cz\/sk\/wp-json\/wp\/v2\/pwb-brand?post=306614"},{"taxonomy":"product_brand","embeddable":true,"href":"https:\/\/www.moskito.cz\/sk\/wp-json\/wp\/v2\/product_brand?post=306614"},{"taxonomy":"product_cat","embeddable":true,"href":"https:\/\/www.moskito.cz\/sk\/wp-json\/wp\/v2\/product_cat?post=306614"},{"taxonomy":"product_tag","embeddable":true,"href":"https:\/\/www.moskito.cz\/sk\/wp-json\/wp\/v2\/product_tag?post=306614"}],"curies":[{"name":"wp","href":"https:\/\/api.w.org\/{rel}","templated":true}]}}