{"id":306621,"date":"2019-04-21T16:54:16","date_gmt":"2024-02-05T20:37:48","guid":{"rendered":"https:\/\/www.moskito.cz\/produkt\/miguel-nieto-pevny-noz-hercules-11051\/"},"modified":"2025-07-11T07:48:48","modified_gmt":"2025-07-11T06:48:48","slug":"miguel-nieto-pevny-noz-hercules-11051","status":"publish","type":"product","link":"https:\/\/www.moskito.cz\/sk\/produkt\/miguel-nieto-pevny-noz-hercules-11051\/","title":{"rendered":"Miguel Nieto Pevn\u00fd n\u00f4\u017e HERCULES 11051"},"content":{"rendered":"<p>Miguel Nieto Pevn\u00fd n\u00f4\u017e HERCULES 11051.<\/p>\n<p><span title=\"La base fonamental d'aquesta nova etapa \u00e9s aconseguir una qualitat fiable, barrejant els avan\u00e7os tecnol\u00f2gics amb les tradiciones artesanales.  \"><span title=\"\">\u010cepe\u013e: Oce\u013e<\/span> <span class=\"\" title=\"\">AN-58<\/span><br \/>\n<span title=\"\">Rukov\u00e4\u0165 :<\/span> <span class=\"\" title=\"\">Jelenie paroh<\/span><br \/>\n<span title=\"\"><span class=\"\" title=\"\">D\u013a\u017eka \u010depele:<\/span><\/span> <span class=\"tlid-translation translation\" lang=\"cs\"><span class=\"\" title=\"\">23,5 cm<\/span><\/span><br \/>\n<span title=\"\">Ve\u013ekos\u0165:<\/span> <span class=\"tlid-translation translation\" lang=\"cs\"><span class=\"\" title=\"\">35,5 cm<\/span><\/span><\/span><\/p>\n<p><span title=\"La base fonamental d'aquesta nova etapa \u00e9s aconseguir una qualitat fiable, barrejant els avan\u00e7os tecnol\u00f2gics amb les tradiciones artesanales.  \"><span class=\"tlid-translation translation\" lang=\"cs\"><span class=\"\" title=\"\">Hmotnos\u0165 375 gr<\/span><\/span><br \/>\n<span title=\"\"><span class=\"\" title=\"\">Puzdro: Kvalitn\u00e9 hned\u00e9 ko\u017een\u00e9 puzdro<\/span><\/span><br \/>\n Z\u00e1kladom Spolo\u010dnosti Miguel Nieto je dosiahnutie spo\u013eahlivej kvality, ktor\u00e1 sp\u00e1ja technologick\u00fd pokrok s trad\u00edciami.<\/span><\/p>\n<p><span title=\"Actualmente la nostra empresa sigue treballant para conseguir un producto 100% fabricado en Espa\u00f1a, asequible y de una m\u00e1xima calidad.\">V s\u00fa\u010dasnej dobe spolo\u010dnos\u0165 Miguel Nieto st\u00e1le pracuje na z\u00edskan\u00ed produktu 100% vyroben\u00e9ho v \u0160panielsku, cenovo dostupn\u00e9ho a tej najvy\u0161\u0161ej kvality.<\/span><\/p>\n","protected":false},"excerpt":{"rendered":"<p>Pevn\u00fd n\u00f4\u017e s puzdrom.<\/p>\n","protected":false},"featured_media":163674,"comment_status":"open","ping_status":"closed","template":"","meta":[],"pwb-brand":[3456],"product_brand":[],"product_cat":[3186,3187],"product_tag":[],"class_list":{"0":"post-306621","1":"product","2":"type-product","3":"status-publish","4":"has-post-thumbnail","6":"pwb-brand-nieto-sk","7":"product_cat-noze-sk","8":"product_cat-pevne-noze-sk","10":"first","11":"instock","12":"taxable","13":"shipping-taxable","14":"purchasable","15":"product-type-simple"},"brands":[{"id":3456,"name":"Nieto","slug":"nieto-sk"}],"_links":{"self":[{"href":"https:\/\/www.moskito.cz\/sk\/wp-json\/wp\/v2\/product\/306621","targetHints":{"allow":["GET"]}}],"collection":[{"href":"https:\/\/www.moskito.cz\/sk\/wp-json\/wp\/v2\/product"}],"about":[{"href":"https:\/\/www.moskito.cz\/sk\/wp-json\/wp\/v2\/types\/product"}],"replies":[{"embeddable":true,"href":"https:\/\/www.moskito.cz\/sk\/wp-json\/wp\/v2\/comments?post=306621"}],"wp:featuredmedia":[{"embeddable":true,"href":"https:\/\/www.moskito.cz\/sk\/wp-json\/wp\/v2\/media\/163674"}],"wp:attachment":[{"href":"https:\/\/www.moskito.cz\/sk\/wp-json\/wp\/v2\/media?parent=306621"}],"wp:term":[{"taxonomy":"pwb-brand","embeddable":true,"href":"https:\/\/www.moskito.cz\/sk\/wp-json\/wp\/v2\/pwb-brand?post=306621"},{"taxonomy":"product_brand","embeddable":true,"href":"https:\/\/www.moskito.cz\/sk\/wp-json\/wp\/v2\/product_brand?post=306621"},{"taxonomy":"product_cat","embeddable":true,"href":"https:\/\/www.moskito.cz\/sk\/wp-json\/wp\/v2\/product_cat?post=306621"},{"taxonomy":"product_tag","embeddable":true,"href":"https:\/\/www.moskito.cz\/sk\/wp-json\/wp\/v2\/product_tag?post=306621"}],"curies":[{"name":"wp","href":"https:\/\/api.w.org\/{rel}","templated":true}]}}