{"id":306689,"date":"2019-04-23T15:45:25","date_gmt":"2024-02-06T07:26:56","guid":{"rendered":"https:\/\/www.moskito.cz\/produkt\/zatvaraci-noz-crkt-cr6060\/"},"modified":"2025-07-11T07:48:50","modified_gmt":"2025-07-11T06:48:50","slug":"zatvaraci-noz-crkt-cr6060","status":"publish","type":"product","link":"https:\/\/www.moskito.cz\/sk\/produkt\/zatvaraci-noz-crkt-cr6060\/","title":{"rendered":"Zatv\u00e1rac\u00ed n\u00f4\u017e CRKT CR6060"},"content":{"rendered":"<p>Zatv\u00e1rac\u00ed n\u00f4\u017e CRKT CR6060.<\/p>\n<p>Americk\u00e1 firma CRKT bola zalo\u017een\u00e1 v roku 1994. Odvtedy firma dok\u00e1zala, \u017ee s\u00fa jej no\u017ee kvalitn\u00e9 a spo\u013eahliv\u00e9. Okrem toho spolupracuje so svetozn\u00e1mymi no\u017eiarmi ako s\u00fa Kit Carson, Jim Hammond, Ed Halligen, Pat a Wes Crawford a \u010fal\u0161ie.<\/p>\n<p>Zatv\u00e1rac\u00ed n\u00f4\u017e bez poistky.<\/p>\n<p>Rokov\u00e4\u0165 je z kosti, \u010depe\u013e AUS6 dlh\u00e1 5.5 cm. <span class=\"tlid-translation translation\" lang=\"cs\"><span class=\"\" title=\"\">Mosadzn\u00e9 vlo\u017eky<\/span><\/span> .<\/p>\n<p>Celkov\u00e1 d\u013a\u017eka no\u017ea je: 13cm.<\/p>\n<p>Ve\u013emi \u013eahk\u00fd elegantn\u00fd n\u00f4\u017e.<\/p>\n<p>&nbsp;<\/p>\n","protected":false},"excerpt":{"rendered":"<p>Zatv\u00e1rac\u00ed n\u00f4\u017e.<\/p>\n","protected":false},"featured_media":163699,"comment_status":"open","ping_status":"closed","template":"","meta":[],"pwb-brand":[3249],"product_brand":[],"product_cat":[3186,3233],"product_tag":[3668],"class_list":{"0":"post-306689","1":"product","2":"type-product","3":"status-publish","4":"has-post-thumbnail","6":"pwb-brand-zatvaraci-noz-crkt-delilahs-p-e-c-k-5520","7":"product_cat-noze-sk","8":"product_cat-zatvaracie-noze","9":"product_tag-b2b-sk","11":"first","12":"outofstock","13":"taxable","14":"shipping-taxable","15":"purchasable","16":"product-type-simple"},"brands":[{"id":3249,"name":"Zatv\u00e1rac\u00ed N\u00f4\u017e CRKT DELILAH'S P.E.C.K. 5520","slug":"zatvaraci-noz-crkt-delilahs-p-e-c-k-5520"}],"_links":{"self":[{"href":"https:\/\/www.moskito.cz\/sk\/wp-json\/wp\/v2\/product\/306689","targetHints":{"allow":["GET"]}}],"collection":[{"href":"https:\/\/www.moskito.cz\/sk\/wp-json\/wp\/v2\/product"}],"about":[{"href":"https:\/\/www.moskito.cz\/sk\/wp-json\/wp\/v2\/types\/product"}],"replies":[{"embeddable":true,"href":"https:\/\/www.moskito.cz\/sk\/wp-json\/wp\/v2\/comments?post=306689"}],"wp:featuredmedia":[{"embeddable":true,"href":"https:\/\/www.moskito.cz\/sk\/wp-json\/wp\/v2\/media\/163699"}],"wp:attachment":[{"href":"https:\/\/www.moskito.cz\/sk\/wp-json\/wp\/v2\/media?parent=306689"}],"wp:term":[{"taxonomy":"pwb-brand","embeddable":true,"href":"https:\/\/www.moskito.cz\/sk\/wp-json\/wp\/v2\/pwb-brand?post=306689"},{"taxonomy":"product_brand","embeddable":true,"href":"https:\/\/www.moskito.cz\/sk\/wp-json\/wp\/v2\/product_brand?post=306689"},{"taxonomy":"product_cat","embeddable":true,"href":"https:\/\/www.moskito.cz\/sk\/wp-json\/wp\/v2\/product_cat?post=306689"},{"taxonomy":"product_tag","embeddable":true,"href":"https:\/\/www.moskito.cz\/sk\/wp-json\/wp\/v2\/product_tag?post=306689"}],"curies":[{"name":"wp","href":"https:\/\/api.w.org\/{rel}","templated":true}]}}