{"id":306697,"date":"2019-05-04T14:18:35","date_gmt":"2024-02-06T07:26:56","guid":{"rendered":"https:\/\/www.moskito.cz\/produkt\/conan-father-sword-marto-60115\/"},"modified":"2025-07-11T07:48:53","modified_gmt":"2025-07-11T06:48:53","slug":"conan-father-sword-marto-60115","status":"publish","type":"product","link":"https:\/\/www.moskito.cz\/sk\/produkt\/conan-father-sword-marto-60115\/","title":{"rendered":"Conan Father Sword Marto 60115"},"content":{"rendered":"<p>Conan Father Sword Marto 60115.<\/p>\n<p><span class=\"tlid-translation translation\" lang=\"cs\"><span class=\"\" title=\"\">Tento me\u010d je verne reprodukovan\u00fd majstrovsk\u00fdmi remeseln\u00edkmi Windlass Steelcrafts\u00ae ako presn\u00e1 replika me\u010da pou\u017eit\u00e9ho na obrazovke.<\/span> <span class=\"\" title=\"\">Je to naozaj majstrovsk\u00e1 reprodukcia ako v zlo\u017eit\u00fdch detailoch.<\/span><\/span><\/p>\n<p><span class=\"\" title=\"\">Dod\u00e1va sa s certifik\u00e1tom o pravosti.<\/span><\/p>\n<p><span class=\"\" title=\"\">Celkov\u00e1 d\u013a\u017eka: 98 cm<\/span><br \/>\n<span class=\"\" title=\"\">D\u013a\u017eka \u010depele: 73 cm<\/span><br \/>\n<span title=\"\">Hmotnos\u0165: 2,750 g<\/span><\/p>\n","protected":false},"excerpt":{"rendered":"<p>Conan Me\u010d.<\/p>\n","protected":false},"featured_media":163847,"comment_status":"open","ping_status":"closed","template":"","meta":[],"pwb-brand":[3397],"product_brand":[],"product_cat":[3386,3392],"product_tag":[],"class_list":{"0":"post-306697","1":"product","2":"type-product","3":"status-publish","4":"has-post-thumbnail","6":"pwb-brand-marto-sk","7":"product_cat-katany-a-mece-sk","8":"product_cat-mece-dyky-repliky-sk","10":"first","11":"onbackorder","12":"taxable","13":"shipping-taxable","14":"purchasable","15":"product-type-simple"},"brands":[{"id":3397,"name":"Marto","slug":"marto-sk"}],"_links":{"self":[{"href":"https:\/\/www.moskito.cz\/sk\/wp-json\/wp\/v2\/product\/306697","targetHints":{"allow":["GET"]}}],"collection":[{"href":"https:\/\/www.moskito.cz\/sk\/wp-json\/wp\/v2\/product"}],"about":[{"href":"https:\/\/www.moskito.cz\/sk\/wp-json\/wp\/v2\/types\/product"}],"replies":[{"embeddable":true,"href":"https:\/\/www.moskito.cz\/sk\/wp-json\/wp\/v2\/comments?post=306697"}],"wp:featuredmedia":[{"embeddable":true,"href":"https:\/\/www.moskito.cz\/sk\/wp-json\/wp\/v2\/media\/163847"}],"wp:attachment":[{"href":"https:\/\/www.moskito.cz\/sk\/wp-json\/wp\/v2\/media?parent=306697"}],"wp:term":[{"taxonomy":"pwb-brand","embeddable":true,"href":"https:\/\/www.moskito.cz\/sk\/wp-json\/wp\/v2\/pwb-brand?post=306697"},{"taxonomy":"product_brand","embeddable":true,"href":"https:\/\/www.moskito.cz\/sk\/wp-json\/wp\/v2\/product_brand?post=306697"},{"taxonomy":"product_cat","embeddable":true,"href":"https:\/\/www.moskito.cz\/sk\/wp-json\/wp\/v2\/product_cat?post=306697"},{"taxonomy":"product_tag","embeddable":true,"href":"https:\/\/www.moskito.cz\/sk\/wp-json\/wp\/v2\/product_tag?post=306697"}],"curies":[{"name":"wp","href":"https:\/\/api.w.org\/{rel}","templated":true}]}}