{"id":306708,"date":"2019-05-04T13:58:13","date_gmt":"2024-02-06T07:26:59","guid":{"rendered":"https:\/\/www.moskito.cz\/produkt\/replika-rytiera-marto-918-1\/"},"modified":"2025-07-11T07:48:52","modified_gmt":"2025-07-11T06:48:52","slug":"replika-rytiera-marto-918-1","status":"publish","type":"product","link":"https:\/\/www.moskito.cz\/sk\/produkt\/replika-rytiera-marto-918-1\/","title":{"rendered":"Replika Rytiera Marto 918.1"},"content":{"rendered":"<p>Replika Rytiera Marto 918.1.<\/p>\n<p><span class=\"tlid-translation translation\" lang=\"cs\"><span title=\"\">Anglick\u00e1 Replika Rytiera.<\/span><br \/>\n<span title=\"\">Gold Finish<\/span><br \/>\n<span title=\"\">Dreven\u00e1 z\u00e1klad\u0148a.<\/span><br \/>\n<span title=\"\">33 cm<\/span><\/span><\/p>\n<p><span title=\"\">Vynikaj\u00faca replika konskej zbroje z kolekcie &#8222;Jazdeck\u00e9 brnenie&#8220; vyr\u00e1banej firmou MARTO<\/span><\/p>\n<p><span title=\"\">Osved\u010denie o akosti a p\u00f4vode.<\/span> <span title=\"\">Vyroben\u00e9 v Tolede.<\/span><\/p>\n","protected":false},"excerpt":{"rendered":"<p>Replika Rytiera.<\/p>\n","protected":false},"featured_media":163845,"comment_status":"open","ping_status":"closed","template":"","meta":[],"pwb-brand":[3397],"product_brand":[],"product_cat":[3386,3392],"product_tag":[],"class_list":{"0":"post-306708","1":"product","2":"type-product","3":"status-publish","4":"has-post-thumbnail","6":"pwb-brand-marto-sk","7":"product_cat-katany-a-mece-sk","8":"product_cat-mece-dyky-repliky-sk","10":"first","11":"instock","12":"taxable","13":"shipping-taxable","14":"purchasable","15":"product-type-simple"},"brands":[{"id":3397,"name":"Marto","slug":"marto-sk"}],"_links":{"self":[{"href":"https:\/\/www.moskito.cz\/sk\/wp-json\/wp\/v2\/product\/306708","targetHints":{"allow":["GET"]}}],"collection":[{"href":"https:\/\/www.moskito.cz\/sk\/wp-json\/wp\/v2\/product"}],"about":[{"href":"https:\/\/www.moskito.cz\/sk\/wp-json\/wp\/v2\/types\/product"}],"replies":[{"embeddable":true,"href":"https:\/\/www.moskito.cz\/sk\/wp-json\/wp\/v2\/comments?post=306708"}],"wp:featuredmedia":[{"embeddable":true,"href":"https:\/\/www.moskito.cz\/sk\/wp-json\/wp\/v2\/media\/163845"}],"wp:attachment":[{"href":"https:\/\/www.moskito.cz\/sk\/wp-json\/wp\/v2\/media?parent=306708"}],"wp:term":[{"taxonomy":"pwb-brand","embeddable":true,"href":"https:\/\/www.moskito.cz\/sk\/wp-json\/wp\/v2\/pwb-brand?post=306708"},{"taxonomy":"product_brand","embeddable":true,"href":"https:\/\/www.moskito.cz\/sk\/wp-json\/wp\/v2\/product_brand?post=306708"},{"taxonomy":"product_cat","embeddable":true,"href":"https:\/\/www.moskito.cz\/sk\/wp-json\/wp\/v2\/product_cat?post=306708"},{"taxonomy":"product_tag","embeddable":true,"href":"https:\/\/www.moskito.cz\/sk\/wp-json\/wp\/v2\/product_tag?post=306708"}],"curies":[{"name":"wp","href":"https:\/\/api.w.org\/{rel}","templated":true}]}}