{"id":306711,"date":"2019-05-04T13:47:45","date_gmt":"2024-02-06T07:27:01","guid":{"rendered":"https:\/\/www.moskito.cz\/produkt\/robin-hood-sword-silver-marto-ma754-1\/"},"modified":"2025-07-11T07:48:52","modified_gmt":"2025-07-11T06:48:52","slug":"robin-hood-sword-silver-marto-ma754-1","status":"publish","type":"product","link":"https:\/\/www.moskito.cz\/sk\/produkt\/robin-hood-sword-silver-marto-ma754-1\/","title":{"rendered":"Robin Hood Sword Silver Marto MA754.1"},"content":{"rendered":"<p><span class=\"tlid-translation translation\" lang=\"cs\">Robin Hood, &#8222;The King of the Woods&#8220;, p\u00edsec, ktor\u00fd na za\u010diatku 14. storo\u010dia prech\u00e1dzal Sherwoodsk\u00fdm lesom, sa narodil okolo roku 1290, syn Adama Hooda, lesn\u00e9ho str\u00e1\u017ecu v slu\u017ebe gr\u00f3fa de Warenne a Lord of Lord Wakefield.<\/p>\n<p>Robin sa stal popul\u00e1rnym hrdinom pre svoju obranu bezdomovcov; Me\u010d Robina Hooda v\u017edy sl\u00fa\u017eil chudobn\u00fdm. Bral bohatstvo mocn\u00fdch a rozdelil ich medzi chudobn\u00fdch; Okrem toho t\u00fdm, \u017ee si z tej doby urobil srandu z nepopul\u00e1rnych \u00faradov, z\u00edskal podporu utl\u00e1\u010dan\u00fdch ro\u013en\u00edkov.<\/p>\n<p>Dobrodru\u017estvo Robina Hooda v lesoch pokra\u010dovalo asi do roku 1346; Hovor\u00ed sa, \u017ee v tom roku zomrel v kl\u00e1\u0161tore Kirklees.<\/p>\n<p>Pr\u00edbeh kon\u010d\u00ed, ke\u010f Robin Hood, s me\u010dom v ruke, vstane naposledy, ne\u017e umrie vystrel\u00ed \u0161\u00edpku z okna svojej izby smerom k lesu a \u017eiada, aby bol pochovan\u00fd na mieste, kde sa \u0161\u00edp spadol. Aj dnes je mo\u017en\u00e9 vidie\u0165 miesto, ktor\u00e9 si Robin vybral ako hrobku.<\/p>\n<p>Robin Hood je romantick\u00fd pr\u00edbeh, ktor\u00fd je udr\u017eovan\u00fd na\u017eive a je rozpr\u00e1van\u00fd po dobu 600 rokov, \u010do vedie k s\u00e9rii v\u00fdtvorov m\u00fdtick\u00e9ho me\u010da Robina Hooda.<\/p>\n<p>Rukov\u00e4\u0165 v striebre s modr\u00fdm kontrastom a \u010depe\u013eou so \u0161peci\u00e1lnym leptan\u00edm v hlbokej \u010diernej kyseline.<br \/>\nCelkov\u00e1 d\u013a\u017eka: 123 cm<br \/>\n\u0160\u00edrka: 26 cm<br \/>\nHmotnos\u0165: 2,6 kg<\/p>\n<p>Vysoko kvalitn\u00fd me\u010d z exkluz\u00edvnej kolekcie &#8222;Deep Lept Swords&#8220; vyr\u00e1banej firmou MARTO.<\/p>\n<p>Osved\u010denie o p\u00f4vode a kvalite, vyroben\u00e9 v Tolede.<\/span><\/p>\n","protected":false},"excerpt":{"rendered":"<p>Me\u010d Robin Hood.<\/p>\n","protected":false},"featured_media":163840,"comment_status":"open","ping_status":"closed","template":"","meta":[],"pwb-brand":[3397],"product_brand":[],"product_cat":[3386,3392],"product_tag":[],"class_list":{"0":"post-306711","1":"product","2":"type-product","3":"status-publish","4":"has-post-thumbnail","6":"pwb-brand-marto-sk","7":"product_cat-katany-a-mece-sk","8":"product_cat-mece-dyky-repliky-sk","10":"first","11":"instock","12":"taxable","13":"shipping-taxable","14":"purchasable","15":"product-type-simple"},"brands":[{"id":3397,"name":"Marto","slug":"marto-sk"}],"_links":{"self":[{"href":"https:\/\/www.moskito.cz\/sk\/wp-json\/wp\/v2\/product\/306711","targetHints":{"allow":["GET"]}}],"collection":[{"href":"https:\/\/www.moskito.cz\/sk\/wp-json\/wp\/v2\/product"}],"about":[{"href":"https:\/\/www.moskito.cz\/sk\/wp-json\/wp\/v2\/types\/product"}],"replies":[{"embeddable":true,"href":"https:\/\/www.moskito.cz\/sk\/wp-json\/wp\/v2\/comments?post=306711"}],"wp:featuredmedia":[{"embeddable":true,"href":"https:\/\/www.moskito.cz\/sk\/wp-json\/wp\/v2\/media\/163840"}],"wp:attachment":[{"href":"https:\/\/www.moskito.cz\/sk\/wp-json\/wp\/v2\/media?parent=306711"}],"wp:term":[{"taxonomy":"pwb-brand","embeddable":true,"href":"https:\/\/www.moskito.cz\/sk\/wp-json\/wp\/v2\/pwb-brand?post=306711"},{"taxonomy":"product_brand","embeddable":true,"href":"https:\/\/www.moskito.cz\/sk\/wp-json\/wp\/v2\/product_brand?post=306711"},{"taxonomy":"product_cat","embeddable":true,"href":"https:\/\/www.moskito.cz\/sk\/wp-json\/wp\/v2\/product_cat?post=306711"},{"taxonomy":"product_tag","embeddable":true,"href":"https:\/\/www.moskito.cz\/sk\/wp-json\/wp\/v2\/product_tag?post=306711"}],"curies":[{"name":"wp","href":"https:\/\/api.w.org\/{rel}","templated":true}]}}