{"id":306719,"date":"2019-04-23T19:52:42","date_gmt":"2024-02-06T07:27:04","guid":{"rendered":"https:\/\/www.moskito.cz\/produkt\/zatvaraci-noz-crkt-5015q\/"},"modified":"2025-07-11T07:48:51","modified_gmt":"2025-07-11T06:48:51","slug":"zatvaraci-noz-crkt-5015q","status":"publish","type":"product","link":"https:\/\/www.moskito.cz\/sk\/produkt\/zatvaraci-noz-crkt-5015q\/","title":{"rendered":"Zatv\u00e1rac\u00ed N\u00f4\u017e CRKT 5015Q"},"content":{"rendered":"<p>Zatv\u00e1rac\u00ed N\u00f4\u017e CRKT 5015Q.<\/p>\n<p>Americk\u00e1 firma CRKT bola zalo\u017een\u00e1 v roku 1994. Odvtedy firma dok\u00e1zala, \u017ee s\u00fa jej no\u017ee kvalitn\u00e9 a spo\u013eahliv\u00e9. Okrem toho spolupracuje so svetozn\u00e1mymi no\u017eiarmi ako s\u00fa Kit Carson, Jim Hammond, Ed Halligen, Pat a Wes Crawford a \u010fal\u0161ie.<\/p>\n<p>Zatv\u00e1rac\u00ed n\u00f4\u017e s asistovan\u00fdm otv\u00e1ran\u00edm CRKT Van Hoy on Fire m\u00e1 hlin\u00edkov\u00fa rukov\u00e4\u0165 s poistkou. \u010cepe\u013e je z ocele AUS 8 s tvrdos\u0165ou 56-58 HRC. N\u00f4\u017e m\u00e1 klip.<\/p>\n<p>D\u013a\u017eka \u010depele: 6cm.D\u013a\u017eka no\u017ea: 16cm<\/p>\n<p>&nbsp;<\/p>\n<p>&nbsp;<\/p>\n","protected":false},"excerpt":{"rendered":"<p>Zatv\u00e1rac\u00ed n\u00f4\u017e s poistkou.<\/p>\n","protected":false},"featured_media":163722,"comment_status":"open","ping_status":"closed","template":"","meta":[],"pwb-brand":[3249],"product_brand":[],"product_cat":[3186,3233],"product_tag":[3668],"class_list":{"0":"post-306719","1":"product","2":"type-product","3":"status-publish","4":"has-post-thumbnail","6":"pwb-brand-zatvaraci-noz-crkt-delilahs-p-e-c-k-5520","7":"product_cat-noze-sk","8":"product_cat-zatvaracie-noze","9":"product_tag-b2b-sk","11":"first","12":"instock","13":"taxable","14":"shipping-taxable","15":"purchasable","16":"product-type-simple"},"brands":[{"id":3249,"name":"Zatv\u00e1rac\u00ed N\u00f4\u017e CRKT DELILAH'S P.E.C.K. 5520","slug":"zatvaraci-noz-crkt-delilahs-p-e-c-k-5520"}],"_links":{"self":[{"href":"https:\/\/www.moskito.cz\/sk\/wp-json\/wp\/v2\/product\/306719","targetHints":{"allow":["GET"]}}],"collection":[{"href":"https:\/\/www.moskito.cz\/sk\/wp-json\/wp\/v2\/product"}],"about":[{"href":"https:\/\/www.moskito.cz\/sk\/wp-json\/wp\/v2\/types\/product"}],"replies":[{"embeddable":true,"href":"https:\/\/www.moskito.cz\/sk\/wp-json\/wp\/v2\/comments?post=306719"}],"wp:featuredmedia":[{"embeddable":true,"href":"https:\/\/www.moskito.cz\/sk\/wp-json\/wp\/v2\/media\/163722"}],"wp:attachment":[{"href":"https:\/\/www.moskito.cz\/sk\/wp-json\/wp\/v2\/media?parent=306719"}],"wp:term":[{"taxonomy":"pwb-brand","embeddable":true,"href":"https:\/\/www.moskito.cz\/sk\/wp-json\/wp\/v2\/pwb-brand?post=306719"},{"taxonomy":"product_brand","embeddable":true,"href":"https:\/\/www.moskito.cz\/sk\/wp-json\/wp\/v2\/product_brand?post=306719"},{"taxonomy":"product_cat","embeddable":true,"href":"https:\/\/www.moskito.cz\/sk\/wp-json\/wp\/v2\/product_cat?post=306719"},{"taxonomy":"product_tag","embeddable":true,"href":"https:\/\/www.moskito.cz\/sk\/wp-json\/wp\/v2\/product_tag?post=306719"}],"curies":[{"name":"wp","href":"https:\/\/api.w.org\/{rel}","templated":true}]}}