{"id":306724,"date":"2019-05-04T18:43:03","date_gmt":"2024-02-06T07:27:05","guid":{"rendered":"https:\/\/www.moskito.cz\/produkt\/potapacsky-noz-ocean-master-qt500-saw-a\/"},"modified":"2025-07-11T07:48:54","modified_gmt":"2025-07-11T06:48:54","slug":"potapacsky-noz-ocean-master-qt500-saw-a","status":"publish","type":"product","link":"https:\/\/www.moskito.cz\/sk\/produkt\/potapacsky-noz-ocean-master-qt500-saw-a\/","title":{"rendered":"Pot\u00e1pa\u010dsk\u00fd n\u00f4\u017e Ocean Master QT500 SAW-A"},"content":{"rendered":"<p>Pot\u00e1pa\u010dsk\u00fd n\u00f4\u017e Ocean Master QT500 SAW-A.<\/p>\n<p><span class=\"tlid-translation translation\" lang=\"cs\"><span class=\"\" title=\"\">Nov\u00fd oce\u00e1nsky majster Beta Titanium.<\/span><\/span><\/p>\n<p>Celokv\u00e1 d\u013a\u017eka no\u017ea: 25 cm<\/p>\n<p>D\u013a\u017eka \u010depele: 12.5 cm<\/p>\n<p>Plastov\u00e9 p\u00fazdro s popruhmi<\/p>\n<p>&nbsp;<\/p>\n<p>&nbsp;<\/p>\n<p>&nbsp;<\/p>\n","protected":false},"excerpt":{"rendered":"<p>Pot\u00e1pa\u010dsk\u00fd n\u00f4\u017e s puzdrom.<\/p>\n","protected":false},"featured_media":163875,"comment_status":"open","ping_status":"closed","template":"","meta":[],"pwb-brand":[3464],"product_brand":[],"product_cat":[3186,3187],"product_tag":[],"class_list":{"0":"post-306724","1":"product","2":"type-product","3":"status-publish","4":"has-post-thumbnail","6":"pwb-brand-ocean-master-sk","7":"product_cat-noze-sk","8":"product_cat-pevne-noze-sk","10":"first","11":"instock","12":"taxable","13":"shipping-taxable","14":"purchasable","15":"product-type-simple"},"brands":[{"id":3464,"name":"Ocean Master","slug":"ocean-master-sk"}],"_links":{"self":[{"href":"https:\/\/www.moskito.cz\/sk\/wp-json\/wp\/v2\/product\/306724","targetHints":{"allow":["GET"]}}],"collection":[{"href":"https:\/\/www.moskito.cz\/sk\/wp-json\/wp\/v2\/product"}],"about":[{"href":"https:\/\/www.moskito.cz\/sk\/wp-json\/wp\/v2\/types\/product"}],"replies":[{"embeddable":true,"href":"https:\/\/www.moskito.cz\/sk\/wp-json\/wp\/v2\/comments?post=306724"}],"wp:featuredmedia":[{"embeddable":true,"href":"https:\/\/www.moskito.cz\/sk\/wp-json\/wp\/v2\/media\/163875"}],"wp:attachment":[{"href":"https:\/\/www.moskito.cz\/sk\/wp-json\/wp\/v2\/media?parent=306724"}],"wp:term":[{"taxonomy":"pwb-brand","embeddable":true,"href":"https:\/\/www.moskito.cz\/sk\/wp-json\/wp\/v2\/pwb-brand?post=306724"},{"taxonomy":"product_brand","embeddable":true,"href":"https:\/\/www.moskito.cz\/sk\/wp-json\/wp\/v2\/product_brand?post=306724"},{"taxonomy":"product_cat","embeddable":true,"href":"https:\/\/www.moskito.cz\/sk\/wp-json\/wp\/v2\/product_cat?post=306724"},{"taxonomy":"product_tag","embeddable":true,"href":"https:\/\/www.moskito.cz\/sk\/wp-json\/wp\/v2\/product_tag?post=306724"}],"curies":[{"name":"wp","href":"https:\/\/api.w.org\/{rel}","templated":true}]}}