{"id":306727,"date":"2019-05-04T15:21:39","date_gmt":"2024-02-06T07:27:07","guid":{"rendered":"https:\/\/www.moskito.cz\/produkt\/templarsky-stit-marto-965-2\/"},"modified":"2025-07-11T07:48:53","modified_gmt":"2025-07-11T06:48:53","slug":"templarsky-stit-marto-965-2","status":"publish","type":"product","link":"https:\/\/www.moskito.cz\/sk\/produkt\/templarsky-stit-marto-965-2\/","title":{"rendered":"Templ\u00e1rsky \u0161t\u00edt Marto 965.2"},"content":{"rendered":"<p>Templ\u00e1rsky \u0161t\u00edt Marto 965.2.<\/p>\n<p><span class=\"tlid-translation translation\" lang=\"cs\"><span class=\"\" title=\"\">Kovov\u00fd \u0161t\u00edt kolekcie &#8222;Historick\u00e9 \u0161t\u00edty&#8220;,<\/span><\/span><\/p>\n<p><span title=\"\">Ve\u013ekos\u0165: 89&#215;44 cm<\/span><br \/>\n<span class=\"\" title=\"\">\u0160t\u00edt z mosadze s dizajnom kr\u00ed\u017ea r\u00e1du chr\u00e1mu.<\/span><br \/>\n<span title=\"\">Zdoben\u00e9 vo v\u0161etk\u00fdch jej obrysoch s mosadzn\u00fdmi ornamentami.<\/span><\/p>\n<p><span title=\"\">Vynikaj\u00faci \u0161t\u00edt exkluz\u00edvnej kolekcie &#8222;Historick\u00e9 \u0161t\u00edty&#8220; vyr\u00e1banej Marto.<\/span><\/p>\n<p><span title=\"\">Osved\u010denie o akosti a p\u00f4vode.<\/span> <span title=\"\">Vyroben\u00e9 v Tolede.<\/span><\/p>\n","protected":false},"excerpt":{"rendered":"<p>Templ\u00e1rsky \u0161t\u00edt.<\/p>\n","protected":false},"featured_media":163851,"comment_status":"open","ping_status":"closed","template":"","meta":[],"pwb-brand":[3397],"product_brand":[],"product_cat":[3386,3392],"product_tag":[],"class_list":{"0":"post-306727","1":"product","2":"type-product","3":"status-publish","4":"has-post-thumbnail","6":"pwb-brand-marto-sk","7":"product_cat-katany-a-mece-sk","8":"product_cat-mece-dyky-repliky-sk","10":"first","11":"instock","12":"taxable","13":"shipping-taxable","14":"purchasable","15":"product-type-simple"},"brands":[{"id":3397,"name":"Marto","slug":"marto-sk"}],"_links":{"self":[{"href":"https:\/\/www.moskito.cz\/sk\/wp-json\/wp\/v2\/product\/306727","targetHints":{"allow":["GET"]}}],"collection":[{"href":"https:\/\/www.moskito.cz\/sk\/wp-json\/wp\/v2\/product"}],"about":[{"href":"https:\/\/www.moskito.cz\/sk\/wp-json\/wp\/v2\/types\/product"}],"replies":[{"embeddable":true,"href":"https:\/\/www.moskito.cz\/sk\/wp-json\/wp\/v2\/comments?post=306727"}],"wp:featuredmedia":[{"embeddable":true,"href":"https:\/\/www.moskito.cz\/sk\/wp-json\/wp\/v2\/media\/163851"}],"wp:attachment":[{"href":"https:\/\/www.moskito.cz\/sk\/wp-json\/wp\/v2\/media?parent=306727"}],"wp:term":[{"taxonomy":"pwb-brand","embeddable":true,"href":"https:\/\/www.moskito.cz\/sk\/wp-json\/wp\/v2\/pwb-brand?post=306727"},{"taxonomy":"product_brand","embeddable":true,"href":"https:\/\/www.moskito.cz\/sk\/wp-json\/wp\/v2\/product_brand?post=306727"},{"taxonomy":"product_cat","embeddable":true,"href":"https:\/\/www.moskito.cz\/sk\/wp-json\/wp\/v2\/product_cat?post=306727"},{"taxonomy":"product_tag","embeddable":true,"href":"https:\/\/www.moskito.cz\/sk\/wp-json\/wp\/v2\/product_tag?post=306727"}],"curies":[{"name":"wp","href":"https:\/\/api.w.org\/{rel}","templated":true}]}}