{"id":306734,"date":"2019-05-04T18:09:15","date_gmt":"2024-02-06T07:27:09","guid":{"rendered":"https:\/\/www.moskito.cz\/produkt\/legacy-ii-fighter-hibben-gh5039\/"},"modified":"2025-07-11T07:48:54","modified_gmt":"2025-07-11T06:48:54","slug":"legacy-ii-fighter-hibben-gh5039","status":"publish","type":"product","link":"https:\/\/www.moskito.cz\/sk\/produkt\/legacy-ii-fighter-hibben-gh5039\/","title":{"rendered":"Legacy II Fighter Hibben GH5039"},"content":{"rendered":"<p>Legacy II Fighter Hibben GH5039.<\/p>\n<p>Celkov\u00e1 d\u013a\u017eka: 34 cm<br \/>\nD\u013a\u017eka \u010depele: 20 cm<br \/>\nOce\u013e: 7Cr17MoV nerez<br \/>\nRukov\u00e4\u0165: pakkawood<br \/>\nPuzdro: \u010dierne ko\u017een\u00e9<\/p>\n<p><span class=\"tlid-translation translation\" lang=\"cs\"><span title=\"\">Gil a Wesley Hibben sa op\u00e4\u0165 spojili, aby navrhli najnov\u0161ie majstrovsk\u00e9 dielo, ktor\u00e9 by nieslo meno Hibben.<\/span> <span title=\"\">Tento spolo\u010dn\u00fd Legacy II Hibben Fighter prin\u00e1\u0161a viac ako 75 rokov sk\u00fasenost\u00ed s kombin\u00e1ciou no\u017eov a vytv\u00e1ra inovat\u00edvnu v\u00edziu a pokra\u010duje v py\u0161nom odkaze Hibben.<\/span> <\/span><\/p>\n","protected":false},"excerpt":{"rendered":"<p>Pevn\u00fd n\u00f4\u017e s puzdrom.<\/p>\n","protected":false},"featured_media":163865,"comment_status":"open","ping_status":"closed","template":"","meta":[],"pwb-brand":[3469],"product_brand":[],"product_cat":[3186,3187],"product_tag":[],"class_list":{"0":"post-306734","1":"product","2":"type-product","3":"status-publish","4":"has-post-thumbnail","6":"pwb-brand-hibben-sk","7":"product_cat-noze-sk","8":"product_cat-pevne-noze-sk","10":"first","11":"outofstock","12":"taxable","13":"shipping-taxable","14":"purchasable","15":"product-type-simple"},"brands":[{"id":3469,"name":"Hibben","slug":"hibben-sk"}],"_links":{"self":[{"href":"https:\/\/www.moskito.cz\/sk\/wp-json\/wp\/v2\/product\/306734","targetHints":{"allow":["GET"]}}],"collection":[{"href":"https:\/\/www.moskito.cz\/sk\/wp-json\/wp\/v2\/product"}],"about":[{"href":"https:\/\/www.moskito.cz\/sk\/wp-json\/wp\/v2\/types\/product"}],"replies":[{"embeddable":true,"href":"https:\/\/www.moskito.cz\/sk\/wp-json\/wp\/v2\/comments?post=306734"}],"wp:featuredmedia":[{"embeddable":true,"href":"https:\/\/www.moskito.cz\/sk\/wp-json\/wp\/v2\/media\/163865"}],"wp:attachment":[{"href":"https:\/\/www.moskito.cz\/sk\/wp-json\/wp\/v2\/media?parent=306734"}],"wp:term":[{"taxonomy":"pwb-brand","embeddable":true,"href":"https:\/\/www.moskito.cz\/sk\/wp-json\/wp\/v2\/pwb-brand?post=306734"},{"taxonomy":"product_brand","embeddable":true,"href":"https:\/\/www.moskito.cz\/sk\/wp-json\/wp\/v2\/product_brand?post=306734"},{"taxonomy":"product_cat","embeddable":true,"href":"https:\/\/www.moskito.cz\/sk\/wp-json\/wp\/v2\/product_cat?post=306734"},{"taxonomy":"product_tag","embeddable":true,"href":"https:\/\/www.moskito.cz\/sk\/wp-json\/wp\/v2\/product_tag?post=306734"}],"curies":[{"name":"wp","href":"https:\/\/api.w.org\/{rel}","templated":true}]}}