{"id":306735,"date":"2019-05-03T19:11:10","date_gmt":"2024-02-06T07:27:09","guid":{"rendered":"https:\/\/www.moskito.cz\/produkt\/zwilling-ocielka-z-chromovanej-ocele-s-drazkami-23-cm\/"},"modified":"2025-07-11T07:48:51","modified_gmt":"2025-07-11T06:48:51","slug":"zwilling-ocielka-z-chromovanej-ocele-s-drazkami-23-cm","status":"publish","type":"product","link":"https:\/\/www.moskito.cz\/sk\/produkt\/zwilling-ocielka-z-chromovanej-ocele-s-drazkami-23-cm\/","title":{"rendered":"Zwilling Ocie\u013eka z chr\u00f3movanej ocele s dr\u00e1\u017ekami 23 cm"},"content":{"rendered":"<p>Zwilling Ocie\u013eka z chr\u00f3movanej ocele s dr\u00e1\u017ekami 23 cm .<\/p>\n<p>Zwilling 32576-231 ocie\u013eka (23cm) Ocie\u013eka ZWILLING 32576-231 s d\u013a\u017ekou br\u00fasnej \u010dasti 23cm s ryhovan\u00fdm povrchom zaist\u00ed jednoduch\u00e9 br\u00fasenie va\u0161ich no\u017eov. M\u00e1 pochr\u00f3movan\u00fd pl\u00e1\u0161\u0165. Rukov\u00e4\u0165 sa ne\u0161m\u00fdka a jej ov\u00e1lny tvar dobre padne do ruky. V hornej \u010dasti m\u00e1 praktick\u00fd otvor na zavesenie.<\/p>\n","protected":false},"excerpt":{"rendered":"<p>Ocie\u013eka.<\/p>\n","protected":false},"featured_media":0,"comment_status":"open","ping_status":"closed","template":"","meta":[],"pwb-brand":[3472],"product_brand":[],"product_cat":[3193,3473],"product_tag":[],"class_list":{"0":"post-306735","1":"product","2":"type-product","3":"status-publish","5":"pwb-brand-zwilling-sk","6":"product_cat-kuchynske-noze-sk","7":"product_cat-zwilling-sk","9":"first","10":"instock","11":"taxable","12":"shipping-taxable","13":"purchasable","14":"product-type-simple"},"brands":[{"id":3472,"name":"Zwilling","slug":"zwilling-sk"}],"_links":{"self":[{"href":"https:\/\/www.moskito.cz\/sk\/wp-json\/wp\/v2\/product\/306735","targetHints":{"allow":["GET"]}}],"collection":[{"href":"https:\/\/www.moskito.cz\/sk\/wp-json\/wp\/v2\/product"}],"about":[{"href":"https:\/\/www.moskito.cz\/sk\/wp-json\/wp\/v2\/types\/product"}],"replies":[{"embeddable":true,"href":"https:\/\/www.moskito.cz\/sk\/wp-json\/wp\/v2\/comments?post=306735"}],"wp:attachment":[{"href":"https:\/\/www.moskito.cz\/sk\/wp-json\/wp\/v2\/media?parent=306735"}],"wp:term":[{"taxonomy":"pwb-brand","embeddable":true,"href":"https:\/\/www.moskito.cz\/sk\/wp-json\/wp\/v2\/pwb-brand?post=306735"},{"taxonomy":"product_brand","embeddable":true,"href":"https:\/\/www.moskito.cz\/sk\/wp-json\/wp\/v2\/product_brand?post=306735"},{"taxonomy":"product_cat","embeddable":true,"href":"https:\/\/www.moskito.cz\/sk\/wp-json\/wp\/v2\/product_cat?post=306735"},{"taxonomy":"product_tag","embeddable":true,"href":"https:\/\/www.moskito.cz\/sk\/wp-json\/wp\/v2\/product_tag?post=306735"}],"curies":[{"name":"wp","href":"https:\/\/api.w.org\/{rel}","templated":true}]}}