{"id":306748,"date":"2019-05-05T13:11:18","date_gmt":"2024-02-06T07:27:56","guid":{"rendered":"https:\/\/www.moskito.cz\/produkt\/meyerco-randall-king-tsavo-mc3217\/"},"modified":"2025-07-11T07:48:55","modified_gmt":"2025-07-11T06:48:55","slug":"meyerco-randall-king-tsavo-mc3217","status":"publish","type":"product","link":"https:\/\/www.moskito.cz\/sk\/produkt\/meyerco-randall-king-tsavo-mc3217\/","title":{"rendered":"Meyerco Randall King Tsavo MC3217"},"content":{"rendered":"<p>Meyerco Randall King Tsavo MC3217.<\/p>\n<p><span class=\"tlid-translation translation\" lang=\"cs\"><span class=\"\" title=\"\">Meyerco Tsavo Assisted zatv\u00e1rac\u00ed n\u00f4\u017e od Randalla Kinga.<\/span> <span class=\"\" title=\"\">Vyzna\u010duje sa \u010depe\u013eou Tsavo Lion&#8217;s Claw s dvoma samostatn\u00fdmi uhlami br\u00fasenia.<\/span> <span title=\"\">\u010cepe\u013e AUS8 z u\u0161\u013eachtilej ocele s \u010diernou povrchovou \u00fapravou.<\/span> <span title=\"\">Rukov\u00e4\u0165 m\u00e1 tie\u017e otvor na r\u00fdchlu demont\u00e1\u017e.<\/span><br \/>\n<span title=\"\">\u0160pecifik\u00e1cia:<\/span><br \/>\n<span title=\"\">Celkov\u00e1 d\u013a\u017eka: 19 cm<\/span><br \/>\n<span title=\"\">D\u013a\u017eka \u010depele: 8 cm<\/span><br \/>\n<\/span><\/p>\n","protected":false},"excerpt":{"rendered":"<p>Zatv\u00e1rac\u00ed n\u00f4\u017e s poistkou.<\/p>\n","protected":false},"featured_media":163886,"comment_status":"open","ping_status":"closed","template":"","meta":[],"pwb-brand":[3480],"product_brand":[],"product_cat":[3186,3233],"product_tag":[],"class_list":{"0":"post-306748","1":"product","2":"type-product","3":"status-publish","4":"has-post-thumbnail","6":"pwb-brand-meyerco-sk","7":"product_cat-noze-sk","8":"product_cat-zatvaracie-noze","10":"first","11":"instock","12":"taxable","13":"shipping-taxable","14":"purchasable","15":"product-type-simple"},"brands":[{"id":3480,"name":"Meyerco","slug":"meyerco-sk"}],"_links":{"self":[{"href":"https:\/\/www.moskito.cz\/sk\/wp-json\/wp\/v2\/product\/306748","targetHints":{"allow":["GET"]}}],"collection":[{"href":"https:\/\/www.moskito.cz\/sk\/wp-json\/wp\/v2\/product"}],"about":[{"href":"https:\/\/www.moskito.cz\/sk\/wp-json\/wp\/v2\/types\/product"}],"replies":[{"embeddable":true,"href":"https:\/\/www.moskito.cz\/sk\/wp-json\/wp\/v2\/comments?post=306748"}],"wp:featuredmedia":[{"embeddable":true,"href":"https:\/\/www.moskito.cz\/sk\/wp-json\/wp\/v2\/media\/163886"}],"wp:attachment":[{"href":"https:\/\/www.moskito.cz\/sk\/wp-json\/wp\/v2\/media?parent=306748"}],"wp:term":[{"taxonomy":"pwb-brand","embeddable":true,"href":"https:\/\/www.moskito.cz\/sk\/wp-json\/wp\/v2\/pwb-brand?post=306748"},{"taxonomy":"product_brand","embeddable":true,"href":"https:\/\/www.moskito.cz\/sk\/wp-json\/wp\/v2\/product_brand?post=306748"},{"taxonomy":"product_cat","embeddable":true,"href":"https:\/\/www.moskito.cz\/sk\/wp-json\/wp\/v2\/product_cat?post=306748"},{"taxonomy":"product_tag","embeddable":true,"href":"https:\/\/www.moskito.cz\/sk\/wp-json\/wp\/v2\/product_tag?post=306748"}],"curies":[{"name":"wp","href":"https:\/\/api.w.org\/{rel}","templated":true}]}}